{"id":1226,"date":"2022-09-08T11:50:09","date_gmt":"2022-09-08T09:50:09","guid":{"rendered":"https:\/\/kaboomhotel.nl\/douwe-egberts-cafe-maastricht\/"},"modified":"2023-12-12T13:14:54","modified_gmt":"2023-12-12T12:14:54","slug":"douwe-egberts-cafe-maastricht","status":"publish","type":"page","link":"https:\/\/kaboomhotel.nl\/de\/essen-trinken\/douwe-egberts-cafe-maastricht\/","title":{"rendered":"Douwe Egberts Caf\u00e9"},"content":{"rendered":"\n\t<section class=\"section\" id=\"section_1250169522\">\n\t\t<div class=\"section-bg fill\" >\n\t\t\t\t\t\t\t\t\t\n\t\t\t\n\n\t\t<\/div>\n\n\t\t\n\n\t\t<div class=\"section-content relative\">\n\t\t\t\r\n\r\n\n  <div class=\"banner has-hover hide-for-small\" id=\"banner-1893186065\">\n          <div class=\"banner-inner fill\">\n        <div class=\"banner-bg fill\" >\n            <img decoding=\"async\" width=\"1448\" height=\"600\" src=\"https:\/\/kaboomhotel.nl\/wp-content\/uploads\/2022\/09\/Kaboom-wallpaper.jpg\" class=\"bg attachment-original size-original\" alt=\"Designmotiv verwendet in Hotelzimmer in blau | Kaboom-Hotel\" \/>                        <div class=\"overlay\"><\/div>            \n                    <\/div>\n\t\t\n        <div class=\"banner-layers container\">\n            <div class=\"fill banner-link\"><\/div>            \r\n\r\n        <\/div>\n      <\/div>\n\n            \n<style>\n#banner-1893186065 {\n  padding-top: 100px;\n}\n#banner-1893186065 .overlay {\n  background-color: rgba(255, 255, 255, 0.703);\n}\n#banner-1893186065 .banner-bg img {\n  object-position: 48% 47%;\n}\n@media (min-width:550px) {\n  #banner-1893186065 {\n    padding-top: 100px;\n  }\n}\n<\/style>\n  <\/div>\n\n\r\n\n  <div class=\"banner has-hover show-for-small\" id=\"banner-57380237\">\n          <div class=\"banner-inner fill\">\n        <div class=\"banner-bg fill\" >\n            <img decoding=\"async\" width=\"678\" height=\"221\" src=\"https:\/\/kaboomhotel.nl\/wp-content\/uploads\/2022\/10\/Kaboom-wallpaper-mobile.jpg\" class=\"bg attachment-original size-original\" alt=\"Designmotiv an Hotelw\u00e4nden in Blau | Kaboom-Hotel\" \/>                        <div class=\"overlay\"><\/div>            \n                    <\/div>\n\t\t\n        <div class=\"banner-layers container\">\n            <div class=\"fill banner-link\"><\/div>            \r\n\r\n        <\/div>\n      <\/div>\n\n            \n<style>\n#banner-57380237 {\n  padding-top: 100px;\n}\n#banner-57380237 .overlay {\n  background-color: rgba(255, 255, 255, 0.703);\n}\n#banner-57380237 .banner-bg img {\n  object-position: 48% 47%;\n}\n@media (min-width:550px) {\n  #banner-57380237 {\n    padding-top: 100px;\n  }\n}\n<\/style>\n  <\/div>\n\n\r\n\r\n\t\t<\/div>\n\n\t\t\n<style>\n#section_1250169522 {\n  padding-top: 0px;\n  padding-bottom: 0px;\n}\n<\/style>\n\t<\/section>\n\t\n\n\t<section class=\"section\" id=\"section_506578784\">\n\t\t<div class=\"section-bg fill\" >\n\t\t\t\t\t\t\t\t\t<div class=\"section-bg-overlay absolute fill\"><\/div>\n\t\t\t\n\n\t\t<\/div>\n\n\t\t\n\n\t\t<div class=\"section-content relative\">\n\t\t\t\n<div class=\"row row-collapse align-equal\"  id=\"row-813053101\">\n\n\t<div id=\"col-1120848537\" class=\"col small-12 large-12\"  >\n\t\t\t\t<div class=\"col-inner\"  >\n\t\t\t\n\t\t\t\n<div class=\"container section-title-container\" ><h1 class=\"section-title section-title-center\"><b><\/b><span class=\"section-title-main\" >Douwe Egberts Cafe Maastricht<\/span><b><\/b><\/h1><\/div>\n<nav aria-label=\"breadcrumbs\" class=\"rank-math-breadcrumb\"><p><span class=\"last\">Home<\/span><\/p><\/nav>\n\t\t<\/div>\n\t\t\t\t\n<style>\n#col-1120848537 > .col-inner {\n  padding: 0px 0px 0px 0px;\n}\n<\/style>\n\t<\/div>\n\n\t\n\n<style>\n#row-813053101 > .col > .col-inner {\n  padding: 0px 20px 0px 20px;\n  background-color: rgb(255, 255, 255);\n}\n@media (min-width:550px) {\n  #row-813053101 > .col > .col-inner {\n    padding: 35px 50px 20px 50px;\n  }\n}\n<\/style>\n<\/div>\n<div class=\"row\"  id=\"row-1331232925\">\n\n\t<div id=\"col-2000499589\" class=\"col medium-6 small-12 large-6\"  >\n\t\t\t\t<div class=\"col-inner text-left\"  >\n\t\t\t\n\t\t\t\n<p>Das Douwe Egberts-Caf\u00e9 liegt an der Ecke der Stationstraat in Wyck. Direkt gegen\u00fcber dem Maastrichter Hauptbahnhof und fast direkt neben dem Kaboom Hotel.<\/p>\n<p>Wir wagen also zu behaupten, dass dies unser zweites Wohnzimmer ist. Sobald man den Fu\u00df \u00fcber die Schwelle setzt, ist man zu Hause. Der ultimative Ort, um Pl\u00e4ne f\u00fcr den Rest des Tages zu schmieden. Nat\u00fcrlich bei einer sch\u00f6nen Tasse Kaffee, hausgemachtem Geb\u00e4ck, einem sp\u00e4ten Fr\u00fchst\u00fcck oder einem leckeren Mittagessen. Sie bekommen dort alles!<\/p>\n\t\t<\/div>\n\t\t\t\t\n<style>\n#col-2000499589 > .col-inner {\n  margin: 30px 0px 0px 0px;\n}\n<\/style>\n\t<\/div>\n\n\t\n\n\t<div id=\"col-1342044735\" class=\"col medium-6 small-12 large-6 small-col-first\"  >\n\t\t\t\t<div class=\"col-inner text-center\"  >\n\t\t\t\n\t\t\t\n<div class=\"slider-wrapper relative\" id=\"slider-535526725\" >\n    <div class=\"slider slider-nav-circle slider-nav-large slider-nav-light slider-style-normal slider-show-nav\"\n        data-flickity-options='{\n            \"cellAlign\": \"center\",\n            \"imagesLoaded\": true,\n            \"lazyLoad\": 1,\n            \"freeScroll\": true,\n            \"wrapAround\": true,\n            \"autoPlay\": 6000,\n            \"pauseAutoPlayOnHover\" : true,\n            \"prevNextButtons\": true,\n            \"contain\" : true,\n            \"adaptiveHeight\" : true,\n            \"dragThreshold\" : 10,\n            \"percentPosition\": true,\n            \"pageDots\": false,\n            \"rightToLeft\": false,\n            \"draggable\": true,\n            \"selectedAttraction\": 0.1,\n            \"parallax\" : 0,\n            \"friction\": 0.6        }'\n        >\n        \n\t<div class=\"img has-hover x md-x lg-x y md-y lg-y\" id=\"image_98736579\">\n\t\t\t\t\t\t\t\t<div class=\"img-inner box-shadow-3 dark\" >\n\t\t\t<img decoding=\"async\" width=\"800\" height=\"600\" src=\"https:\/\/kaboomhotel.nl\/wp-content\/uploads\/2022\/10\/douwe-egberts-cafe-maastricht-4-1.jpg\" class=\"attachment-original size-original\" alt=\"Barista hinter der Kaffeetheke | Kaboom-Hotel\" srcset=\"https:\/\/kaboomhotel.nl\/wp-content\/uploads\/2022\/10\/douwe-egberts-cafe-maastricht-4-1.jpg 800w, https:\/\/kaboomhotel.nl\/wp-content\/uploads\/2022\/10\/douwe-egberts-cafe-maastricht-4-1-300x225.jpg 300w, https:\/\/kaboomhotel.nl\/wp-content\/uploads\/2022\/10\/douwe-egberts-cafe-maastricht-4-1-768x576.jpg 768w\" sizes=\"(max-width: 800px) 100vw, 800px\" \/>\t\t\t\t\t\t\n\t\t\t\t\t<\/div>\n\t\t\t\t\t\t\t\t\n<style>\n#image_98736579 {\n  width: 100%;\n}\n<\/style>\n\t<\/div>\n\t\n\t<div class=\"img has-hover x md-x lg-x y md-y lg-y\" id=\"image_1485984046\">\n\t\t\t\t\t\t\t\t<div class=\"img-inner box-shadow-3 dark\" >\n\t\t\t<img decoding=\"async\" width=\"800\" height=\"600\" src=\"https:\/\/kaboomhotel.nl\/wp-content\/uploads\/2022\/10\/douwe-egbert-cafe-maastricht.jpg\" class=\"attachment-original size-original\" alt=\"Innenraum von Douwe Egbert Caf\u00e9 Maastricht | Kaboom-Hotel\" srcset=\"https:\/\/kaboomhotel.nl\/wp-content\/uploads\/2022\/10\/douwe-egbert-cafe-maastricht.jpg 800w, https:\/\/kaboomhotel.nl\/wp-content\/uploads\/2022\/10\/douwe-egbert-cafe-maastricht-300x225.jpg 300w, https:\/\/kaboomhotel.nl\/wp-content\/uploads\/2022\/10\/douwe-egbert-cafe-maastricht-768x576.jpg 768w\" sizes=\"(max-width: 800px) 100vw, 800px\" \/>\t\t\t\t\t\t\n\t\t\t\t\t<\/div>\n\t\t\t\t\t\t\t\t\n<style>\n#image_1485984046 {\n  width: 100%;\n}\n<\/style>\n\t<\/div>\n\t\n\t<div class=\"img has-hover x md-x lg-x y md-y lg-y\" id=\"image_1606031035\">\n\t\t\t\t\t\t\t\t<div class=\"img-inner box-shadow-3 dark\" >\n\t\t\t<img decoding=\"async\" width=\"800\" height=\"600\" src=\"https:\/\/kaboomhotel.nl\/wp-content\/uploads\/2022\/10\/douwe-egberts-cafe-maastricht-3-.jpg\" class=\"attachment-original size-original\" alt=\"Frische Zitronen- und Limettenrosagetr\u00e4nke | Kaboom-Hotel\" srcset=\"https:\/\/kaboomhotel.nl\/wp-content\/uploads\/2022\/10\/douwe-egberts-cafe-maastricht-3-.jpg 800w, https:\/\/kaboomhotel.nl\/wp-content\/uploads\/2022\/10\/douwe-egberts-cafe-maastricht-3--300x225.jpg 300w, https:\/\/kaboomhotel.nl\/wp-content\/uploads\/2022\/10\/douwe-egberts-cafe-maastricht-3--768x576.jpg 768w\" sizes=\"(max-width: 800px) 100vw, 800px\" \/>\t\t\t\t\t\t\n\t\t\t\t\t<\/div>\n\t\t\t\t\t\t\t\t\n<style>\n#image_1606031035 {\n  width: 100%;\n}\n<\/style>\n\t<\/div>\n\t\n     <\/div>\n\n     <div class=\"loading-spin dark large centered\"><\/div>\n\n\t<\/div>\n\n\n\t\t<\/div>\n\t\t\t\t\t<\/div>\n\n\t\n\n<style>\n#row-1331232925 > .col > .col-inner {\n  background-color: rgb(255, 255, 255);\n}\n<\/style>\n<\/div>\n\t\t<\/div>\n\n\t\t\n<style>\n#section_506578784 {\n  padding-top: 30px;\n  padding-bottom: 30px;\n}\n#section_506578784 .section-bg-overlay {\n  background-color: rgba(255, 255, 255, 0.75);\n}\n<\/style>\n\t<\/section>\n\t\n<div class=\"row\"  id=\"row-1503135798\">\n\n\t<div id=\"col-1495702790\" class=\"col medium-6 small-12 large-6\"  >\n\t\t\t\t<div class=\"col-inner text-center\"  >\n\t\t\t\n\t\t\t\n\n\t<script type=\"text\/javascript\">\n  jQuery( document ).ready(function() {\n    function initialize() {\n        var styles = {\n            'flatsome':  [{\n            \"featureType\": \"administrative\",\n            \"stylers\": [\n              { \"visibility\": \"on\" }\n            ]\n          },\n          {\n            \"featureType\": \"road\",\n            \"stylers\": [\n              { \"visibility\": \"on\" },\n              { \"hue\": \"\" }\n            ]\n          },\n          {\n            \"stylers\": [\n\t\t\t  { \"visibility\": \"on\" },\n\t\t\t  { \"hue\": \"\" },\n\t\t\t  { \"saturation\": -100 }\n            ]\n          }\n        ]};\n\n        var myLatlng = new google.maps.LatLng(50.849528, 5.704691);\n        var myOptions = {\n            zoom: 14,\n            center: myLatlng,\n            mapTypeId: google.maps.MapTypeId.ROADMAP,\n            disableDefaultUI: true,\n            mapTypeId: 'flatsome',\n            draggable: true,\n            zoomControl: false,\n            zoomControlOptions: {\n              position: google.maps.ControlPosition.TOP_LEFT\n            },\n      \t\t\tmapTypeControl: false,\n            mapTypeControlOptions: {\n              position: google.maps.ControlPosition.TOP_LEFT\n            },\n      \t\t\tstreetViewControl: false,\n            streetViewControlOptions: {\n              position: google.maps.ControlPosition.TOP_LEFT\n            },\n            scrollwheel: false,\n            disableDoubleClickZoom: true\n        }\n        var map = new google.maps.Map(document.getElementById(\"map-478756998-inner\"), myOptions);\n        var styledMapType = new google.maps.StyledMapType(styles['flatsome'], {name: 'flatsome'});\n        map.mapTypes.set('flatsome', styledMapType);\n\n        var marker = new google.maps.Marker({\n            position: myLatlng,\n            map: map,\n            title:\"\"\n        });\n    }\n\n    \/\/ Required to proceed\n    if (!(typeof google === 'object' && typeof google.maps === 'object')) {\n      return\n    }\n\n    initialize()\n    google.maps.event.addDomListener(window, 'resize', initialize);\n    });\n    <\/script>\n\n    <div class=\"google-map relative mb\" id=\"map-478756998\">\n        <div class=\"map-height\" id=\"map-478756998-inner\"><\/div>\n        <div id=\"map_overlay_top\"><\/div>\n        <div id=\"map_overlay_bottom\"><\/div>\n         \n       \n<style>\n#map-478756998 .map-inner {\n  background-color: #fff;\n  max-width: 100%;\n}\n#map-478756998 .map-height {\n  height: 450px;\n}\n@media (min-width:850px) {\n  #map-478756998 .map-inner {\n    max-width: 100%;\n  }\n}\n<\/style>\n    <\/div>\n\n\t\n\t\t<\/div>\n\t\t\t\t\n<style>\n#col-1495702790 > .col-inner {\n  margin: 0px 0px 50px 0px;\n}\n<\/style>\n\t<\/div>\n\n\t\n\n\t<div id=\"col-1034677903\" class=\"col medium-6 small-12 large-6 small-col-first\"  >\n\t\t\t\t<div class=\"col-inner text-left\"  >\n\t\t\t\n\t\t\t\n<h3><i class=\"fa-light fa-fork-knife\"><\/i> Info<\/h3>\n<p><strong> \u00d6ffnungszeiten<\/strong><\/p>\n<p><i class=\"fa-light fa-clock-rotate-left\"> <\/i> Montag bis Freitag: 07:30 bis 19:00 Uhr<br \/>\u00a0 \u00a0 \u00a0 \u00a0Samstag und Sonntag: 8:30 bis 19:00 Uhr<\/p>\n<p><strong>   Standort<\/strong><br \/><i class=\"fa-light fa-location-dot\"><\/i> Stationsstraat 1, 6221 BM Maastricht<\/p>\n<p><i class=\"fa-light fa-info-circle\"><\/i> <strong> Info<\/strong><\/p>\n<p><i class=\"icon-facebook\"><\/i> <a href=\"https:\/\/www.facebook.com\/DouweEgbertsMaastricht\/\" target=\"_blank\" rel=\"noopener\">Douwe Egberts Caf\u00e9 Maastricht | Maastricht | Facebook<\/a><\/p>\n\t\t<\/div>\n\t\t\t\t\n<style>\n#col-1034677903 > .col-inner {\n  margin: 30px 0px 0px 0px;\n}\n<\/style>\n\t<\/div>\n\n\t\n\n<style>\n#row-1503135798 > .col > .col-inner {\n  background-color: rgb(255, 255, 255);\n}\n<\/style>\n<\/div>\n\n\t<section class=\"section\" id=\"section_2051927850\">\n\t\t<div class=\"section-bg fill\" >\n\t\t\t\t\t\t\t\t\t<div class=\"section-bg-overlay absolute fill\"><\/div>\n\t\t\t\n\n\t\t<\/div>\n\n\t\t\n\n\t\t<div class=\"section-content relative\">\n\t\t\t\n  <div class=\"banner-grid-wrapper\">\n  <div id=\"banner-grid-172012951\" class=\"banner-grid row row-grid row-small\" data-packery-options=\"\">\n                      \n<div class=\"col grid-col large-6 grid-col-1\" ><div class=\"col-inner\">\n\t<div class=\"img has-hover x md-x lg-x y md-y lg-y\" id=\"image_1370044129\">\n\t\t\t\t\t\t\t\t<div class=\"img-inner box-shadow-3 dark\" >\n\t\t\t<img decoding=\"async\" width=\"640\" height=\"960\" src=\"https:\/\/kaboomhotel.nl\/wp-content\/uploads\/2022\/10\/douwe-egberts-cafe-maastricht-1-1.jpg\" class=\"attachment-large size-large\" alt=\"Au\u00dfenansicht von Douwe Egberts Caf\u00e9 in Maastricht tags\u00fcber | Kaboom-Hotel\" srcset=\"https:\/\/kaboomhotel.nl\/wp-content\/uploads\/2022\/10\/douwe-egberts-cafe-maastricht-1-1.jpg 640w, https:\/\/kaboomhotel.nl\/wp-content\/uploads\/2022\/10\/douwe-egberts-cafe-maastricht-1-1-200x300.jpg 200w\" sizes=\"(max-width: 640px) 100vw, 640px\" \/>\t\t\t\t\t\t\n\t\t\t\t\t<\/div>\n\t\t\t\t\t\t\t\t\n<style>\n#image_1370044129 {\n  width: 100%;\n}\n<\/style>\n\t<\/div>\n\t\n<\/div><\/div>\n<div class=\"col grid-col large-6 grid-col-1-2\" ><div class=\"col-inner\">\n\t<div class=\"img has-hover x md-x lg-x y md-y lg-y\" id=\"image_1015281881\">\n\t\t\t\t\t\t\t\t<div class=\"img-inner box-shadow-3 dark\" >\n\t\t\t<img decoding=\"async\" width=\"640\" height=\"826\" src=\"https:\/\/kaboomhotel.nl\/wp-content\/uploads\/2022\/10\/douwe-egberts-cafe-maastricht-2-1-1.jpg\" class=\"attachment-large size-large\" alt=\"Kaffeemaschine f\u00fcr zwei Glastassen | Kaboom-Hotel\" srcset=\"https:\/\/kaboomhotel.nl\/wp-content\/uploads\/2022\/10\/douwe-egberts-cafe-maastricht-2-1-1.jpg 640w, https:\/\/kaboomhotel.nl\/wp-content\/uploads\/2022\/10\/douwe-egberts-cafe-maastricht-2-1-1-232x300.jpg 232w\" sizes=\"(max-width: 640px) 100vw, 640px\" \/>\t\t\t\t\t\t\n\t\t\t\t\t<\/div>\n\t\t\t\t\t\t\t\t\n<style>\n#image_1015281881 {\n  width: 100%;\n}\n<\/style>\n\t<\/div>\n\t\n<\/div><\/div>\n<div class=\"col grid-col large-3 grid-col-1-2\" ><div class=\"col-inner\">\n\t<div class=\"img has-hover x md-x lg-x y md-y lg-y\" id=\"image_351239108\">\n\t\t\t\t\t\t\t\t<div class=\"img-inner box-shadow-3 dark\" >\n\t\t\t<img decoding=\"async\" width=\"800\" height=\"533\" src=\"https:\/\/kaboomhotel.nl\/wp-content\/uploads\/2023\/12\/Stationsstraat-Maastricht-Marketing-_-Eighty8things.webp\" class=\"attachment-large size-large\" alt=\"Stationsstraat - Maastricht Marketing \/ Eighty8things\" srcset=\"https:\/\/kaboomhotel.nl\/wp-content\/uploads\/2023\/12\/Stationsstraat-Maastricht-Marketing-_-Eighty8things.webp 800w, https:\/\/kaboomhotel.nl\/wp-content\/uploads\/2023\/12\/Stationsstraat-Maastricht-Marketing-_-Eighty8things-300x200.webp 300w, https:\/\/kaboomhotel.nl\/wp-content\/uploads\/2023\/12\/Stationsstraat-Maastricht-Marketing-_-Eighty8things-768x512.webp 768w\" sizes=\"(max-width: 800px) 100vw, 800px\" \/>\t\t\t\t\t\t\n\t\t\t\t\t<\/div>\n\t\t\t\t\t\t\t\t\n<style>\n#image_351239108 {\n  width: 100%;\n}\n<\/style>\n\t<\/div>\n\t\n<\/div><\/div>\n<div class=\"col grid-col large-3 grid-col-1-2\" ><div class=\"col-inner\">\n\t<div class=\"img has-hover x md-x lg-x y md-y lg-y\" id=\"image_1940782363\">\n\t\t\t\t\t\t\t\t<div class=\"img-inner box-shadow-3 dark\" >\n\t\t\t<img decoding=\"async\" width=\"800\" height=\"600\" src=\"https:\/\/kaboomhotel.nl\/wp-content\/uploads\/2022\/10\/douwe-egberts-cafe-maastricht-1-.jpg\" class=\"attachment-large size-large\" alt=\"Douwe Egberts Caf\u00e9 Maastricht\" srcset=\"https:\/\/kaboomhotel.nl\/wp-content\/uploads\/2022\/10\/douwe-egberts-cafe-maastricht-1-.jpg 800w, https:\/\/kaboomhotel.nl\/wp-content\/uploads\/2022\/10\/douwe-egberts-cafe-maastricht-1--300x225.jpg 300w, https:\/\/kaboomhotel.nl\/wp-content\/uploads\/2022\/10\/douwe-egberts-cafe-maastricht-1--768x576.jpg 768w\" sizes=\"(max-width: 800px) 100vw, 800px\" \/>\t\t\t\t\t\t\n\t\t\t\t\t<\/div>\n\t\t\t\t\t\t\t\t\n<style>\n#image_1940782363 {\n  width: 100%;\n}\n<\/style>\n\t<\/div>\n\t\n<\/div><\/div>\n            <\/div>\n    <style>\n    #banner-grid-172012951 .grid-col-1{height: 600px}\n    #banner-grid-172012951 .grid-col-1-2{height: 300px}\n    #banner-grid-172012951 .grid-col-1-3{height:200px}\n    #banner-grid-172012951 .grid-col-2-3{height: 400px}\n    #banner-grid-172012951 .grid-col-1-4{height: 150px}\n    #banner-grid-172012951 .grid-col-3-4{height: 450px}\n\n\n    \n    \n\n  <\/style>\n    <\/div>\n  \n\t\t<\/div>\n\n\t\t\n<style>\n#section_2051927850 {\n  padding-top: 30px;\n  padding-bottom: 30px;\n}\n#section_2051927850 .section-bg-overlay {\n  background-color: rgba(255, 255, 255, 0.756);\n}\n<\/style>\n\t<\/section>\n\t\n","protected":false},"excerpt":{"rendered":"","protected":false},"author":3,"featured_media":0,"parent":1227,"menu_order":2,"comment_status":"closed","ping_status":"closed","template":"page-blank.php","meta":{"footnotes":""},"class_list":["post-1226","page","type-page","status-publish","hentry"],"_links":{"self":[{"href":"https:\/\/kaboomhotel.nl\/de\/wp-json\/wp\/v2\/pages\/1226","targetHints":{"allow":["GET"]}}],"collection":[{"href":"https:\/\/kaboomhotel.nl\/de\/wp-json\/wp\/v2\/pages"}],"about":[{"href":"https:\/\/kaboomhotel.nl\/de\/wp-json\/wp\/v2\/types\/page"}],"author":[{"embeddable":true,"href":"https:\/\/kaboomhotel.nl\/de\/wp-json\/wp\/v2\/users\/3"}],"replies":[{"embeddable":true,"href":"https:\/\/kaboomhotel.nl\/de\/wp-json\/wp\/v2\/comments?post=1226"}],"version-history":[{"count":0,"href":"https:\/\/kaboomhotel.nl\/de\/wp-json\/wp\/v2\/pages\/1226\/revisions"}],"up":[{"embeddable":true,"href":"https:\/\/kaboomhotel.nl\/de\/wp-json\/wp\/v2\/pages\/1227"}],"wp:attachment":[{"href":"https:\/\/kaboomhotel.nl\/de\/wp-json\/wp\/v2\/media?parent=1226"}],"curies":[{"name":"wp","href":"https:\/\/api.w.org\/{rel}","templated":true}]}}