{"id":1227,"date":"2022-08-29T16:18:29","date_gmt":"2022-08-29T14:18:29","guid":{"rendered":"https:\/\/kaboomhotel.nl\/essen-trinken\/"},"modified":"2025-08-01T15:09:54","modified_gmt":"2025-08-01T13:09:54","slug":"essen-trinken","status":"publish","type":"page","link":"https:\/\/kaboomhotel.nl\/de\/essen-trinken\/","title":{"rendered":"Essen &amp; Trinken im Kaboom Hotel"},"content":{"rendered":"\n\t<section class=\"section\" id=\"section_1108796036\">\n\t\t<div class=\"section-bg fill\" >\n\t\t\t\t\t\t\t\t\t\n\t\t\t\n\n\t\t<\/div>\n\n\t\t\n\n\t\t<div class=\"section-content relative\">\n\t\t\t\n\n\n  <div class=\"banner has-hover hide-for-small\" id=\"banner-1758215984\">\n          <div class=\"banner-inner fill\">\n        <div class=\"banner-bg fill\" >\n            <img decoding=\"async\" width=\"1448\" height=\"600\" src=\"https:\/\/kaboomhotel.nl\/wp-content\/uploads\/2022\/09\/Kaboom-wallpaper.jpg\" class=\"bg attachment-original size-original\" alt=\"Designmotief gebruikt op hotelmuren in blauw | Kaboom Hotel\" \/>                        <div class=\"overlay\"><\/div>            \n                    <\/div>\n\t\t\n        <div class=\"banner-layers container\">\n            <div class=\"fill banner-link\"><\/div>            \n\n\n        <\/div>\n      <\/div>\n\n            \n<style>\n#banner-1758215984 {\n  padding-top: 100px;\n}\n#banner-1758215984 .overlay {\n  background-color: rgba(255, 255, 255, 0.703);\n}\n#banner-1758215984 .banner-bg img {\n  object-position: 55% 20%;\n}\n@media (min-width:550px) {\n  #banner-1758215984 {\n    padding-top: 100px;\n  }\n}\n<\/style>\n  <\/div>\n\n\n\n  <div class=\"banner has-hover show-for-small\" id=\"banner-1796007852\">\n          <div class=\"banner-inner fill\">\n        <div class=\"banner-bg fill\" >\n            <img decoding=\"async\" width=\"678\" height=\"221\" src=\"https:\/\/kaboomhotel.nl\/wp-content\/uploads\/2022\/10\/Kaboom-wallpaper-mobile.jpg\" class=\"bg attachment-original size-original\" alt=\"Designmotief gebruikt op hotelmuren in blauw | Kaboom Hotel\" \/>                        <div class=\"overlay\"><\/div>            \n                    <\/div>\n\t\t\n        <div class=\"banner-layers container\">\n            <div class=\"fill banner-link\"><\/div>            \n\n\n        <\/div>\n      <\/div>\n\n            \n<style>\n#banner-1796007852 {\n  padding-top: 100px;\n}\n#banner-1796007852 .overlay {\n  background-color: rgba(255, 255, 255, 0.703);\n}\n#banner-1796007852 .banner-bg img {\n  object-position: 44% 0%;\n}\n@media (min-width:550px) {\n  #banner-1796007852 {\n    padding-top: 100px;\n  }\n}\n<\/style>\n  <\/div>\n\n\n\n\t\t<\/div>\n\n\t\t\n<style>\n#section_1108796036 {\n  padding-top: 0px;\n  padding-bottom: 0px;\n}\n<\/style>\n\t<\/section>\n\t\n\n\t<section class=\"section\" id=\"section_1071188484\">\n\t\t<div class=\"section-bg fill\" >\n\t\t\t\t\t\t\t\t\t<div class=\"section-bg-overlay absolute fill\"><\/div>\n\t\t\t\n\n\t\t<\/div>\n\n\t\t\n\n\t\t<div class=\"section-content relative\">\n\t\t\t\n<div class=\"row align-equal\"  id=\"row-2134677806\">\n\n\t<div id=\"col-271259625\" class=\"col small-12 large-12\"  >\n\t\t\t\t<div class=\"col-inner\"  >\n\t\t\t\n\t\t\t\n<div class=\"container section-title-container\" ><h1 class=\"section-title section-title-center\"><b><\/b><span class=\"section-title-main\" >Essen &amp; trinken<\/span><b><\/b><\/h1><\/div>\n<p style=\"text-align: center;\"><span style=\"font-size: 120%;\"><strong>Die leckersten Orte auf einen Blick!<\/strong><\/span><\/p>\n<p style=\"text-align: center;\">Extras im Kaboom Hotel sind genau das: Extras. Deshalb entscheidest du selbst, wo du fr\u00fchst\u00fccken oder essen gehst. Von unserer Lobby aus gelangst du direkt in die Stadt, wo du unz\u00e4hlige leckere Restaurants findest. Aber warum weit laufen, wenn du auch in unserer eigenen Kaboom Breakfast Area fr\u00fchst\u00fccken kannst? Hier erwartet dich ein entspanntes Fr\u00fchst\u00fccksbuffet, denn mal ehrlich: Mit leerem Magen l\u00e4sst es sich nicht wirklich genie\u00dfen!    <\/p>\n\t\t<\/div>\n\t\t\t\t\n<style>\n#col-271259625 > .col-inner {\n  padding: 20px 0px 0px 0px;\n}\n<\/style>\n\t<\/div>\n\n\t\n\n<style>\n#row-2134677806 > .col > .col-inner {\n  background-color: rgb(255, 255, 255);\n}\n<\/style>\n<\/div>\n\t\t<\/div>\n\n\t\t\n<style>\n#section_1071188484 {\n  padding-top: 0px;\n  padding-bottom: 0px;\n  margin-bottom: 20px;\n}\n#section_1071188484 .section-bg-overlay {\n  background-color: rgba(255, 255, 255, 0.75);\n}\n<\/style>\n\t<\/section>\n\t\n\n\t<section class=\"section\" id=\"section_166035804\">\n\t\t<div class=\"section-bg fill\" >\n\t\t\t\t\t\t\t\t\t<div class=\"section-bg-overlay absolute fill\"><\/div>\n\t\t\t\n\n\t\t<\/div>\n\n\t\t\n\n\t\t<div class=\"section-content relative\">\n\t\t\t\n<div class=\"row row-collapse align-equal\"  id=\"row-223143761\">\n\n\t<div id=\"col-1212077009\" class=\"col medium-6 small-12 large-6\"  >\n\t\t\t\t<div class=\"col-inner\"  >\n\t\t\t\n\t\t\t\n<h3><strong><i class=\"fa-light fa-croissant\"><\/i> <a href=\"https:\/\/kaboomhotel.nl\/de\/essen-trinken\/fruhstuck\/\">Fr\u00fchst\u00fcck<\/a><\/strong><\/h3>\n<p>Morgens starten Sie Ihren Tag gut mit einem k\u00f6stlichen, reichhaltigen Fr\u00fchst\u00fccksbuffet im Kaboom Breakfast Area.<\/p>\n<p>Wir bieten unter anderem frische Br\u00f6tchen, Obst, Kaffee, Tee und S\u00e4fte an. Ein Ei dazu? Kein Problem!  <\/p>\n\t<div id=\"gap-1138589156\" class=\"gap-element clearfix\" style=\"display:block; height:auto;\">\n\t\t\n<style>\n#gap-1138589156 {\n  padding-top: 30px;\n}\n<\/style>\n\t<\/div>\n\t\n<a href=\"https:\/\/kaboomhotel.nl\/de\/essen-trinken\/fruhstuck\/\" class=\"button primary is-small\"  style=\"border-radius:99px;\">\n\t\t<span>MEHR INFORMATIONEN<\/span>\n\t<\/a>\n\n\t\t<\/div>\n\t\t\t\t\n<style>\n#col-1212077009 > .col-inner {\n  margin: 0px 0px -8px 0px;\n}\n<\/style>\n\t<\/div>\n\n\t\n\n\t<div id=\"col-201059732\" class=\"col medium-6 small-12 large-6 small-col-first\"  >\n\t\t\t\t<div class=\"col-inner\"  >\n\t\t\t\n\t\t\t\n\t<div class=\"img has-hover x md-x lg-x y md-y lg-y\" id=\"image_1992082330\">\n\t\t<a class=\"\" href=\"https:\/\/kaboomhotel.nl\/de\/essen-trinken\/fruhstuck\/\" >\t\t\t\t\t\t<div class=\"img-inner image-cover box-shadow-3 dark\" style=\"padding-top:56.25%;\">\n\t\t\t<img decoding=\"async\" width=\"800\" height=\"600\" src=\"https:\/\/kaboomhotel.nl\/wp-content\/uploads\/2022\/09\/Kaboom-ontbijt-1.jpg\" class=\"attachment-original size-original\" alt=\"Tabelle mit abwechslungsreichem Fr\u00fchst\u00fcck | Kaboom-Hotel\" srcset=\"https:\/\/kaboomhotel.nl\/wp-content\/uploads\/2022\/09\/Kaboom-ontbijt-1.jpg 800w, https:\/\/kaboomhotel.nl\/wp-content\/uploads\/2022\/09\/Kaboom-ontbijt-1-300x225.jpg 300w, https:\/\/kaboomhotel.nl\/wp-content\/uploads\/2022\/09\/Kaboom-ontbijt-1-768x576.jpg 768w\" sizes=\"(max-width: 800px) 100vw, 800px\" \/>\t\t\t\t\t\t\n\t\t\t\t\t<\/div>\n\t\t\t\t\t\t<\/a>\t\t\n<style>\n#image_1992082330 {\n  width: 100%;\n}\n<\/style>\n\t<\/div>\n\t\n\t\t<\/div>\n\t\t\t\t\t<\/div>\n\n\t\n\n<style>\n#row-223143761 > .col > .col-inner {\n  padding: 0px 20px 0px 20px;\n  background-color: rgb(255, 255, 255);\n}\n@media (min-width:550px) {\n  #row-223143761 > .col > .col-inner {\n    padding: 35px 50px 50px 50px;\n  }\n}\n<\/style>\n<\/div>\n\t\t<\/div>\n\n\t\t\n<style>\n#section_166035804 {\n  padding-top: 0px;\n  padding-bottom: 0px;\n  margin-bottom: 0px;\n}\n#section_166035804 .section-bg-overlay {\n  background-color: rgba(255, 255, 255, 0.75);\n}\n<\/style>\n\t<\/section>\n\t\n<div class=\"text-center\"><div class=\"is-divider divider clearfix\" style=\"max-width:700px;\"><\/div><\/div>\n\n\t<section class=\"section\" id=\"section_1052308339\">\n\t\t<div class=\"section-bg fill\" >\n\t\t\t\t\t\t\t\t\t<div class=\"section-bg-overlay absolute fill\"><\/div>\n\t\t\t\n\n\t\t<\/div>\n\n\t\t\n\n\t\t<div class=\"section-content relative\">\n\t\t\t\n<div class=\"row align-equal\"  id=\"row-282413026\">\n\n\t<div id=\"col-945482310\" class=\"col medium-6 small-12 large-6 small-col-first\"  >\n\t\t\t\t<div class=\"col-inner\"  >\n\t\t\t\n\t\t\t\n\t<div class=\"img has-hover x md-x lg-x y md-y lg-y\" id=\"image_1595272791\">\n\t\t<a class=\"\" href=\"https:\/\/kaboomhotel.nl\/de\/essen-trinken\/restaurant-alex\/\" >\t\t\t\t\t\t<div class=\"img-inner box-shadow-3 dark\" >\n\t\t\t<img decoding=\"async\" width=\"800\" height=\"533\" src=\"https:\/\/kaboomhotel.nl\/wp-content\/uploads\/2022\/09\/foto_alex_02.jpg\" class=\"attachment-original size-original\" alt=\"Lachsgericht mit So\u00dfe | Kaboom-Hotel\" srcset=\"https:\/\/kaboomhotel.nl\/wp-content\/uploads\/2022\/09\/foto_alex_02.jpg 800w, https:\/\/kaboomhotel.nl\/wp-content\/uploads\/2022\/09\/foto_alex_02-300x200.jpg 300w, https:\/\/kaboomhotel.nl\/wp-content\/uploads\/2022\/09\/foto_alex_02-768x512.jpg 768w\" sizes=\"(max-width: 800px) 100vw, 800px\" \/>\t\t\t\t\t\t\n\t\t\t\t\t<\/div>\n\t\t\t\t\t\t<\/a>\t\t\n<style>\n#image_1595272791 {\n  width: 100%;\n}\n<\/style>\n\t<\/div>\n\t\n\t\t<\/div>\n\t\t\t\t\t<\/div>\n\n\t\n\n\t<div id=\"col-2055534171\" class=\"col medium-6 small-12 large-6\"  >\n\t\t\t\t<div class=\"col-inner\"  >\n\t\t\t\n\t\t\t\n<h3><i class=\"fa-light fa-fork-knife\"><\/i> <a href=\"https:\/\/kaboomhotel.nl\/de\/essen-trinken\/restaurant-alex\/\">Restaurant Alex<\/a><\/h3>\n<p><span style=\"font-weight: 400;\">Entdecken Sie k\u00f6stliches Essen aus aller Welt in Wyck<\/span><span style=\"font-weight: 400;\">, gleich um die Ecke von Kaboom. Die Karte bei Alex ist eine Mischung aus verschiedenen Stilen.  <\/span><\/p>\n<p>Ost trifft West.<\/p>\n\t<div id=\"gap-1790708536\" class=\"gap-element clearfix\" style=\"display:block; height:auto;\">\n\t\t\n<style>\n#gap-1790708536 {\n  padding-top: 30px;\n}\n<\/style>\n\t<\/div>\n\t\n<a href=\"https:\/\/kaboomhotel.nl\/de\/essen-trinken\/restaurant-alex\/\" class=\"button primary is-small\"  style=\"border-radius:99px;\">\n\t\t<span>MEHR LESEN<\/span>\n\t<\/a>\n\n\t\t<\/div>\n\t\t\t\t\n<style>\n#col-2055534171 > .col-inner {\n  margin: 0px 0px -40px 0px;\n}\n<\/style>\n\t<\/div>\n\n\t\n\n<style>\n#row-282413026 > .col > .col-inner {\n  padding: 0px 20px 0px 20px;\n  background-color: rgb(255, 255, 255);\n}\n@media (min-width:550px) {\n  #row-282413026 > .col > .col-inner {\n    padding: 35px 50px 50px 50px;\n  }\n}\n<\/style>\n<\/div>\n\t\t<\/div>\n\n\t\t\n<style>\n#section_1052308339 {\n  padding-top: 0px;\n  padding-bottom: 0px;\n}\n#section_1052308339 .section-bg-overlay {\n  background-color: rgba(255, 255, 255, 0.75);\n}\n<\/style>\n\t<\/section>\n\t\n<div class=\"text-center\"><div class=\"is-divider divider clearfix\" style=\"max-width:700px;\"><\/div><\/div>\n\n\t<section class=\"section\" id=\"section_621440988\">\n\t\t<div class=\"section-bg fill\" >\n\t\t\t\t\t\t\t\t\t<div class=\"section-bg-overlay absolute fill\"><\/div>\n\t\t\t\n\n\t\t<\/div>\n\n\t\t\n\n\t\t<div class=\"section-content relative\">\n\t\t\t\n<div class=\"row align-equal\"  id=\"row-911299146\">\n\n\t<div id=\"col-1772795227\" class=\"col medium-6 small-12 large-6\"  >\n\t\t\t\t<div class=\"col-inner\"  >\n\t\t\t\n\t\t\t\n<h3><i class=\"fa-light fa-pot-food\"><\/i> <a href=\"https:\/\/kaboomhotel.nl\/de\/essen-trinken\/restaurant-dadawan\/\">Dadawan Restaurant<\/a><\/h3>\n<p><span style=\"font-weight: 400;\">Waren Sie schon bei unseren Nachbarn von Dadawan? Wenn Sie uns fragen, ist das der richtige Ort f\u00fcr gutes Essen! Im Handumdrehen k\u00f6nnen Sie ein k\u00f6stliches Fusion-Gericht genie\u00dfen.   <\/span><\/p>\n<p>Weltgewandte Speisen zu Kleinstadtpreisen.<\/p>\n\t<div id=\"gap-689432153\" class=\"gap-element clearfix\" style=\"display:block; height:auto;\">\n\t\t\n<style>\n#gap-689432153 {\n  padding-top: 30px;\n}\n<\/style>\n\t<\/div>\n\t\n<a href=\"https:\/\/kaboomhotel.nl\/de\/essen-trinken\/restaurant-dadawan\/\" class=\"button primary is-small\"  style=\"border-radius:99px;\">\n\t\t<span>MEHR LESEN<\/span>\n\t<\/a>\n\n\t\t<\/div>\n\t\t\t\t\t<\/div>\n\n\t\n\n\t<div id=\"col-224540621\" class=\"col medium-6 small-12 large-6\"  >\n\t\t\t\t<div class=\"col-inner\"  >\n\t\t\t\n\t\t\t\n\t<div class=\"img has-hover x md-x lg-x y md-y lg-y\" id=\"image_1448215365\">\n\t\t<a class=\"\" href=\"https:\/\/kaboomhotel.nl\/de\/essen-trinken\/restaurant-dadawan\/\" >\t\t\t\t\t\t<div class=\"img-inner image-cover box-shadow-3 dark\" style=\"padding-top:56.25%;\">\n\t\t\t<img decoding=\"async\" width=\"800\" height=\"532\" src=\"https:\/\/kaboomhotel.nl\/wp-content\/uploads\/2022\/09\/DADAWAN-Bibimbap.jpg\" class=\"attachment-original size-original\" alt=\"komm Ramen | Kaboom-Hotel\" srcset=\"https:\/\/kaboomhotel.nl\/wp-content\/uploads\/2022\/09\/DADAWAN-Bibimbap.jpg 800w, https:\/\/kaboomhotel.nl\/wp-content\/uploads\/2022\/09\/DADAWAN-Bibimbap-300x200.jpg 300w, https:\/\/kaboomhotel.nl\/wp-content\/uploads\/2022\/09\/DADAWAN-Bibimbap-768x511.jpg 768w\" sizes=\"(max-width: 800px) 100vw, 800px\" \/>\t\t\t\t\t\t\n\t\t\t\t\t<\/div>\n\t\t\t\t\t\t<\/a>\t\t\n<style>\n#image_1448215365 {\n  width: 100%;\n}\n<\/style>\n\t<\/div>\n\t\n\t\t<\/div>\n\t\t\t\t\n<style>\n#col-224540621 > .col-inner {\n  margin: 0px 0px -20px 0px;\n}\n<\/style>\n\t<\/div>\n\n\t\n\n<style>\n#row-911299146 > .col > .col-inner {\n  padding: 0 20px 19px 20px;\n  background-color: rgb(255, 255, 255);\n}\n@media (min-width:550px) {\n  #row-911299146 > .col > .col-inner {\n    padding: 35px 50px 50px 50px;\n  }\n}\n<\/style>\n<\/div>\n\t\t<\/div>\n\n\t\t\n<style>\n#section_621440988 {\n  padding-top: 0px;\n  padding-bottom: 0px;\n}\n#section_621440988 .section-bg-overlay {\n  background-color: rgba(255, 255, 255, 0.75);\n}\n<\/style>\n\t<\/section>\n\t\n","protected":false},"excerpt":{"rendered":"","protected":false},"author":3,"featured_media":0,"parent":0,"menu_order":5,"comment_status":"closed","ping_status":"closed","template":"page-blank.php","meta":{"footnotes":""},"class_list":["post-1227","page","type-page","status-publish","hentry"],"_links":{"self":[{"href":"https:\/\/kaboomhotel.nl\/de\/wp-json\/wp\/v2\/pages\/1227","targetHints":{"allow":["GET"]}}],"collection":[{"href":"https:\/\/kaboomhotel.nl\/de\/wp-json\/wp\/v2\/pages"}],"about":[{"href":"https:\/\/kaboomhotel.nl\/de\/wp-json\/wp\/v2\/types\/page"}],"author":[{"embeddable":true,"href":"https:\/\/kaboomhotel.nl\/de\/wp-json\/wp\/v2\/users\/3"}],"replies":[{"embeddable":true,"href":"https:\/\/kaboomhotel.nl\/de\/wp-json\/wp\/v2\/comments?post=1227"}],"version-history":[{"count":0,"href":"https:\/\/kaboomhotel.nl\/de\/wp-json\/wp\/v2\/pages\/1227\/revisions"}],"wp:attachment":[{"href":"https:\/\/kaboomhotel.nl\/de\/wp-json\/wp\/v2\/media?parent=1227"}],"curies":[{"name":"wp","href":"https:\/\/api.w.org\/{rel}","templated":true}]}}