{"id":1228,"date":"2022-09-06T16:27:21","date_gmt":"2022-09-06T14:27:21","guid":{"rendered":"https:\/\/kaboomhotel.nl\/essen-trinken\/aufenthalt\/"},"modified":"2026-01-02T12:55:43","modified_gmt":"2026-01-02T11:55:43","slug":"fruhstuck","status":"publish","type":"page","link":"https:\/\/kaboomhotel.nl\/de\/essen-trinken\/fruhstuck\/","title":{"rendered":"ANGEBOT | HOTEL MAASTRICHT INKLUSIVE FR\u00dcHST\u00dcCK"},"content":{"rendered":"\n\t<section class=\"section\" id=\"section_1689181859\">\n\t\t<div class=\"section-bg fill\" >\n\t\t\t\t\t\t\t\t\t\n\t\t\t\n\n\t\t<\/div>\n\n\t\t\n\n\t\t<div class=\"section-content relative\">\n\t\t\t\r\n\r\n\n  <div class=\"banner has-hover hide-for-small\" id=\"banner-1842561045\">\n          <div class=\"banner-inner fill\">\n        <div class=\"banner-bg fill\" >\n            <img decoding=\"async\" width=\"1448\" height=\"600\" src=\"https:\/\/kaboomhotel.nl\/wp-content\/uploads\/2022\/09\/Kaboom-wallpaper.jpg\" class=\"bg attachment-original size-original\" alt=\"Designmotiv verwendet in Hotelzimmer in blau | Kaboom-Hotel\" \/>                        <div class=\"overlay\"><\/div>            \n                    <\/div>\n\t\t\n        <div class=\"banner-layers container\">\n            <div class=\"fill banner-link\"><\/div>            \r\n\r\n        <\/div>\n      <\/div>\n\n            \n<style>\n#banner-1842561045 {\n  padding-top: 100px;\n}\n#banner-1842561045 .overlay {\n  background-color: rgba(255, 255, 255, 0.703);\n}\n#banner-1842561045 .banner-bg img {\n  object-position: 48% 47%;\n}\n@media (min-width:550px) {\n  #banner-1842561045 {\n    padding-top: 100px;\n  }\n}\n<\/style>\n  <\/div>\n\n\r\n\n  <div class=\"banner has-hover show-for-small\" id=\"banner-1069024929\">\n          <div class=\"banner-inner fill\">\n        <div class=\"banner-bg fill\" >\n            <img decoding=\"async\" width=\"678\" height=\"221\" src=\"https:\/\/kaboomhotel.nl\/wp-content\/uploads\/2022\/10\/Kaboom-wallpaper-mobile.jpg\" class=\"bg attachment-original size-original\" alt=\"Designmotiv an Hotelw\u00e4nden in Blau | Kaboom-Hotel\" \/>                        <div class=\"overlay\"><\/div>            \n                    <\/div>\n\t\t\n        <div class=\"banner-layers container\">\n            <div class=\"fill banner-link\"><\/div>            \r\n\r\n        <\/div>\n      <\/div>\n\n            \n<style>\n#banner-1069024929 {\n  padding-top: 100px;\n}\n#banner-1069024929 .overlay {\n  background-color: rgba(255, 255, 255, 0.703);\n}\n#banner-1069024929 .banner-bg img {\n  object-position: 48% 47%;\n}\n@media (min-width:550px) {\n  #banner-1069024929 {\n    padding-top: 100px;\n  }\n}\n<\/style>\n  <\/div>\n\n\r\n\r\n\t\t<\/div>\n\n\t\t\n<style>\n#section_1689181859 {\n  padding-top: 0px;\n  padding-bottom: 0px;\n}\n<\/style>\n\t<\/section>\n\t\n\n\t<section class=\"section\" id=\"section_592444050\">\n\t\t<div class=\"section-bg fill\" >\n\t\t\t\t\t\t\t\t\t<div class=\"section-bg-overlay absolute fill\"><\/div>\n\t\t\t\n\n\t\t<\/div>\n\n\t\t\n\n\t\t<div class=\"section-content relative\">\n\t\t\t\n<div class=\"row\"  id=\"row-2145108198\">\n\n\t<div id=\"col-1998359687\" class=\"col small-12 large-12\"  >\n\t\t\t\t<div class=\"col-inner\"  >\n\t\t\t\n\t\t\t\n<div class=\"container section-title-container\" ><h1 class=\"section-title section-title-center\"><b><\/b><span class=\"section-title-main\" >ANGEBOT | HOTEL MAASTRICHT INKLUSIVE FR\u00dcHST\u00dcCK<\/span><b><\/b><\/h1><\/div>\n<nav aria-label=\"breadcrumbs\" class=\"rank-math-breadcrumb\"><p><span class=\"last\">Home<\/span><\/p><\/nav>\n\t\t<\/div>\n\t\t\t\t\n<style>\n#col-1998359687 > .col-inner {\n  margin: 0px 0px 0px 0px;\n}\n@media (min-width:550px) {\n  #col-1998359687 > .col-inner {\n    margin: 20px 0px 0px 0px;\n  }\n}\n<\/style>\n\t<\/div>\n\n\t\n<\/div>\n<div class=\"row\"  id=\"row-909654785\">\n\n\t<div id=\"col-281969605\" class=\"col medium-6 small-12 large-6\"  >\n\t\t\t\t<div class=\"col-inner\"  >\n\t\t\t\n\t\t\t\n<h2><strong>Hotel Maastricht inklusive Fr\u00fchst\u00fcck<\/strong><\/h2>\n<p>Ein gesundes Fr\u00fchst\u00fcck ist ein Muss, um mit voller Energie in den Tag zu starten. Deine Hotel\u00fcbernachtung im Kaboom Hotel in Maastricht wird durch ein preiswertes, verantwortungsbewusstes Fr\u00fchst\u00fcck komplett. So beginnst du deinen Tag richtig!<\/p>\n<h3><strong>Umfangreiches Fr\u00fchst\u00fccksbuffet im Kaboom Breakfast Area 18,50 \u20ac<\/strong><\/h3>\n<ul>\n<li>Unbegrenzte Auswahl an frischem Obst, Saft, herzhaftem und s\u00fc\u00dfem Belag (Schinken, K\u00e4se, H\u00fchnchenfilet, Nutella, Marmelade, Erdnussbutter und Hagelslag), frisch gebackenen Br\u00f6tchen, hart, weich &#8211; oder mittelgekochten Eiern oder w\u00e4hle Joghurt mit M\u00fcsli.<\/li>\n<\/ul>\n<p>\u00a0<\/p>\n<p><em>Wir haben nur eine begrenzte Anzahl von Pl\u00e4tzen, also reserviere rechtzeitig.<\/em><\/p>\n<p><em>Hast du spezielle Ern\u00e4hrungsw\u00fcnsche wie ein glutenfreies Fr\u00fchst\u00fcck oder eine Laktoseintoleranz? Teile es unserem Empfang im Voraus mit.<\/em><\/p>\n\t\t<\/div>\n\t\t\t\t\n<style>\n#col-281969605 > .col-inner {\n  margin: 0 0px 0px 0px;\n}\n@media (min-width:550px) {\n  #col-281969605 > .col-inner {\n    margin: -0px 0px 0px 0px;\n  }\n}\n<\/style>\n\t<\/div>\n\n\t\n\n\t<div id=\"col-618712195\" class=\"col medium-6 small-12 large-6 small-col-first\"  >\n\t\t\t\t<div class=\"col-inner\"  >\n\t\t\t\n\t\t\t\n<div class=\"slider-wrapper relative\" id=\"slider-1310676782\" >\n    <div class=\"slider slider-nav-circle slider-nav-large slider-nav-light slider-style-normal slider-show-nav\"\n        data-flickity-options='{\n            \"cellAlign\": \"center\",\n            \"imagesLoaded\": true,\n            \"lazyLoad\": 1,\n            \"freeScroll\": true,\n            \"wrapAround\": true,\n            \"autoPlay\": 6000,\n            \"pauseAutoPlayOnHover\" : true,\n            \"prevNextButtons\": true,\n            \"contain\" : true,\n            \"adaptiveHeight\" : true,\n            \"dragThreshold\" : 10,\n            \"percentPosition\": true,\n            \"pageDots\": false,\n            \"rightToLeft\": false,\n            \"draggable\": true,\n            \"selectedAttraction\": 0.1,\n            \"parallax\" : 0,\n            \"friction\": 0.6        }'\n        >\n        \n\t<div class=\"img has-hover x md-x lg-x y md-y lg-y\" id=\"image_609133305\">\n\t\t\t\t\t\t\t\t<div class=\"img-inner box-shadow-3 dark\" >\n\t\t\t<img decoding=\"async\" width=\"800\" height=\"600\" src=\"https:\/\/kaboomhotel.nl\/wp-content\/uploads\/2022\/09\/Kaboom-ontbijt-1.jpg\" class=\"attachment-original size-original\" alt=\"Tabelle mit abwechslungsreichem Fr\u00fchst\u00fcck | Kaboom-Hotel\" srcset=\"https:\/\/kaboomhotel.nl\/wp-content\/uploads\/2022\/09\/Kaboom-ontbijt-1.jpg 800w, https:\/\/kaboomhotel.nl\/wp-content\/uploads\/2022\/09\/Kaboom-ontbijt-1-300x225.jpg 300w, https:\/\/kaboomhotel.nl\/wp-content\/uploads\/2022\/09\/Kaboom-ontbijt-1-768x576.jpg 768w\" sizes=\"(max-width: 800px) 100vw, 800px\" \/>\t\t\t\t\t\t\n\t\t\t\t\t<\/div>\n\t\t\t\t\t\t\t\t\n<style>\n#image_609133305 {\n  width: 100%;\n}\n<\/style>\n\t<\/div>\n\t\n\t<div class=\"img has-hover x md-x lg-x y md-y lg-y\" id=\"image_1931722334\">\n\t\t\t\t\t\t\t\t<div class=\"img-inner dark\" >\n\t\t\t<img decoding=\"async\" width=\"800\" height=\"600\" src=\"https:\/\/kaboomhotel.nl\/wp-content\/uploads\/2022\/10\/kaboom-hotel-maastricht-breakfast-tables-1.jpg\" class=\"attachment-large size-large\" alt=\"Tisch mit serviertem Fr\u00fchst\u00fcck | Kaboom-Hotel\" srcset=\"https:\/\/kaboomhotel.nl\/wp-content\/uploads\/2022\/10\/kaboom-hotel-maastricht-breakfast-tables-1.jpg 800w, https:\/\/kaboomhotel.nl\/wp-content\/uploads\/2022\/10\/kaboom-hotel-maastricht-breakfast-tables-1-300x225.jpg 300w, https:\/\/kaboomhotel.nl\/wp-content\/uploads\/2022\/10\/kaboom-hotel-maastricht-breakfast-tables-1-768x576.jpg 768w\" sizes=\"(max-width: 800px) 100vw, 800px\" \/>\t\t\t\t\t\t\n\t\t\t\t\t<\/div>\n\t\t\t\t\t\t\t\t\n<style>\n#image_1931722334 {\n  width: 100%;\n}\n<\/style>\n\t<\/div>\n\t\n     <\/div>\n\n     <div class=\"loading-spin dark large centered\"><\/div>\n\n\t<\/div>\n\n\n\t\t<\/div>\n\t\t\t\t\n<style>\n#col-618712195 > .col-inner {\n  margin: 0px 0px -25px 0px;\n}\n<\/style>\n\t<\/div>\n\n\t\n\n<style>\n#row-909654785 > .col > .col-inner {\n  background-color: rgb(255,255,255);\n}\n<\/style>\n<\/div>\n\t\t<\/div>\n\n\t\t\n<style>\n#section_592444050 {\n  padding-top: 0px;\n  padding-bottom: 0px;\n}\n#section_592444050 .section-bg-overlay {\n  background-color: rgba(255, 255, 255, 0.75);\n}\n@media (min-width:550px) {\n  #section_592444050 {\n    padding-top: 30px;\n    padding-bottom: 30px;\n  }\n}\n<\/style>\n\t<\/section>\n\t\n\n\t<section class=\"section\" id=\"section_657804949\">\n\t\t<div class=\"section-bg fill\" >\n\t\t\t\t\t\t\t\t\t<div class=\"section-bg-overlay absolute fill\"><\/div>\n\t\t\t\n\n\t\t<\/div>\n\n\t\t\n\n\t\t<div class=\"section-content relative\">\n\t\t\t\n<div class=\"row\"  id=\"row-2076350630\">\n\n\t<div id=\"col-1841364337\" class=\"col medium-6 small-12 large-6 small-col-first\"  >\n\t\t\t\t<div class=\"col-inner\"  >\n\t\t\t\n\t\t\t\n\t<div class=\"img has-hover x md-x lg-x y md-y lg-y\" id=\"image_289286185\">\n\t\t\t\t\t\t\t\t<div class=\"img-inner box-shadow-3 dark\" >\n\t\t\t<img decoding=\"async\" width=\"800\" height=\"600\" src=\"https:\/\/kaboomhotel.nl\/wp-content\/uploads\/2022\/09\/Kaboom-ontbijt-2.jpg\" class=\"attachment-original size-original\" alt=\"S\u00fc\u00dfer und herzhafter Fr\u00fchst\u00fccksteller | Kaboom-Hotel\" srcset=\"https:\/\/kaboomhotel.nl\/wp-content\/uploads\/2022\/09\/Kaboom-ontbijt-2.jpg 800w, https:\/\/kaboomhotel.nl\/wp-content\/uploads\/2022\/09\/Kaboom-ontbijt-2-300x225.jpg 300w, https:\/\/kaboomhotel.nl\/wp-content\/uploads\/2022\/09\/Kaboom-ontbijt-2-768x576.jpg 768w\" sizes=\"(max-width: 800px) 100vw, 800px\" \/>\t\t\t\t\t\t\n\t\t\t\t\t<\/div>\n\t\t\t\t\t\t\t\t\n<style>\n#image_289286185 {\n  width: 100%;\n}\n<\/style>\n\t<\/div>\n\t\n\t\t<\/div>\n\t\t\t\t\n<style>\n#col-1841364337 > .col-inner {\n  margin: 0px 0px 0px 0px;\n}\n<\/style>\n\t<\/div>\n\n\t\n\n\t<div id=\"col-538882012\" class=\"col medium-6 small-12 large-6 small-col-first\"  >\n\t\t\t\t<div class=\"col-inner text-left\"  >\n\t\t\t\n\t\t\t\n<h2><strong>INFORMATIONEN<\/strong><\/h2>\n<h3><strong>\u00d6ffnungszeiten<\/strong><\/h3>\n<ul>\n<li>Montag bis Freitag: 07.00 bis 10.00 Uhr<\/li>\n<li>Samstag und Sonntag: 08.00 bis 11.00 Uhr<\/li>\n<\/ul>\n<p>Wirst du bald bei uns zum Fr\u00fchst\u00fcck vorbeikommen? Profitiere jetzt von diesem tollen Angebot f\u00fcr eine Hotel\u00fcbernachtung im Kaboom Hotel inklusive Fr\u00fchst\u00fccksbuffet!<\/p>\n<a href=\"#\" target=\"_blank\" class=\"button primary distributor\" rel=\"nofollow noopener noopener\"  style=\"border-radius:99px;\">\n\t\t<span>JETZT BUCHEN<\/span>\n\t<\/a>\n\n\t\t<\/div>\n\t\t\t\t\n<style>\n#col-538882012 > .col-inner {\n  margin: 0px 0px 0px 0px;\n}\n<\/style>\n\t<\/div>\n\n\t\n<\/div>\n<div class=\"text-center\"><div class=\"is-divider divider clearfix\" style=\"max-width:700px;height:0px;\"><\/div><\/div>\n\t\t<\/div>\n\n\t\t\n<style>\n#section_657804949 {\n  padding-top: 0px;\n  padding-bottom: 0px;\n}\n#section_657804949 .section-bg-overlay {\n  background-color: rgba(255, 255, 255, 0.756);\n}\n@media (min-width:550px) {\n  #section_657804949 {\n    padding-top: 30px;\n    padding-bottom: 30px;\n  }\n}\n<\/style>\n\t<\/section>\n\t\n","protected":false},"excerpt":{"rendered":"","protected":false},"author":3,"featured_media":0,"parent":1227,"menu_order":1,"comment_status":"closed","ping_status":"closed","template":"page-blank.php","meta":{"footnotes":""},"class_list":["post-1228","page","type-page","status-publish","hentry"],"_links":{"self":[{"href":"https:\/\/kaboomhotel.nl\/de\/wp-json\/wp\/v2\/pages\/1228","targetHints":{"allow":["GET"]}}],"collection":[{"href":"https:\/\/kaboomhotel.nl\/de\/wp-json\/wp\/v2\/pages"}],"about":[{"href":"https:\/\/kaboomhotel.nl\/de\/wp-json\/wp\/v2\/types\/page"}],"author":[{"embeddable":true,"href":"https:\/\/kaboomhotel.nl\/de\/wp-json\/wp\/v2\/users\/3"}],"replies":[{"embeddable":true,"href":"https:\/\/kaboomhotel.nl\/de\/wp-json\/wp\/v2\/comments?post=1228"}],"version-history":[{"count":0,"href":"https:\/\/kaboomhotel.nl\/de\/wp-json\/wp\/v2\/pages\/1228\/revisions"}],"up":[{"embeddable":true,"href":"https:\/\/kaboomhotel.nl\/de\/wp-json\/wp\/v2\/pages\/1227"}],"wp:attachment":[{"href":"https:\/\/kaboomhotel.nl\/de\/wp-json\/wp\/v2\/media?parent=1228"}],"curies":[{"name":"wp","href":"https:\/\/api.w.org\/{rel}","templated":true}]}}