{"id":1232,"date":"2022-08-29T16:18:15","date_gmt":"2022-08-29T14:18:15","guid":{"rendered":"https:\/\/kaboomhotel.nl\/bleiben\/"},"modified":"2025-03-24T16:30:40","modified_gmt":"2025-03-24T15:30:40","slug":"aufenthalt","status":"publish","type":"page","link":"https:\/\/kaboomhotel.nl\/de\/aufenthalt\/","title":{"rendered":"Aufenthalt"},"content":{"rendered":"\n\t<section class=\"section\" id=\"section_148223883\">\n\t\t<div class=\"section-bg fill\" >\n\t\t\t\t\t\t\t\t\t\n\t\t\t\n\n\t\t<\/div>\n\n\t\t\n\n\t\t<div class=\"section-content relative\">\n\t\t\t\n\n\n  <div class=\"banner has-hover hide-for-small\" id=\"banner-618652654\">\n          <div class=\"banner-inner fill\">\n        <div class=\"banner-bg fill\" >\n            <img decoding=\"async\" width=\"1448\" height=\"600\" src=\"https:\/\/kaboomhotel.nl\/wp-content\/uploads\/2022\/09\/Kaboom-wallpaper.jpg\" class=\"bg attachment-original size-original\" alt=\"Designmotief gebruikt op hotelmuren in blauw | Kaboom Hotel\" \/>                        <div class=\"overlay\"><\/div>            \n                    <\/div>\n\t\t\n        <div class=\"banner-layers container\">\n            <div class=\"fill banner-link\"><\/div>            \n\n\n        <\/div>\n      <\/div>\n\n            \n<style>\n#banner-618652654 {\n  padding-top: 100px;\n}\n#banner-618652654 .overlay {\n  background-color: rgba(255, 255, 255, 0.703);\n}\n#banner-618652654 .banner-bg img {\n  object-position: 57% 46%;\n}\n@media (min-width:550px) {\n  #banner-618652654 {\n    padding-top: 100px;\n  }\n}\n<\/style>\n  <\/div>\n\n\n\n  <div class=\"banner has-hover show-for-small\" id=\"banner-295341767\">\n          <div class=\"banner-inner fill\">\n        <div class=\"banner-bg fill\" >\n            <img decoding=\"async\" width=\"678\" height=\"221\" src=\"https:\/\/kaboomhotel.nl\/wp-content\/uploads\/2022\/10\/Kaboom-wallpaper-mobile.jpg\" class=\"bg attachment-original size-original\" alt=\"Designmotief gebruikt op hotelmuren in blauw | Kaboom Hotel\" \/>                        <div class=\"overlay\"><\/div>            \n                    <\/div>\n\t\t\n        <div class=\"banner-layers container\">\n            <div class=\"fill banner-link\"><\/div>            \n\n\n        <\/div>\n      <\/div>\n\n            \n<style>\n#banner-295341767 {\n  padding-top: 100px;\n}\n#banner-295341767 .overlay {\n  background-color: rgba(255, 255, 255, 0.703);\n}\n#banner-295341767 .banner-bg img {\n  object-position: 56% 100%;\n}\n@media (min-width:550px) {\n  #banner-295341767 {\n    padding-top: 100px;\n  }\n}\n<\/style>\n  <\/div>\n\n\n\n\t\t<\/div>\n\n\t\t\n<style>\n#section_148223883 {\n  padding-top: 0px;\n  padding-bottom: 0px;\n}\n<\/style>\n\t<\/section>\n\t\n\n\t<section class=\"section\" id=\"section_1251963185\">\n\t\t<div class=\"section-bg fill\" >\n\t\t\t\t\t\t\t\t\t\n\t\t\t\n\n\t\t<\/div>\n\n\t\t\n\n\t\t<div class=\"section-content relative\">\n\t\t\t\n<div class=\"row align-equal align-center\"  id=\"row-1144781172\">\n\n\t<div id=\"col-228052313\" class=\"col small-12 large-12\"  >\n\t\t\t\t<div class=\"col-inner\"  >\n\t\t\t\n\t\t\t\n<div class=\"container section-title-container\" ><h1 class=\"section-title section-title-center\"><b><\/b><span class=\"section-title-main\" >Ein Aufenthalt im Kaboom Hotel<\/span><b><\/b><\/h1><\/div>\n\t\t<\/div>\n\t\t\t\t\t<\/div>\n\n\t\n\n\t<div id=\"col-272734075\" class=\"col small-12 large-12\"  >\n\t\t\t\t<div class=\"col-inner\"  >\n\t\t\t\n\t\t\t\n\t<div id=\"text-671792573\" class=\"text\">\n\t\t\n<p style=\"text-align: center;\"><span style=\"font-weight: 400;\">W\u00e4hrend Ihres Hotelaufenthalts wohnen Sie im lebhaften Stadtteil Wyck, im Zentrum von Maastricht. Und genau dort sollten Sie sich aufhalten, denn Wyck ist voll von stimmungsvollen Stra\u00dfen, authentischen Gesch\u00e4ften und trendigen Caf\u00e9s und Restaurants.<\/span><\/p>\n\t\t\n<style>\n#text-671792573 {\n  text-align: center;\n}\n<\/style>\n\t<\/div>\n\t\n\t\t<\/div>\n\t\t\t\t\t<\/div>\n\n\t\n\n\t<div id=\"col-555489765\" class=\"col medium-3 small-12 large-3\"  >\n\t\t\t\t<div class=\"col-inner\"  >\n\t\t\t\n\t\t\t\n\t<div id=\"text-3430655867\" class=\"text\">\n\t\t\n<p><strong><i class=\"fa-light fa-hotel\"><\/i> Ausstattung des Hotels<\/strong><\/p>\n<p><i class=\"fa-light fa-gauge-max\"><\/i>\u00a0 Express-Check-in-Kiosk<br \/>\n<i class=\"fa-light fa-bed\"><\/i>\u00a0 79 zimmer (rauchfrei)<br \/>\n<i class=\"fa-light fa-wifi\"><\/i>\u00a0 Kostenloses WLAN<br \/>\n<i class=\"fa-light fa-elevator\"><\/i>\u00a0 Aufzug<br \/>\n<i class=\"fa-light fa-bench-tree\"><\/i>\u00a0 Patiogarten<br \/>\n<i class=\"fa-light fa-map-location-dot\"><\/i>\u00a0 Kostenloser stadtplan<br \/>\n<i class=\"fa-light fa-camera-cctv\"><\/i>\u00a0 Video\u00fcberwachung (nein, nicht in Ihrem Hotelzimmer)<br \/>\n<i class=\"fa-light fa-temperature-snow\"><\/i>\u00a0 Klimatisierung<br \/>\n\t\t\n<style>\n#text-3430655867 {\n  color: rgb(0, 0, 0);\n}\n#text-3430655867 > * {\n  color: rgb(0, 0, 0);\n}\n<\/style>\n\t<\/div>\n\t\n\t\t<\/div>\n\t\t\t\t\t<\/div>\n\n\t\n\n\t<div id=\"col-609747221\" class=\"col medium-3 small-12 large-3\"  >\n\t\t\t\t<div class=\"col-inner\"  >\n\t\t\t\n\t\t\t\n\t<div id=\"text-203429353\" class=\"text\">\n\t\t\n<p><strong><i class=\"fa-light fa-pot-food\"><\/i> Essen &amp; Getr\u00e4nke<\/strong><\/p>\n<p><i class=\"fa-light fa-croissant\"><\/i>\u00a0 Fr\u00fchst\u00fccksbuffet<br \/>\n<i class=\"fa-light fa-burger-soda\"><\/i>\u00a0 Erfrischungsgetr\u00e4nke &amp; snacks<br \/>\n<i class=\"fa-light fa-utensils\"><\/i>\u00a0 Mehr zu <a href=\"https:\/\/kaboomhotel.nl\/de\/essen-trinken\/\">Essen &amp; trinken?<\/a> Erkunden sie den rest der stadt!<br \/>\n\t\t\n<style>\n#text-203429353 {\n  color: rgb(0, 0, 0);\n}\n#text-203429353 > * {\n  color: rgb(0, 0, 0);\n}\n<\/style>\n\t<\/div>\n\t\n\t\t<\/div>\n\t\t\t\t\t<\/div>\n\n\t\n\n\t<div id=\"col-1926685421\" class=\"col medium-3 small-12 large-3\"  >\n\t\t\t\t<div class=\"col-inner\"  >\n\t\t\t\n\t\t\t\n\t<div id=\"text-2192194821\" class=\"text\">\n\t\t\n<p><strong><i class=\"fa-light fa-bell-concierge\"><\/i>\u00a0Dienstleistungen<\/strong><\/p>\n<p><i class=\"fa-light fa-clock-rotate-left\"><\/i>\u00a0 24\/7 rezeption<br \/>\n<i class=\"fa-light fa-clothes-hanger\"><\/i>\u00a0 Kostenloser stadtplan (damit Sie sich nicht verirren)<br \/>\n<a href=\"#pillow-menu\"><i class=\"fa-light fa-snooze\"><\/i>\u00a0 Reinigungsservice<\/a><br \/>\n<i class=\"fa-light fa-shapes\"><\/i>\u00a0 Lego f\u00fcr die kinder<br \/>\n<i class=\"fa-light fa-moped\"><\/i> Fahrradvermietung<br \/>\n\t\t\n<style>\n#text-2192194821 {\n  color: rgb(0, 0, 0);\n}\n#text-2192194821 > * {\n  color: rgb(0, 0, 0);\n}\n<\/style>\n\t<\/div>\n\t\n\t\t<\/div>\n\t\t\t\t\n<style>\n#col-1926685421 > .col-inner {\n  margin: 0px 0px -39px 0px;\n}\n<\/style>\n\t<\/div>\n\n\t\n<\/div>\n\t\t<\/div>\n\n\t\t\n<style>\n#section_1251963185 {\n  padding-top: 30px;\n  padding-bottom: 30px;\n}\n<\/style>\n\t<\/section>\n\t\n<div class=\"text-center\"><div class=\"is-divider divider clearfix\" style=\"max-width:700px;\"><\/div><\/div>\n\n\t<section class=\"section\" id=\"section_188201060\">\n\t\t<div class=\"section-bg fill\" >\n\t\t\t\t\t\t\t\t\t\n\t\t\t\n\n\t\t<\/div>\n\n\t\t\n\n\t\t<div class=\"section-content relative\">\n\t\t\t\n<div class=\"row row-collapse\"  id=\"row-592000011\">\n\n\t<div id=\"col-441263515\" class=\"col medium-6 small-12 large-6\"  >\n\t\t\t\t<div class=\"col-inner\"  >\n\t\t\t\n\t\t\t\n<h3><i class=\"fa-light fa-bed\"><\/i> <a href=\"\/de\/zimmer\/\">Zimmer<\/a><\/h3>\n<p>Bei Kaboom erhalten Sie den Schl\u00fcssel zu Ihrem eigenen Zimmer, das alles enth\u00e4lt, was Sie f\u00fcr einen sch\u00f6nen Aufenthalt in Maastricht brauchen. Ein bequemes Bett mit flauschiger Bettw\u00e4sche, ein Power-Badezimmer mit Regendusche und kostenloses WLAN.<\/p>\n\t<div id=\"gap-1900983196\" class=\"gap-element clearfix\" style=\"display:block; height:auto;\">\n\t\t\n<style>\n#gap-1900983196 {\n  padding-top: 20px;\n}\n<\/style>\n\t<\/div>\n\t\n<a href=\"https:\/\/kaboomhotel.nl\/de\/schlafen\/\" class=\"button primary is-small\"  style=\"border-radius:99px;\">\n\t\t<span>Zimmer ansehen<\/span>\n\t<\/a>\n\n\t\t<\/div>\n\t\t\t\t\t<\/div>\n\n\t\n\n\t<div id=\"col-1952320269\" class=\"col medium-6 small-12 large-6 small-col-first\"  >\n\t\t\t\t<div class=\"col-inner\"  >\n\t\t\t\n\t\t\t\n\t<div class=\"img has-hover x md-x lg-x y md-y lg-y\" id=\"image_1815534816\">\n\t\t<a class=\"\" href=\"https:\/\/kaboomhotel.nl\/de\/schlafen\/\" >\t\t\t\t\t\t<div class=\"img-inner box-shadow-3 dark\" >\n\t\t\t<img decoding=\"async\" width=\"800\" height=\"600\" src=\"https:\/\/kaboomhotel.nl\/wp-content\/uploads\/2022\/10\/Familiekamer-Maastricht-Kaboom-kindvriendelijk-familiehotel-4-family-large.jpg\" class=\"attachment-original size-original\" alt=\"Helles Zimmer mit einem Doppelbett und zwei Einzelbetten und einem Schreibtisch | Kaboom-Hotel\" srcset=\"https:\/\/kaboomhotel.nl\/wp-content\/uploads\/2022\/10\/Familiekamer-Maastricht-Kaboom-kindvriendelijk-familiehotel-4-family-large.jpg 800w, https:\/\/kaboomhotel.nl\/wp-content\/uploads\/2022\/10\/Familiekamer-Maastricht-Kaboom-kindvriendelijk-familiehotel-4-family-large-300x225.jpg 300w, https:\/\/kaboomhotel.nl\/wp-content\/uploads\/2022\/10\/Familiekamer-Maastricht-Kaboom-kindvriendelijk-familiehotel-4-family-large-768x576.jpg 768w\" sizes=\"(max-width: 800px) 100vw, 800px\" \/>\t\t\t\t\t\t\n\t\t\t\t\t<\/div>\n\t\t\t\t\t\t<\/a>\t\t\n<style>\n#image_1815534816 {\n  width: 100%;\n}\n<\/style>\n\t<\/div>\n\t\n\t\t<\/div>\n\t\t\t\t\t<\/div>\n\n\t\n\n<style>\n#row-592000011 > .col > .col-inner {\n  padding: 0px 20px 0 20px;\n}\n@media (min-width:550px) {\n  #row-592000011 > .col > .col-inner {\n    padding: 35px 50px 50px 50px;\n  }\n}\n<\/style>\n<\/div>\n<div class=\"text-center\"><div class=\"is-divider divider clearfix\" style=\"max-width:700px;\"><\/div><\/div>\n\t\t<\/div>\n\n\t\t\n<style>\n#section_188201060 {\n  padding-top: 0px;\n  padding-bottom: 0px;\n}\n<\/style>\n\t<\/section>\n\t\n\n\t<section class=\"section\" id=\"section_1054900582\">\n\t\t<div class=\"section-bg fill\" >\n\t\t\t\t\t\t\t\t\t\n\t\t\t\n\n\t\t<\/div>\n\n\t\t\n\n\t\t<div class=\"section-content relative\">\n\t\t\t\n<div class=\"row row-collapse\"  id=\"row-649311419\">\n\n\t<div id=\"col-1833150558\" class=\"col medium-6 small-12 large-6\"  >\n\t\t\t\t<div class=\"col-inner\"  >\n\t\t\t\n\t\t\t\n\t<div class=\"img has-hover x md-x lg-x y md-y lg-y\" id=\"image_672776399\">\n\t\t<a class=\"\" href=\"https:\/\/kaboomhotel.nl\/de\/essen-trinken\/\" >\t\t\t\t\t\t<div class=\"img-inner box-shadow-3 dark\" >\n\t\t\t<img decoding=\"async\" width=\"800\" height=\"600\" src=\"https:\/\/kaboomhotel.nl\/wp-content\/uploads\/2022\/09\/Kaboom-ontbijt-1.jpg\" class=\"attachment-original size-original\" alt=\"Tabelle mit abwechslungsreichem Fr\u00fchst\u00fcck | Kaboom-Hotel\" srcset=\"https:\/\/kaboomhotel.nl\/wp-content\/uploads\/2022\/09\/Kaboom-ontbijt-1.jpg 800w, https:\/\/kaboomhotel.nl\/wp-content\/uploads\/2022\/09\/Kaboom-ontbijt-1-300x225.jpg 300w, https:\/\/kaboomhotel.nl\/wp-content\/uploads\/2022\/09\/Kaboom-ontbijt-1-768x576.jpg 768w\" sizes=\"(max-width: 800px) 100vw, 800px\" \/>\t\t\t\t\t\t\n\t\t\t\t\t<\/div>\n\t\t\t\t\t\t<\/a>\t\t\n<style>\n#image_672776399 {\n  width: 100%;\n}\n<\/style>\n\t<\/div>\n\t\n\t\t<\/div>\n\t\t\t\t\t<\/div>\n\n\t\n\n\t<div id=\"col-1905331465\" class=\"col medium-6 small-12 large-6\"  >\n\t\t\t\t<div class=\"col-inner\"  >\n\t\t\t\n\t\t\t\n<h3><i class=\"fa-light fa-pot-food\"><\/i> <a href=\"https:\/\/kaboomhotel.nl\/de\/essen-trinken\/\">Essen &amp; Trinken<\/a><\/h3>\n<p>Wir bei Kaboom wissen, wie wichtig es ist, sich zu am\u00fcsieren. Und mit leerem Magen kann man sich nicht wirklich am\u00fcsieren!<\/p>\n\t<div id=\"gap-1663197890\" class=\"gap-element clearfix\" style=\"display:block; height:auto;\">\n\t\t\n<style>\n#gap-1663197890 {\n  padding-top: 20px;\n}\n<\/style>\n\t<\/div>\n\t\n<a href=\"https:\/\/kaboomhotel.nl\/de\/essen-trinken\/\" class=\"button primary is-small\"  style=\"border-radius:99px;\">\n\t\t<span>MEHR INFO<\/span>\n\t<\/a>\n\n\t\t<\/div>\n\t\t\t\t\t<\/div>\n\n\t\n\n<style>\n#row-649311419 > .col > .col-inner {\n  padding: 0px 20px 0px 20px;\n}\n@media (min-width:550px) {\n  #row-649311419 > .col > .col-inner {\n    padding: 35px 50px 50px 50px;\n  }\n}\n<\/style>\n<\/div>\n<div class=\"text-center\"><div class=\"is-divider divider clearfix\" style=\"max-width:700px;\"><\/div><\/div>\n\t\t<\/div>\n\n\t\t\n<style>\n#section_1054900582 {\n  padding-top: 0px;\n  padding-bottom: 0px;\n}\n<\/style>\n\t<\/section>\n\t\n\n\t<section class=\"section\" id=\"section_604662758\">\n\t\t<div class=\"section-bg fill\" >\n\t\t\t\t\t\t\t\t\t\n\t\t\t\n\n\t\t<\/div>\n\n\t\t\n\n\t\t<div class=\"section-content relative\">\n\t\t\t\n<div class=\"row row-collapse\"  id=\"row-1991488573\">\n\n\t<div id=\"col-1215257549\" class=\"col medium-6 small-12 large-6\"  >\n\t\t\t\t<div class=\"col-inner\"  >\n\t\t\t\n\t\t\t\n<h3><i class=\"fa-light fa-tree-deciduous\"><\/i> Patio<\/h3>\n<p><span style=\"font-weight: 400;\">Ein entspannender Ort, um mit anderen Hotelg\u00e4sten zu plaudern, zu entspannen oder zu arbeiten, ist unser Terrassengarten im 1. Denn auch hier empf\u00e4ngt Ihr Mobilger\u00e4t das Wi-Fi-Signal. Senden Sie die E-Mail mit dem gro\u00dfen Anhang und laden Sie das Video hoch. Sie m\u00fcssen ohnehin nicht auf Ihre MBs achten.<\/span><\/p>\n\t\t<\/div>\n\t\t\t\t\n<style>\n#col-1215257549 > .col-inner {\n  margin: 0 0px 0px 0px;\n}\n<\/style>\n\t<\/div>\n\n\t\n\n\t<div id=\"col-1651521514\" class=\"col medium-6 small-12 large-6 small-col-first\"  >\n\t\t\t\t<div class=\"col-inner\"  >\n\t\t\t\n\t\t\t\n\t<div class=\"img has-hover x md-x lg-x y md-y lg-y\" id=\"image_1393713149\">\n\t\t\t\t\t\t\t\t<div class=\"img-inner box-shadow-3 dark\" >\n\t\t\t<img decoding=\"async\" width=\"800\" height=\"533\" src=\"https:\/\/kaboomhotel.nl\/wp-content\/uploads\/2022\/09\/Kaboom-patio-garden-1.jpg\" class=\"attachment-original size-original\" alt=\"Holzterrassen, wei\u00dfe B\u00e4nke und Pflanzen | Kaboom-Hotel\" srcset=\"https:\/\/kaboomhotel.nl\/wp-content\/uploads\/2022\/09\/Kaboom-patio-garden-1.jpg 800w, https:\/\/kaboomhotel.nl\/wp-content\/uploads\/2022\/09\/Kaboom-patio-garden-1-300x200.jpg 300w, https:\/\/kaboomhotel.nl\/wp-content\/uploads\/2022\/09\/Kaboom-patio-garden-1-768x512.jpg 768w\" sizes=\"(max-width: 800px) 100vw, 800px\" \/>\t\t\t\t\t\t\n\t\t\t\t\t<\/div>\n\t\t\t\t\t\t\t\t\n<style>\n#image_1393713149 {\n  width: 100%;\n}\n<\/style>\n\t<\/div>\n\t\n\t\t<\/div>\n\t\t\t\t\t<\/div>\n\n\t\n\n<style>\n#row-1991488573 > .col > .col-inner {\n  padding: 0px 20px 0px 20px;\n}\n@media (min-width:550px) {\n  #row-1991488573 > .col > .col-inner {\n    padding: 35px 50px 50px 50px;\n  }\n}\n<\/style>\n<\/div>\n<div class=\"text-center\"><div class=\"is-divider divider clearfix\" style=\"max-width:700px;\"><\/div><\/div>\n\t\t<\/div>\n\n\t\t\n<style>\n#section_604662758 {\n  padding-top: 0px;\n  padding-bottom: 0px;\n}\n<\/style>\n\t<\/section>\n\t\n\n\t<section class=\"section\" id=\"section_1368023809\">\n\t\t<div class=\"section-bg fill\" >\n\t\t\t\t\t\t\t\t\t\n\t\t\t\n\n\t\t<\/div>\n\n\t\t\n\n\t\t<div class=\"section-content relative\">\n\t\t\t\n<div class=\"row row-collapse\"  id=\"row-593564017\">\n\n\t<div id=\"col-1374726412\" class=\"col medium-6 small-12 large-6 small-col-first\"  >\n\t\t\t\t<div class=\"col-inner\"  >\n\t\t\t\n\t\t\t\n\t<div class=\"img has-hover x md-x lg-x y md-y lg-y\" id=\"image_2000665083\">\n\t\t\t\t\t\t\t\t<div class=\"img-inner box-shadow-3 dark\" >\n\t\t\t<img decoding=\"async\" width=\"800\" height=\"601\" src=\"https:\/\/kaboomhotel.nl\/wp-content\/uploads\/2022\/09\/Kaboom-pillow-detail.jpg\" class=\"attachment-original size-original\" alt=\"Bett mit Kopfkissen und Lampe auf einer Seite | Kaboom-Hotel\" srcset=\"https:\/\/kaboomhotel.nl\/wp-content\/uploads\/2022\/09\/Kaboom-pillow-detail.jpg 800w, https:\/\/kaboomhotel.nl\/wp-content\/uploads\/2022\/09\/Kaboom-pillow-detail-300x225.jpg 300w, https:\/\/kaboomhotel.nl\/wp-content\/uploads\/2022\/09\/Kaboom-pillow-detail-768x577.jpg 768w\" sizes=\"(max-width: 800px) 100vw, 800px\" \/>\t\t\t\t\t\t\n\t\t\t\t\t<\/div>\n\t\t\t\t\t\t\t\t\n<style>\n#image_2000665083 {\n  width: 100%;\n}\n<\/style>\n\t<\/div>\n\t\n\t\t<\/div>\n\t\t\t\t\t<\/div>\n\n\t\n\n\t<div id=\"col-1550869325\" class=\"col medium-6 small-12 large-6\"  >\n\t\t\t\t<div class=\"col-inner\"  >\n\t\t\t\n\t\t\t\n<span class=\"scroll-to\" data-label=\"Scroll to: #pillow-menu\" data-bullet=\"false\" data-link=\"#pillow-menu\" data-title=\"pillow-menu\" ><a name=\"pillow-menu\"><\/a><\/span>\n<h3><b><i class=\"fa-light fa-snooze\"><\/i> W\u00e4hlen Sie Ihr Lieblingskissen<\/b><\/h3>\n<p><span style=\"font-weight: 400;\">Ihr Lieblingskissen, genau wie zu Hause! Wenn Sie Ihr Kopfkissen w\u00e4hrend Ihres Aufenthalts wechseln m\u00f6chten, hilft Ihnen die Rezeption gerne weiter. Alle Kopfkissen k\u00f6nnen je nach Verf\u00fcgbarkeit angefordert werden.<\/span><\/p>\n\t\t<\/div>\n\t\t\t\t\t<\/div>\n\n\t\n\n<style>\n#row-593564017 > .col > .col-inner {\n  padding: 0px 20px 0px 20px;\n}\n@media (min-width:550px) {\n  #row-593564017 > .col > .col-inner {\n    padding: 35px 50px 50px 50px;\n  }\n}\n<\/style>\n<\/div>\n<div class=\"text-center\"><div class=\"is-divider divider clearfix\" style=\"max-width:700px;\"><\/div><\/div>\n\t\t<\/div>\n\n\t\t\n<style>\n#section_1368023809 {\n  padding-top: 0px;\n  padding-bottom: 0px;\n}\n<\/style>\n\t<\/section>\n\t\n\n\t<section class=\"section\" id=\"section_995904552\">\n\t\t<div class=\"section-bg fill\" >\n\t\t\t\t\t\t\t\t\t\n\t\t\t\n\n\t\t<\/div>\n\n\t\t\n\n\t\t<div class=\"section-content relative\">\n\t\t\t\n<div class=\"row row-collapse\"  id=\"row-1983609266\">\n\n\t<div id=\"col-710359112\" class=\"col medium-6 small-12 large-6\"  >\n\t\t\t\t<div class=\"col-inner\"  >\n\t\t\t\n\t\t\t\n<h3><i class=\"fa-light fa-paw\"><\/i> Familie Baum<\/h3>\n<p><span style=\"font-weight: 400;\">Wollten Sie schon immer mal eine Stabheuschrecke zu Gast haben?<\/span><\/p>\n<p><span style=\"font-weight: 400;\"> Die Stabheuschrecken Karel, Katrien, Kanye und Karolien leben im Hotel und kommen gerne in Ihr Zimmer (in einem Terrarium), um Ihnen zus\u00e4tzliche Gesellschaft und Unterhaltung zu bieten.<\/span><\/p>\n\t\t<\/div>\n\t\t\t\t\t<\/div>\n\n\t\n\n\t<div id=\"col-1607784359\" class=\"col medium-6 small-12 large-6 small-col-first\"  >\n\t\t\t\t<div class=\"col-inner\"  >\n\t\t\t\n\t\t\t\n\t<div class=\"img has-hover x md-x lg-x y md-y lg-y\" id=\"image_2035281783\">\n\t\t\t\t\t\t\t\t<div class=\"img-inner box-shadow-3 dark\" >\n\t\t\t<img decoding=\"async\" width=\"800\" height=\"600\" src=\"https:\/\/kaboomhotel.nl\/wp-content\/uploads\/2022\/09\/wandelende-tak-kaboom-hotel-maastricht-1.jpg\" class=\"attachment-original size-original\" alt=\"Stabheuschrecke im Terrarium auf Anfrage im Zimmer | Kaboom-Hotel\" srcset=\"https:\/\/kaboomhotel.nl\/wp-content\/uploads\/2022\/09\/wandelende-tak-kaboom-hotel-maastricht-1.jpg 800w, https:\/\/kaboomhotel.nl\/wp-content\/uploads\/2022\/09\/wandelende-tak-kaboom-hotel-maastricht-1-300x225.jpg 300w, https:\/\/kaboomhotel.nl\/wp-content\/uploads\/2022\/09\/wandelende-tak-kaboom-hotel-maastricht-1-768x576.jpg 768w\" sizes=\"(max-width: 800px) 100vw, 800px\" \/>\t\t\t\t\t\t\n\t\t\t\t\t<\/div>\n\t\t\t\t\t\t\t\t\n<style>\n#image_2035281783 {\n  width: 100%;\n}\n<\/style>\n\t<\/div>\n\t\n\t\t<\/div>\n\t\t\t\t\t<\/div>\n\n\t\n\n<style>\n#row-1983609266 > .col > .col-inner {\n  padding: 0px 20px 0px 20px;\n}\n@media (min-width:550px) {\n  #row-1983609266 > .col > .col-inner {\n    padding: 35px 50px 50px 50px;\n  }\n}\n<\/style>\n<\/div>\n<div class=\"text-center\"><div class=\"is-divider divider clearfix\" style=\"max-width:700px;\"><\/div><\/div>\n\t\t<\/div>\n\n\t\t\n<style>\n#section_995904552 {\n  padding-top: 0px;\n  padding-bottom: 0px;\n}\n<\/style>\n\t<\/section>\n\t\n\n\t<section class=\"section\" id=\"section_454520727\">\n\t\t<div class=\"section-bg fill\" >\n\t\t\t\t\t\t\t\t\t\n\t\t\t\n\n\t\t<\/div>\n\n\t\t\n\n\t\t<div class=\"section-content relative\">\n\t\t\t\n<div class=\"row row-collapse\"  id=\"row-98676180\">\n\n\t<div id=\"col-1542977944\" class=\"col medium-6 small-12 large-6 small-col-first\"  >\n\t\t\t\t<div class=\"col-inner\"  >\n\t\t\t\n\t\t\t\n\t<div class=\"img has-hover x md-x lg-x y md-y lg-y\" id=\"image_1636664532\">\n\t\t<a class=\"\" href=\"https:\/\/kaboomhotel.nl\/de\/standort\/\" >\t\t\t\t\t\t<div class=\"img-inner box-shadow-3 dark\" >\n\t\t\t<img decoding=\"async\" width=\"1203\" height=\"800\" src=\"https:\/\/kaboomhotel.nl\/wp-content\/uploads\/2024\/05\/De-colonel.jpg\" class=\"attachment-original size-original\" alt=\"De colonel Qpark\" srcset=\"https:\/\/kaboomhotel.nl\/wp-content\/uploads\/2024\/05\/De-colonel.jpg 1203w, https:\/\/kaboomhotel.nl\/wp-content\/uploads\/2024\/05\/De-colonel-300x200.jpg 300w, https:\/\/kaboomhotel.nl\/wp-content\/uploads\/2024\/05\/De-colonel-1024x681.jpg 1024w, https:\/\/kaboomhotel.nl\/wp-content\/uploads\/2024\/05\/De-colonel-768x511.jpg 768w\" sizes=\"(max-width: 1203px) 100vw, 1203px\" \/>\t\t\t\t\t\t\n\t\t\t\t\t<\/div>\n\t\t\t\t\t\t<\/a>\t\t\n<style>\n#image_1636664532 {\n  width: 100%;\n}\n<\/style>\n\t<\/div>\n\t\n\t\t<\/div>\n\t\t\t\t\t<\/div>\n\n\t\n\n\t<div id=\"col-1780431286\" class=\"col medium-6 small-12 large-6\"  >\n\t\t\t\t<div class=\"col-inner\"  >\n\t\t\t\n\t\t\t\n<h3><b><i class=\"fa-light fa-location-dot\"><\/i><a href=\"https:\/\/prokaboom.wpengine.com\/de\/hotel-parking\/\" target=\"_blank\" rel=\"noopener\"> Parken<\/a><\/b><\/h3>\n<p class=\"\" data-start=\"8\" data-end=\"260\">Bei Q-Park P+R Station Maastricht, weniger als 5 Gehminuten von unserem Hotel entfernt, kannst du f\u00fcr nur 15 \u20ac pro 24 Stunden parken. BAM! Das nennen wir mal einen guten Deal: Hotel mitten im Zentrum von Maastricht und ein Parkplatz gleich um die Ecke!<\/p>\n\t<div id=\"gap-972644132\" class=\"gap-element clearfix\" style=\"display:block; height:auto;\">\n\t\t\n<style>\n#gap-972644132 {\n  padding-top: 20px;\n}\n<\/style>\n\t<\/div>\n\t\n<a href=\"\/de\/hotel-parking\/\" class=\"button primary is-small\"  style=\"border-radius:99px;\">\n\t\t<span>PARKEN INFO<\/span>\n\t<\/a>\n\n\t\t<\/div>\n\t\t\t\t\t<\/div>\n\n\t\n\n<style>\n#row-98676180 > .col > .col-inner {\n  padding: 0px 20px 0px 20px;\n}\n@media (min-width:550px) {\n  #row-98676180 > .col > .col-inner {\n    padding: 35px 50px 50px 50px;\n  }\n}\n<\/style>\n<\/div>\n\t\t<\/div>\n\n\t\t\n<style>\n#section_454520727 {\n  padding-top: 0px;\n  padding-bottom: 0px;\n}\n<\/style>\n\t<\/section>\n\t\n","protected":false},"excerpt":{"rendered":"","protected":false},"author":3,"featured_media":0,"parent":0,"menu_order":4,"comment_status":"closed","ping_status":"closed","template":"page-blank.php","meta":{"footnotes":""},"class_list":["post-1232","page","type-page","status-publish","hentry"],"_links":{"self":[{"href":"https:\/\/kaboomhotel.nl\/de\/wp-json\/wp\/v2\/pages\/1232","targetHints":{"allow":["GET"]}}],"collection":[{"href":"https:\/\/kaboomhotel.nl\/de\/wp-json\/wp\/v2\/pages"}],"about":[{"href":"https:\/\/kaboomhotel.nl\/de\/wp-json\/wp\/v2\/types\/page"}],"author":[{"embeddable":true,"href":"https:\/\/kaboomhotel.nl\/de\/wp-json\/wp\/v2\/users\/3"}],"replies":[{"embeddable":true,"href":"https:\/\/kaboomhotel.nl\/de\/wp-json\/wp\/v2\/comments?post=1232"}],"version-history":[{"count":0,"href":"https:\/\/kaboomhotel.nl\/de\/wp-json\/wp\/v2\/pages\/1232\/revisions"}],"wp:attachment":[{"href":"https:\/\/kaboomhotel.nl\/de\/wp-json\/wp\/v2\/media?parent=1232"}],"curies":[{"name":"wp","href":"https:\/\/api.w.org\/{rel}","templated":true}]}}