{"id":1234,"date":"2022-09-08T11:55:03","date_gmt":"2022-09-08T09:55:03","guid":{"rendered":"https:\/\/kaboomhotel.nl\/essen-trinken\/restaurant-alex\/"},"modified":"2025-08-01T15:21:27","modified_gmt":"2025-08-01T13:21:27","slug":"restaurant-alex","status":"publish","type":"page","link":"https:\/\/kaboomhotel.nl\/de\/essen-trinken\/restaurant-alex\/","title":{"rendered":"Restaurant Alex"},"content":{"rendered":"\n\t<section class=\"section\" id=\"section_1950874367\">\n\t\t<div class=\"section-bg fill\" >\n\t\t\t\t\t\t\t\t\t\n\t\t\t\n\n\t\t<\/div>\n\n\t\t\n\n\t\t<div class=\"section-content relative\">\n\t\t\t\r\n\r\n\n  <div class=\"banner has-hover hide-for-small\" id=\"banner-435511432\">\n          <div class=\"banner-inner fill\">\n        <div class=\"banner-bg fill\" >\n            <img decoding=\"async\" width=\"1448\" height=\"600\" src=\"https:\/\/kaboomhotel.nl\/wp-content\/uploads\/2022\/09\/Kaboom-wallpaper.jpg\" class=\"bg attachment-original size-original\" alt=\"Designmotiv verwendet in Hotelzimmer in blau | Kaboom-Hotel\" \/>                        <div class=\"overlay\"><\/div>            \n                    <\/div>\n\t\t\n        <div class=\"banner-layers container\">\n            <div class=\"fill banner-link\"><\/div>            \r\n\r\n        <\/div>\n      <\/div>\n\n            \n<style>\n#banner-435511432 {\n  padding-top: 100px;\n}\n#banner-435511432 .overlay {\n  background-color: rgba(255, 255, 255, 0.703);\n}\n#banner-435511432 .banner-bg img {\n  object-position: 48% 47%;\n}\n@media (min-width:550px) {\n  #banner-435511432 {\n    padding-top: 100px;\n  }\n}\n<\/style>\n  <\/div>\n\n\r\n\n  <div class=\"banner has-hover show-for-small\" id=\"banner-974779947\">\n          <div class=\"banner-inner fill\">\n        <div class=\"banner-bg fill\" >\n            <img decoding=\"async\" width=\"678\" height=\"221\" src=\"https:\/\/kaboomhotel.nl\/wp-content\/uploads\/2022\/10\/Kaboom-wallpaper-mobile.jpg\" class=\"bg attachment-original size-original\" alt=\"Designmotiv an Hotelw\u00e4nden in Blau | Kaboom-Hotel\" \/>                        <div class=\"overlay\"><\/div>            \n                    <\/div>\n\t\t\n        <div class=\"banner-layers container\">\n            <div class=\"fill banner-link\"><\/div>            \r\n\r\n        <\/div>\n      <\/div>\n\n            \n<style>\n#banner-974779947 {\n  padding-top: 100px;\n}\n#banner-974779947 .overlay {\n  background-color: rgba(255, 255, 255, 0.703);\n}\n#banner-974779947 .banner-bg img {\n  object-position: 48% 47%;\n}\n@media (min-width:550px) {\n  #banner-974779947 {\n    padding-top: 100px;\n  }\n}\n<\/style>\n  <\/div>\n\n\r\n\r\n\t\t<\/div>\n\n\t\t\n<style>\n#section_1950874367 {\n  padding-top: 0px;\n  padding-bottom: 0px;\n}\n<\/style>\n\t<\/section>\n\t\n\n\t<section class=\"section\" id=\"section_1590559742\">\n\t\t<div class=\"section-bg fill\" >\n\t\t\t\t\t\t\t\t\t\n\t\t\t\n\n\t\t<\/div>\n\n\t\t\n\n\t\t<div class=\"section-content relative\">\n\t\t\t\n<div class=\"row\"  id=\"row-86515800\">\n\n\t<div id=\"col-658008341\" class=\"col small-12 large-12\"  >\n\t\t\t\t<div class=\"col-inner\"  >\n\t\t\t\n\t\t\t\n<div class=\"container section-title-container\" ><h1 class=\"section-title section-title-center\"><b><\/b><span class=\"section-title-main\" >Restaurant Alex, Maastricht<\/span><b><\/b><\/h1><\/div>\n<nav aria-label=\"breadcrumbs\" class=\"rank-math-breadcrumb\"><p><span class=\"last\">Home<\/span><\/p><\/nav>\n\t\t<\/div>\n\t\t\t\t\n<style>\n#col-658008341 > .col-inner {\n  padding: 0 0px 0px 0px;\n  margin: 0px 0px -30px 0px;\n}\n@media (min-width:550px) {\n  #col-658008341 > .col-inner {\n    padding: 20px 0px 0px 0px;\n  }\n}\n<\/style>\n\t<\/div>\n\n\t\n<\/div>\n<div class=\"row\"  id=\"row-352104249\">\n\n\t<div id=\"col-1125937235\" class=\"col medium-6 small-12 large-6\"  >\n\t\t\t\t<div class=\"col-inner\"  >\n\t\t\t\n\t\t\t\n<h2>Entdeck Restaurant Alex in Wyck<\/h2>\n<p>Im pulsierenden Stadtteil Wyck, nur einen Steinwurf vom Kaboom Hotel entfernt, liegt das Hotel-Restaurant Alex. Ein einzigartiges Restaurant mit einem kulinarischen Erlebnis, das du dir nicht entgehen lassen solltest. <\/p>\n<a href=\"https:\/\/alexmaastricht.nl\/bar\" target=\"_blank\" class=\"button primary is-small\" rel=\"nofollow noopener\" style=\"border-radius:99px;\">\n\t\t<span>ZUR WEBSITE<\/span>\n\t<\/a>\n\n<h2>Weltber\u00fchmt in Maastricht<\/h2>\n<p>Hotel-Restaurant Alex ist in Maastricht weltber\u00fchmt. Nach jahrelangen musikalischen Tourneen rund um den Globus ist Alex wieder zu Hause, direkt um die Ecke im lebhaften Wyck. Im Sommer bietet unsere gem\u00fctliche Terrasse den idealen Ort, um zu entspannen und das sch\u00f6ne Wetter zu genie\u00dfen. Mit einer perfekten Mischung aus Einheimischen und Touristen ist die Terrasse von Alex ein Treffpunkt f\u00fcr jedermann. In den Wintermonaten verlagert sich die Gem\u00fctlichkeit nach drinnen, wo du in einer warmen und stilvollen Atmosph\u00e4re all die k\u00f6stlichen Gerichte unserer Karte genie\u00dfen kannst.     <em>East meets West.<\/em><\/p>\n\t\t<\/div>\n\t\t\t\t\t<\/div>\n\n\t\n\n\t<div id=\"col-165537394\" class=\"col medium-6 small-12 large-6 small-col-first\"  >\n\t\t\t\t<div class=\"col-inner\"  >\n\t\t\t\n\t\t\t\n<div class=\"slider-wrapper relative\" id=\"slider-1967119945\" >\n    <div class=\"slider slider-nav-circle slider-nav-large slider-nav-light slider-style-normal slider-show-nav\"\n        data-flickity-options='{\n            \"cellAlign\": \"center\",\n            \"imagesLoaded\": true,\n            \"lazyLoad\": 1,\n            \"freeScroll\": true,\n            \"wrapAround\": true,\n            \"autoPlay\": 6000,\n            \"pauseAutoPlayOnHover\" : true,\n            \"prevNextButtons\": true,\n            \"contain\" : true,\n            \"adaptiveHeight\" : true,\n            \"dragThreshold\" : 10,\n            \"percentPosition\": true,\n            \"pageDots\": false,\n            \"rightToLeft\": false,\n            \"draggable\": true,\n            \"selectedAttraction\": 0.1,\n            \"parallax\" : 0,\n            \"friction\": 0.6        }'\n        >\n        \n\t<div class=\"img has-hover x md-x lg-x y md-y lg-y\" id=\"image_1689454963\">\n\t\t\t\t\t\t\t\t<div class=\"img-inner box-shadow-3 dark\" >\n\t\t\t<img decoding=\"async\" width=\"800\" height=\"600\" src=\"https:\/\/kaboomhotel.nl\/wp-content\/uploads\/2022\/10\/WERELDBEROEMD-IN-MAASTRICHT-RESTAURANT-ALEX-4.jpg\" class=\"attachment-original size-original\" alt=\"Teller mit einem St\u00fcck Eistorte | Kaboom-Hotel\" srcset=\"https:\/\/kaboomhotel.nl\/wp-content\/uploads\/2022\/10\/WERELDBEROEMD-IN-MAASTRICHT-RESTAURANT-ALEX-4.jpg 800w, https:\/\/kaboomhotel.nl\/wp-content\/uploads\/2022\/10\/WERELDBEROEMD-IN-MAASTRICHT-RESTAURANT-ALEX-4-300x225.jpg 300w, https:\/\/kaboomhotel.nl\/wp-content\/uploads\/2022\/10\/WERELDBEROEMD-IN-MAASTRICHT-RESTAURANT-ALEX-4-768x576.jpg 768w\" sizes=\"(max-width: 800px) 100vw, 800px\" \/>\t\t\t\t\t\t\n\t\t\t\t\t<\/div>\n\t\t\t\t\t\t\t\t\n<style>\n#image_1689454963 {\n  width: 100%;\n}\n<\/style>\n\t<\/div>\n\t\n\t<div class=\"img has-hover x md-x lg-x y md-y lg-y\" id=\"image_281648867\">\n\t\t\t\t\t\t\t\t<div class=\"img-inner dark\" >\n\t\t\t<img decoding=\"async\" width=\"800\" height=\"600\" src=\"https:\/\/kaboomhotel.nl\/wp-content\/uploads\/2022\/10\/WERELDBEROEMD-IN-MAASTRICHT-RESTAURANT-ALEX-5-1.jpg\" class=\"attachment-large size-large\" alt=\"Au\u00dfenansicht des Restaurants Alex am Nachmittag | Kaboom-Hotel\" srcset=\"https:\/\/kaboomhotel.nl\/wp-content\/uploads\/2022\/10\/WERELDBEROEMD-IN-MAASTRICHT-RESTAURANT-ALEX-5-1.jpg 800w, https:\/\/kaboomhotel.nl\/wp-content\/uploads\/2022\/10\/WERELDBEROEMD-IN-MAASTRICHT-RESTAURANT-ALEX-5-1-300x225.jpg 300w, https:\/\/kaboomhotel.nl\/wp-content\/uploads\/2022\/10\/WERELDBEROEMD-IN-MAASTRICHT-RESTAURANT-ALEX-5-1-768x576.jpg 768w\" sizes=\"(max-width: 800px) 100vw, 800px\" \/>\t\t\t\t\t\t\n\t\t\t\t\t<\/div>\n\t\t\t\t\t\t\t\t\n<style>\n#image_281648867 {\n  width: 100%;\n}\n<\/style>\n\t<\/div>\n\t\n\t<div class=\"img has-hover x md-x lg-x y md-y lg-y\" id=\"image_1890870989\">\n\t\t\t\t\t\t\t\t<div class=\"img-inner dark\" >\n\t\t\t<img decoding=\"async\" width=\"800\" height=\"600\" src=\"https:\/\/kaboomhotel.nl\/wp-content\/uploads\/2022\/10\/WERELDBEROEMD-IN-MAASTRICHT-RESTAURANT-ALEX-8.jpg\" class=\"attachment-large size-large\" alt=\"Zwei Teller mit Avocado-Toast und verschiedenen Toppings | Kaboom-Hotel\" srcset=\"https:\/\/kaboomhotel.nl\/wp-content\/uploads\/2022\/10\/WERELDBEROEMD-IN-MAASTRICHT-RESTAURANT-ALEX-8.jpg 800w, https:\/\/kaboomhotel.nl\/wp-content\/uploads\/2022\/10\/WERELDBEROEMD-IN-MAASTRICHT-RESTAURANT-ALEX-8-300x225.jpg 300w, https:\/\/kaboomhotel.nl\/wp-content\/uploads\/2022\/10\/WERELDBEROEMD-IN-MAASTRICHT-RESTAURANT-ALEX-8-768x576.jpg 768w\" sizes=\"(max-width: 800px) 100vw, 800px\" \/>\t\t\t\t\t\t\n\t\t\t\t\t<\/div>\n\t\t\t\t\t\t\t\t\n<style>\n#image_1890870989 {\n  width: 100%;\n}\n<\/style>\n\t<\/div>\n\t\n\t<div class=\"img has-hover x md-x lg-x y md-y lg-y\" id=\"image_436011142\">\n\t\t\t\t\t\t\t\t<div class=\"img-inner dark\" >\n\t\t\t<img decoding=\"async\" width=\"800\" height=\"600\" src=\"https:\/\/kaboomhotel.nl\/wp-content\/uploads\/2022\/10\/WERELDBEROEMD-IN-MAASTRICHT-RESTAURANT-ALEX-6-1.jpg\" class=\"attachment-large size-large\" alt=\"Teller mit Schokoladencoulant und roten Beeren | Kaboom-Hotel\" srcset=\"https:\/\/kaboomhotel.nl\/wp-content\/uploads\/2022\/10\/WERELDBEROEMD-IN-MAASTRICHT-RESTAURANT-ALEX-6-1.jpg 800w, https:\/\/kaboomhotel.nl\/wp-content\/uploads\/2022\/10\/WERELDBEROEMD-IN-MAASTRICHT-RESTAURANT-ALEX-6-1-300x225.jpg 300w, https:\/\/kaboomhotel.nl\/wp-content\/uploads\/2022\/10\/WERELDBEROEMD-IN-MAASTRICHT-RESTAURANT-ALEX-6-1-768x576.jpg 768w\" sizes=\"(max-width: 800px) 100vw, 800px\" \/>\t\t\t\t\t\t\n\t\t\t\t\t<\/div>\n\t\t\t\t\t\t\t\t\n<style>\n#image_436011142 {\n  width: 100%;\n}\n<\/style>\n\t<\/div>\n\t\n\t<div class=\"img has-hover x md-x lg-x y md-y lg-y\" id=\"image_1911658847\">\n\t\t\t\t\t\t\t\t<div class=\"img-inner dark\" >\n\t\t\t<img decoding=\"async\" width=\"800\" height=\"600\" src=\"https:\/\/kaboomhotel.nl\/wp-content\/uploads\/2022\/10\/WERELDBEROEMD-IN-MAASTRICHT-RESTAURANT-ALEX-7.jpg\" class=\"attachment-large size-large\" alt=\"Zwei Platten Avocado-Toast und verschiedene Toppings und Getr\u00e4nke | Kaboom-Hotel\" srcset=\"https:\/\/kaboomhotel.nl\/wp-content\/uploads\/2022\/10\/WERELDBEROEMD-IN-MAASTRICHT-RESTAURANT-ALEX-7.jpg 800w, https:\/\/kaboomhotel.nl\/wp-content\/uploads\/2022\/10\/WERELDBEROEMD-IN-MAASTRICHT-RESTAURANT-ALEX-7-300x225.jpg 300w, https:\/\/kaboomhotel.nl\/wp-content\/uploads\/2022\/10\/WERELDBEROEMD-IN-MAASTRICHT-RESTAURANT-ALEX-7-768x576.jpg 768w\" sizes=\"(max-width: 800px) 100vw, 800px\" \/>\t\t\t\t\t\t\n\t\t\t\t\t<\/div>\n\t\t\t\t\t\t\t\t\n<style>\n#image_1911658847 {\n  width: 100%;\n}\n<\/style>\n\t<\/div>\n\t\n     <\/div>\n\n     <div class=\"loading-spin dark large centered\"><\/div>\n\n\t<\/div>\n\n\n\t\t<\/div>\n\t\t\t\t\t<\/div>\n\n\t\n\n<style>\n#row-352104249 > .col > .col-inner {\n  padding: 0px 20px 0px 20px;\n  background-color: rgb(255, 255, 255);\n}\n@media (min-width:550px) {\n  #row-352104249 > .col > .col-inner {\n    padding: 35px 0px 50px 0px;\n  }\n}\n<\/style>\n<\/div>\n\t\t<\/div>\n\n\t\t\n<style>\n#section_1590559742 {\n  padding-top: 0px;\n  padding-bottom: 0px;\n}\n<\/style>\n\t<\/section>\n\t\n\n\t<section class=\"section\" id=\"section_796391367\">\n\t\t<div class=\"section-bg fill\" >\n\t\t\t\t\t\t\t\t\t<div class=\"section-bg-overlay absolute fill\"><\/div>\n\t\t\t\n\n\t\t<\/div>\n\n\t\t\n\n\t\t<div class=\"section-content relative\">\n\t\t\t\n<div class=\"row align-equal\"  id=\"row-1792996500\">\n\n\t<div id=\"col-413361813\" class=\"col medium-6 small-12 large-6 small-col-first\"  >\n\t\t\t\t<div class=\"col-inner\"  >\n\t\t\t\n\t\t\t\n\t<div class=\"img has-hover x md-x lg-x y md-y lg-y\" id=\"image_1208090969\">\n\t\t\t\t\t\t\t\t<div class=\"img-inner box-shadow-3 dark\" >\n\t\t\t<img decoding=\"async\" width=\"800\" height=\"600\" src=\"https:\/\/kaboomhotel.nl\/wp-content\/uploads\/2022\/10\/WERELDBEROEMD-IN-MAASTRICHT-RESTAURANT-ALEX-6.jpg\" class=\"attachment-original size-original\" alt=\"Twee flessen wijn in ijsemmer op tafel | Kaboom Hotel\" srcset=\"https:\/\/kaboomhotel.nl\/wp-content\/uploads\/2022\/10\/WERELDBEROEMD-IN-MAASTRICHT-RESTAURANT-ALEX-6.jpg 800w, https:\/\/kaboomhotel.nl\/wp-content\/uploads\/2022\/10\/WERELDBEROEMD-IN-MAASTRICHT-RESTAURANT-ALEX-6-300x225.jpg 300w, https:\/\/kaboomhotel.nl\/wp-content\/uploads\/2022\/10\/WERELDBEROEMD-IN-MAASTRICHT-RESTAURANT-ALEX-6-768x576.jpg 768w\" sizes=\"(max-width: 800px) 100vw, 800px\" \/>\t\t\t\t\t\t\n\t\t\t\t\t<\/div>\n\t\t\t\t\t\t\t\t\n<style>\n#image_1208090969 {\n  width: 100%;\n}\n<\/style>\n\t<\/div>\n\t\n\t\t<\/div>\n\t\t\t\t\n<style>\n#col-413361813 > .col-inner {\n  margin: 0px 0px -50px 0px;\n}\n<\/style>\n\t<\/div>\n\n\t\n\n\t<div id=\"col-266501592\" class=\"col medium-6 small-12 large-6\"  >\n\t\t\t\t<div class=\"col-inner\"  >\n\t\t\t\n\t\t\t\n<h2><i class=\"fa-light fa-fork-knife\"> <\/i> Info<\/h2>\n<h4>Die \u00d6ffnungszeiten<\/h4>\n<p><i class=\"fa-light fa-clock-rotate-left\"><\/i> Jeden Tag 8.00 Uhr bis 23.00 Uhr<\/p>\n<h4 style=\"margin-top: 24px;\">Standort<\/h4>\n<p><i class=\"fa-light fa-location-dot\"><\/i> Stationsstraat 17a, 6221 BM Maastricht<\/p>\n<h4 style=\"text-align: left; margin-top: 24px;\">Contact<\/h4>\n<p style=\"text-align: left;\"><span style=\"font-weight: 400;\"><i class=\"fa-light fa-phone\"><\/i>  <strong> Telefoon:<\/strong> +31 (0)43 206 51 11<br \/><\/span><span style=\"font-weight: 400;\"><i class=\"fa-light fa-envelope\"><\/i>  <strong> E-mail:<\/strong> <a href=\"mailto:info@alexmaastricht.nl\" target=\"_blank\" rel=\"noopener\">info@alexmaastricht.nl<\/a><\/span><\/p>\n<p style=\"text-align: left;\">\n<div class=\"row\"  id=\"row-1126913728\">\n\n\t<div id=\"col-1361528365\" class=\"col medium-6 small-12 large-6\"  >\n\t\t\t\t<div class=\"col-inner\"  >\n\t\t\t\n\t\t\t\n<h4 style=\"text-align: left; margin-top: 24px;\">Meer info<\/h4>\n<p style=\"text-align: left;\"><a href=\"https:\/\/www.facebook.com\/Alexmaastricht17\/\" target=\"_blanc\" rel=\"nofollow noopener\"><i class=\"icon-facebook\"><\/i>    <\/a><a href=\"https:\/\/www.instagram.com\/alex_maastricht\/\" target=\"_blanc\" rel=\"nofollow noopener\"><i class=\"icon-instagram\"><\/i>     <\/a><strong><a href=\"https:\/\/alexmaastricht.nl\/bar\" target=\"_blank\" rel=\"nofollow noopener\">Alex Bar<\/a><\/strong><\/p>\n\t\t<\/div>\n\t\t\t\t\n<style>\n#col-1361528365 > .col-inner {\n  margin: -25px 0px 0px 0px;\n}\n<\/style>\n\t<\/div>\n\n\t\n\n\t<div id=\"col-536726369\" class=\"col medium-6 small-12 large-6\"  >\n\t\t\t\t<div class=\"col-inner\"  >\n\t\t\t\n\t\t\t\n\n<div class=\"wp-gr rpi wpac\" data-id=\"1414\" data-layout=\"slider\" data-exec=\"false\" data-options='{&quot;text_size&quot;:&quot;&quot;,&quot;trans&quot;:{&quot;read more&quot;:&quot;weiterlesen&quot;}}'><svg xmlns=\"http:\/\/www.w3.org\/2000\/svg\" style=\"display:none!important\"><symbol id=\"grw-tripadvisor\" viewBox=\"0 0 713.496 713.496\"><g><circle fill=\"#34E0A1\" cx=\"356.749\" cy=\"356.748\" r=\"356.748\"\/><path d=\"M577.095,287.152l43.049-46.836h-95.465c-47.792-32.646-105.51-51.659-167.931-51.659   c-62.342,0-119.899,19.054-167.612,51.659H93.432l43.049,46.836c-26.387,24.075-42.929,58.754-42.929,97.259   c0,72.665,58.914,131.578,131.579,131.578c34.519,0,65.968-13.313,89.446-35.077l42.172,45.919l42.172-45.879   c23.478,21.764,54.887,35.037,89.406,35.037c72.665,0,131.658-58.913,131.658-131.578   C620.024,345.866,603.483,311.188,577.095,287.152z M225.17,473.458c-49.188,0-89.047-39.859-89.047-89.047   s39.86-89.048,89.047-89.048c49.187,0,89.047,39.86,89.047,89.048S274.357,473.458,225.17,473.458z M356.788,381.82   c0-58.595-42.61-108.898-98.853-130.383c30.413-12.716,63.776-19.771,98.813-19.771s68.439,7.055,98.853,19.771   C399.399,272.962,356.788,323.226,356.788,381.82z M488.367,473.458c-49.188,0-89.048-39.859-89.048-89.047   s39.86-89.048,89.048-89.048s89.047,39.86,89.047,89.048S537.554,473.458,488.367,473.458z M488.367,337.694   c-25.79,0-46.677,20.887-46.677,46.677c0,25.789,20.887,46.676,46.677,46.676c25.789,0,46.676-20.887,46.676-46.676   C535.042,358.621,514.156,337.694,488.367,337.694z M271.846,384.411c0,25.789-20.887,46.676-46.676,46.676   s-46.676-20.887-46.676-46.676c0-25.79,20.887-46.677,46.676-46.677C250.959,337.694,271.846,358.621,271.846,384.411z\"\/><\/g><\/symbol><symbol id=\"grw-google\" viewBox=\"0 0 512 512\"><g fill=\"none\" fill-rule=\"evenodd\"><path d=\"M482.56 261.36c0-16.73-1.5-32.83-4.29-48.27H256v91.29h127.01c-5.47 29.5-22.1 54.49-47.09 71.23v59.21h76.27c44.63-41.09 70.37-101.59 70.37-173.46z\" fill=\"#4285f4\"\/><path d=\"M256 492c63.72 0 117.14-21.13 156.19-57.18l-76.27-59.21c-21.13 14.16-48.17 22.53-79.92 22.53-61.47 0-113.49-41.51-132.05-97.3H45.1v61.15c38.83 77.13 118.64 130.01 210.9 130.01z\" fill=\"#34a853\"\/><path d=\"M123.95 300.84c-4.72-14.16-7.4-29.29-7.4-44.84s2.68-30.68 7.4-44.84V150.01H45.1C29.12 181.87 20 217.92 20 256c0 38.08 9.12 74.13 25.1 105.99l78.85-61.15z\" fill=\"#fbbc05\"\/><path d=\"M256 113.86c34.65 0 65.76 11.91 90.22 35.29l67.69-67.69C373.03 43.39 319.61 20 256 20c-92.25 0-172.07 52.89-210.9 130.01l78.85 61.15c18.56-55.78 70.59-97.3 132.05-97.3z\" fill=\"#ea4335\"\/><path d=\"M20 20h472v472H20V20z\"\/><\/g><\/symbol><\/svg><div class=\"grw-row grw-row-m\" data-options='{\"speed\":3,\"autoplay\":true,\"mousestop\":true,\"breakpoints\":\"\"}'><div class=\"grw-header\"><div class=\"grw-header-inner rpi-flx rpi-row12\"><div class=\"grw-img-wrap\"><img decoding=\"async\" class=\"grw-img\" src=\"https:\/\/kaboomhotel.nl\/wp-content\/uploads\/2022\/11\/ChIJl1xmwVrpwEcRIbM6JbysJjg.jpg\" loading=\"lazy\" alt=\"Alex Maastricht place picture\" width=\"50\" height=\"50\" onerror=\"if(this.src!='data:image\/gif;base64,R0lGODlhAQABAIAAAAAAAP\/\/\/yH5BAEAAAAALAAAAAABAAEAAAIBRAA7')this.src='data:image\/gif;base64,R0lGODlhAQABAIAAAAAAAP\/\/\/yH5BAEAAAAALAAAAAABAAEAAAIBRAA7';\" ><\/div><div class=\"rpi-flx rpi-col8\"><div class=\"wp-google-name\"><a href=\"https:\/\/maps.google.com\/?cid=4046111239317402401\" target=\"_blank\" rel=\"nofollow noopener\">Alex Maastricht<\/a><\/div><span class=\"rpi-stars\" style=\"--rating:4.5\">4.5<\/span><div class=\"wp-google-powered\">powered by <span><span style=\"color:#3c6df0!important\">G<\/span><span style=\"color:#d93025!important\">o<\/span><span style=\"color:#fb8e28!important\">o<\/span><span style=\"color:#3c6df0!important\">g<\/span><span style=\"color:#188038!important\">l<\/span><span style=\"color:#d93025!important\">e<\/span><\/span><\/div><\/div><\/div><\/div><\/div><script>(function(p){if(!p)return;let w=p.offsetWidth,m=function(a,b){return Math.min(a,b)===a};p.querySelector('.grw-row').classList.replace('grw-row-m','grw-row-'+(m(w,510)?'xs':m(w,750)?'x':m(w,1100)?'s':m(w,1450)?'m':m(w,1800)?'l':'xl'))})(document.currentScript?.parentElement)<\/script><\/div>\n\n\t\t<\/div>\n\t\t\t\t\n<style>\n#col-536726369 > .col-inner {\n  margin: -25px 0px 0px 0px;\n}\n<\/style>\n\t<\/div>\n\n\t\n\n<style>\n#row-1126913728 > .col > .col-inner {\n  padding: 20px 0px 0px 0px;\n}\n<\/style>\n<\/div>\n\t\t<\/div>\n\t\t\t\t\t<\/div>\n\n\t\n\n<style>\n#row-1792996500 > .col > .col-inner {\n  padding: 35px 20px 50px 20px;\n}\n@media (min-width:550px) {\n  #row-1792996500 > .col > .col-inner {\n    padding: 10px 0px 50px 0px;\n  }\n}\n<\/style>\n<\/div>\n\t\t<\/div>\n\n\t\t\n<style>\n#section_796391367 {\n  padding-top: 0px;\n  padding-bottom: 0px;\n}\n#section_796391367 .section-bg-overlay {\n  background-color: rgba(255, 255, 255, 0.75);\n}\n<\/style>\n\t<\/section>\n\t\n\n\t<section class=\"section\" id=\"section_1434504534\">\n\t\t<div class=\"section-bg fill\" >\n\t\t\t\t\t\t\t\t\t<div class=\"section-bg-overlay absolute fill\"><\/div>\n\t\t\t\n\n\t\t<\/div>\n\n\t\t\n\n\t\t<div class=\"section-content relative\">\n\t\t\t\n<div class=\"row row-collapse align-equal row-box-shadow-5-hover\"  id=\"row-690386200\">\n\n\t<div id=\"col-488668807\" class=\"col medium-4 small-12 large-4 small-col-first\"  >\n\t\t\t\t<div class=\"col-inner\"  >\n\t\t\t\n\t\t\t\n\t<div class=\"img has-hover x md-x lg-x y md-y lg-y\" id=\"image_753874783\">\n\t\t\t\t\t\t\t\t<div class=\"img-inner box-shadow-3 dark\" >\n\t\t\t<img decoding=\"async\" width=\"800\" height=\"600\" src=\"https:\/\/kaboomhotel.nl\/wp-content\/uploads\/2022\/10\/WERELDBEROEMD-IN-MAASTRICHT-RESTAURANT-ALEX-1.jpg\" class=\"attachment-original size-original\" alt=\"Platte mit Avocado-Sandwich Alex Restaurant Maastricht | Kaboom-Hotel\" srcset=\"https:\/\/kaboomhotel.nl\/wp-content\/uploads\/2022\/10\/WERELDBEROEMD-IN-MAASTRICHT-RESTAURANT-ALEX-1.jpg 800w, https:\/\/kaboomhotel.nl\/wp-content\/uploads\/2022\/10\/WERELDBEROEMD-IN-MAASTRICHT-RESTAURANT-ALEX-1-300x225.jpg 300w, https:\/\/kaboomhotel.nl\/wp-content\/uploads\/2022\/10\/WERELDBEROEMD-IN-MAASTRICHT-RESTAURANT-ALEX-1-768x576.jpg 768w\" sizes=\"(max-width: 800px) 100vw, 800px\" \/>\t\t\t\t\t\t\n\t\t\t\t\t<\/div>\n\t\t\t\t\t\t\t\t\n<style>\n#image_753874783 {\n  width: 100%;\n}\n<\/style>\n\t<\/div>\n\t\n\t\t<\/div>\n\t\t\t\t\t<\/div>\n\n\t\n\n\t<div id=\"col-376003632\" class=\"col medium-4 small-12 large-4\"  >\n\t\t\t\t<div class=\"col-inner\"  >\n\t\t\t\n\t\t\t\n\t<div class=\"img has-hover x md-x lg-x y md-y lg-y\" id=\"image_1786187849\">\n\t\t\t\t\t\t\t\t<div class=\"img-inner box-shadow-3 dark\" >\n\t\t\t<img decoding=\"async\" width=\"800\" height=\"600\" src=\"https:\/\/kaboomhotel.nl\/wp-content\/uploads\/2023\/12\/Streetview-Restaurant-Alex-Maastricht-Marketing-_-Eighty8things-1.webp\" class=\"attachment-original size-original\" alt=\"\" srcset=\"https:\/\/kaboomhotel.nl\/wp-content\/uploads\/2023\/12\/Streetview-Restaurant-Alex-Maastricht-Marketing-_-Eighty8things-1.webp 800w, https:\/\/kaboomhotel.nl\/wp-content\/uploads\/2023\/12\/Streetview-Restaurant-Alex-Maastricht-Marketing-_-Eighty8things-1-300x225.webp 300w, https:\/\/kaboomhotel.nl\/wp-content\/uploads\/2023\/12\/Streetview-Restaurant-Alex-Maastricht-Marketing-_-Eighty8things-1-768x576.webp 768w\" sizes=\"(max-width: 800px) 100vw, 800px\" \/>\t\t\t\t\t\t\n\t\t\t\t\t<\/div>\n\t\t\t\t\t\t\t\t\n<style>\n#image_1786187849 {\n  width: 100%;\n}\n<\/style>\n\t<\/div>\n\t\n\t\t<\/div>\n\t\t\t\t\t<\/div>\n\n\t\n\n\t<div id=\"col-3636478\" class=\"col medium-4 small-12 large-4\"  >\n\t\t\t\t<div class=\"col-inner\"  >\n\t\t\t\n\t\t\t\n\t<div class=\"img has-hover x md-x lg-x y md-y lg-y\" id=\"image_2075464398\">\n\t\t\t\t\t\t\t\t<div class=\"img-inner box-shadow-3 dark\" >\n\t\t\t<img decoding=\"async\" width=\"800\" height=\"600\" src=\"https:\/\/kaboomhotel.nl\/wp-content\/uploads\/2022\/10\/WERELDBEROEMD-IN-MAASTRICHT-RESTAURANT-ALEX-2.jpg\" class=\"attachment-original size-original\" alt=\"WERELDBEROEMD IN MAASTRICHT: RESTAURANT ALEX\" srcset=\"https:\/\/kaboomhotel.nl\/wp-content\/uploads\/2022\/10\/WERELDBEROEMD-IN-MAASTRICHT-RESTAURANT-ALEX-2.jpg 800w, https:\/\/kaboomhotel.nl\/wp-content\/uploads\/2022\/10\/WERELDBEROEMD-IN-MAASTRICHT-RESTAURANT-ALEX-2-300x225.jpg 300w, https:\/\/kaboomhotel.nl\/wp-content\/uploads\/2022\/10\/WERELDBEROEMD-IN-MAASTRICHT-RESTAURANT-ALEX-2-768x576.jpg 768w\" sizes=\"(max-width: 800px) 100vw, 800px\" \/>\t\t\t\t\t\t\n\t\t\t\t\t<\/div>\n\t\t\t\t\t\t\t\t\n<style>\n#image_2075464398 {\n  width: 100%;\n}\n<\/style>\n\t<\/div>\n\t\n\t\t<\/div>\n\t\t\t\t\t<\/div>\n\n\t\n\n<style>\n#row-690386200 > .col > .col-inner {\n  padding: 35px 20px 0px 20px;\n  background-color: rgb(255, 255, 255);\n}\n@media (min-width:550px) {\n  #row-690386200 > .col > .col-inner {\n    padding: 0px 10px 0px 10px;\n  }\n}\n<\/style>\n<\/div>\n\t\t<\/div>\n\n\t\t\n<style>\n#section_1434504534 {\n  padding-top: 20px;\n  padding-bottom: 20px;\n}\n#section_1434504534 .section-bg-overlay {\n  background-color: rgba(255, 255, 255, 0.75);\n}\n<\/style>\n\t<\/section>\n\t\n","protected":false},"excerpt":{"rendered":"","protected":false},"author":3,"featured_media":0,"parent":1227,"menu_order":3,"comment_status":"closed","ping_status":"closed","template":"page-blank.php","meta":{"footnotes":""},"class_list":["post-1234","page","type-page","status-publish","hentry"],"_links":{"self":[{"href":"https:\/\/kaboomhotel.nl\/de\/wp-json\/wp\/v2\/pages\/1234","targetHints":{"allow":["GET"]}}],"collection":[{"href":"https:\/\/kaboomhotel.nl\/de\/wp-json\/wp\/v2\/pages"}],"about":[{"href":"https:\/\/kaboomhotel.nl\/de\/wp-json\/wp\/v2\/types\/page"}],"author":[{"embeddable":true,"href":"https:\/\/kaboomhotel.nl\/de\/wp-json\/wp\/v2\/users\/3"}],"replies":[{"embeddable":true,"href":"https:\/\/kaboomhotel.nl\/de\/wp-json\/wp\/v2\/comments?post=1234"}],"version-history":[{"count":0,"href":"https:\/\/kaboomhotel.nl\/de\/wp-json\/wp\/v2\/pages\/1234\/revisions"}],"up":[{"embeddable":true,"href":"https:\/\/kaboomhotel.nl\/de\/wp-json\/wp\/v2\/pages\/1227"}],"wp:attachment":[{"href":"https:\/\/kaboomhotel.nl\/de\/wp-json\/wp\/v2\/media?parent=1234"}],"curies":[{"name":"wp","href":"https:\/\/api.w.org\/{rel}","templated":true}]}}