{"id":1255,"date":"2022-08-29T16:18:49","date_gmt":"2022-08-29T14:18:49","guid":{"rendered":"https:\/\/kaboomhotel.nl\/arrangements\/"},"modified":"2026-04-23T12:11:15","modified_gmt":"2026-04-23T10:11:15","slug":"arrangements","status":"publish","type":"page","link":"https:\/\/kaboomhotel.nl\/de\/arrangements\/","title":{"rendered":"Hotelarrangement Maastricht im Kaboom Hotel"},"content":{"rendered":"\n\t<section class=\"section\" id=\"section_1158318545\">\n\t\t<div class=\"section-bg fill\" >\n\t\t\t<img decoding=\"async\" width=\"1000\" height=\"665\" src=\"https:\/\/kaboomhotel.nl\/wp-content\/uploads\/2025\/03\/hotel-corporate-stay-maastricht.webp\" class=\"bg attachment- size-\" alt=\"hotel corporate stay maastricht\" \/>\t\t\t\t\t\t<div class=\"section-bg-overlay absolute fill\"><\/div>\n\t\t\t\n\n\t\t<\/div>\n\n\t\t\n\n\t\t<div class=\"section-content relative\">\n\t\t\t\n<div class=\"row align-center\"  id=\"row-964004452\">\n\n\t<div id=\"col-2107274385\" class=\"col medium-6 small-12 large-6\"  >\n\t\t\t\t<div class=\"col-inner\"  >\n\t\t\t\n\t\t\t\n\t<div id=\"text-1442832047\" class=\"text\">\n\t\t\n<h6 class=\"thin-font uppercase\">KABOOM HOTEL<\/h6>\n<h2 class=\"alt-font\">Hotelangebote in Maastricht<\/h2>\n\t\t\n<style>\n#text-1442832047 {\n  font-size: 1.8rem;\n  text-align: center;\n  color: rgb(255,255,255);\n}\n#text-1442832047 > * {\n  color: rgb(255,255,255);\n}\n@media (min-width:550px) {\n  #text-1442832047 {\n    font-size: 2.35rem;\n  }\n}\n<\/style>\n\t<\/div>\n\t\n\t<div id=\"text-2291809771\" class=\"text\">\n\t\t\n<p>Um Ihnen die sch\u00f6nsten Erlebnisse in Maastricht zu bieten, haben wir eine Auswahl einzigartiger Hotelangebote f\u00fcr Sie zusammengestellt.<\/p>\n\t\t\n<style>\n#text-2291809771 {\n  font-size: 1rem;\n  text-align: center;\n  color: rgb(255,255,255);\n}\n#text-2291809771 > * {\n  color: rgb(255,255,255);\n}\n<\/style>\n\t<\/div>\n\t\n\t\t<\/div>\n\t\t\t\t\n<style>\n#col-2107274385 > .col-inner {\n  margin: 40px 0px 0px 0px;\n}\n<\/style>\n\t<\/div>\n\n\t\n<\/div>\n\t\t<\/div>\n\n\t\t\n<style>\n#section_1158318545 {\n  padding-top: 30px;\n  padding-bottom: 30px;\n  min-height: 400px;\n}\n#section_1158318545 .section-bg-overlay {\n  background-color: rgba(0, 0, 0, 0.628);\n}\n#section_1158318545 .section-bg img {\n  object-position: 58% 39%;\n}\n<\/style>\n\t<\/section>\n\t\n\n\t<section class=\"section\" id=\"section_993088727\">\n\t\t<div class=\"section-bg fill\" >\n\t\t\t\t\t\t\t\t\t\n\t\t\t\n\n\t\t<\/div>\n\n\t\t\n\n\t\t<div class=\"section-content relative\">\n\t\t\t\n<div class=\"row align-center\"  id=\"row-470372160\">\n\n\t<div id=\"col-1555885589\" class=\"col small-12 large-12\"  >\n\t\t\t\t<div class=\"col-inner\"  >\n\t\t\t\n\t\t\t\n\n  \n    <div class=\"row large-columns-3 medium-columns-1 small-columns-1\" >\n  <div class=\"col post-item\" >\n\t\t\t<div class=\"col-inner\">\n\t\t\t\t<div class=\"box box-bounce box-text-bottom box-blog-post has-hover\">\n            \t\t\t\t\t<div class=\"box-image\" >\n  \t\t\t\t\t\t<div class=\"image-cover\" style=\"padding-top:100%;\">\n\t\t\t\t\t\t\t<a href=\"https:\/\/kaboomhotel.nl\/de\/angebote\/last-minute\/\" class=\"plain\" aria-label=\"Hotel Maastricht Last-Minute\">\n\t\t\t\t\t\t\t\t<img decoding=\"async\" width=\"1020\" height=\"292\" src=\"https:\/\/kaboomhotel.nl\/wp-content\/uploads\/2022\/10\/book-kaboom-hotelmaastricht-1-1024x293.jpg\" class=\"attachment-large size-large wp-post-image\" alt=\"Zimmer mit zwei Fenstern, Doppelbett mit Schreibtisch davor und wei\u00dfer T\u00fcr | Kaboom-Hotel\" srcset=\"https:\/\/kaboomhotel.nl\/wp-content\/uploads\/2022\/10\/book-kaboom-hotelmaastricht-1-1024x293.jpg 1024w, https:\/\/kaboomhotel.nl\/wp-content\/uploads\/2022\/10\/book-kaboom-hotelmaastricht-1-300x86.jpg 300w, https:\/\/kaboomhotel.nl\/wp-content\/uploads\/2022\/10\/book-kaboom-hotelmaastricht-1-768x219.jpg 768w, https:\/\/kaboomhotel.nl\/wp-content\/uploads\/2022\/10\/book-kaboom-hotelmaastricht-1.jpg 1400w\" sizes=\"(max-width: 1020px) 100vw, 1020px\" \/>\t\t\t\t\t\t\t<\/a>\n  \t\t\t\t\t\t\t  \t\t\t\t\t\t\t  \t\t\t\t\t\t<\/div>\n  \t\t\t\t\t\t  \t\t\t\t\t<\/div>\n          \t\t\t\t\t<div class=\"box-text text-center is-large\" >\n\t\t\t\t\t<div class=\"box-text-inner blog-post-inner\">\n\n\t\t\t\t\t\n\t\t\t\t\t\t\t\t\t\t<h5 class=\"post-title is-larger \">\n\t\t\t\t\t\t<a href=\"https:\/\/kaboomhotel.nl\/de\/angebote\/last-minute\/\" class=\"plain\">Hotel Maastricht Last-Minute<\/a>\n\t\t\t\t\t<\/h5>\n\t\t\t\t\t\t\t\t\t\t<div class=\"is-divider\"><\/div>\n\t\t\t\t\t                    \n\t\t\t\t\t\t\t\t\t\t\t<a href=\"https:\/\/kaboomhotel.nl\/de\/angebote\/last-minute\/\" class=\"button  is-default is-smaller mb-0\">\n\t\t\t\t\t\t\tBuchen\t\t\t\t\t\t<\/a>\n\t\t\t\t\t\n\t\t\t\t\t\n\t\t\t\t\t<\/div>\n\t\t\t\t\t<\/div>\n\t\t\t\t\t\t\t\t\t<\/div>\n\t\t\t<\/div>\n\t\t<\/div><div class=\"col post-item\" >\n\t\t\t<div class=\"col-inner\">\n\t\t\t\t<div class=\"box box-bounce box-text-bottom box-blog-post has-hover\">\n            \t\t\t\t\t<div class=\"box-image\" >\n  \t\t\t\t\t\t<div class=\"image-cover\" style=\"padding-top:100%;\">\n\t\t\t\t\t\t\t<a href=\"https:\/\/kaboomhotel.nl\/de\/arrangements\/wochenende-romantisches-maastricht-arrangement\/\" class=\"plain\" aria-label=\"Wochenende romantisches Hotel Maastricht Arrangement\">\n\t\t\t\t\t\t\t\t<img decoding=\"async\" width=\"681\" height=\"1024\" src=\"https:\/\/kaboomhotel.nl\/wp-content\/uploads\/2022\/10\/Kaboom-Hotel-maastricht-romantish-weekendje-weg-681x1024.webp\" class=\"attachment-large size-large wp-post-image\" alt=\"Kaboom Hotel maastricht romantish weekendje weg\" srcset=\"https:\/\/kaboomhotel.nl\/wp-content\/uploads\/2022\/10\/Kaboom-Hotel-maastricht-romantish-weekendje-weg-681x1024.webp 681w, https:\/\/kaboomhotel.nl\/wp-content\/uploads\/2022\/10\/Kaboom-Hotel-maastricht-romantish-weekendje-weg-200x300.webp 200w, https:\/\/kaboomhotel.nl\/wp-content\/uploads\/2022\/10\/Kaboom-Hotel-maastricht-romantish-weekendje-weg-768x1154.webp 768w, https:\/\/kaboomhotel.nl\/wp-content\/uploads\/2022\/10\/Kaboom-Hotel-maastricht-romantish-weekendje-weg-1022x1536.webp 1022w, https:\/\/kaboomhotel.nl\/wp-content\/uploads\/2022\/10\/Kaboom-Hotel-maastricht-romantish-weekendje-weg.webp 1024w\" sizes=\"(max-width: 681px) 100vw, 681px\" \/>\t\t\t\t\t\t\t<\/a>\n  \t\t\t\t\t\t\t  \t\t\t\t\t\t\t  \t\t\t\t\t\t<\/div>\n  \t\t\t\t\t\t  \t\t\t\t\t<\/div>\n          \t\t\t\t\t<div class=\"box-text text-center is-large\" >\n\t\t\t\t\t<div class=\"box-text-inner blog-post-inner\">\n\n\t\t\t\t\t\n\t\t\t\t\t\t\t\t\t\t<h5 class=\"post-title is-larger \">\n\t\t\t\t\t\t<a href=\"https:\/\/kaboomhotel.nl\/de\/arrangements\/wochenende-romantisches-maastricht-arrangement\/\" class=\"plain\">Wochenende romantisches Hotel Maastricht Arrangement<\/a>\n\t\t\t\t\t<\/h5>\n\t\t\t\t\t\t\t\t\t\t<div class=\"is-divider\"><\/div>\n\t\t\t\t\t                    \n\t\t\t\t\t\t\t\t\t\t\t<a href=\"https:\/\/kaboomhotel.nl\/de\/arrangements\/wochenende-romantisches-maastricht-arrangement\/\" class=\"button  is-default is-smaller mb-0\">\n\t\t\t\t\t\t\tBuchen\t\t\t\t\t\t<\/a>\n\t\t\t\t\t\n\t\t\t\t\t\n\t\t\t\t\t<\/div>\n\t\t\t\t\t<\/div>\n\t\t\t\t\t\t\t\t\t<\/div>\n\t\t\t<\/div>\n\t\t<\/div><\/div>\n\t\t<\/div>\n\t\t\t\t\t<\/div>\n\n\t\n<\/div>\n\t\t<\/div>\n\n\t\t\n<style>\n#section_993088727 {\n  padding-top: 40px;\n  padding-bottom: 40px;\n  background-color: rgb(255, 255, 255);\n}\n<\/style>\n\t<\/section>\n\t\n\n\t<section class=\"section\" id=\"section_1647225021\">\n\t\t<div class=\"section-bg fill\" >\n\t\t\t\t\t\t\t\t\t\n\t\t\t\n\n\t\t<\/div>\n\n\t\t\n\n\t\t<div class=\"section-content relative\">\n\t\t\t\n\n<div class=\"row align-middle\"  id=\"row-229512855\">\n\n\n\t<div id=\"col-1737231625\" class=\"col small-12 large-12 small-col-first\"  >\n\t\t\t\t<div class=\"col-inner\"  >\n\t\t\t\n\t\t\t\n\n<div class=\"container section-title-container\" ><h2 class=\"section-title section-title-center\"><b><\/b><span class=\"section-title-main\" >STANDORT<\/span><b><\/b><\/h2><\/div>\n\n\n\t\t<\/div>\n\t\t\t\t\t<\/div>\n\n\t\n\n\t<div id=\"col-205483995\" class=\"col medium-6 small-12 large-6\"  >\n\t\t\t\t<div class=\"col-inner\"  >\n\t\t\t\n\t\t\t\n\n\n\t<script type=\"text\/javascript\">\n  jQuery( document ).ready(function() {\n    function initialize() {\n        var styles = {\n            'flatsome':  [{\n            \"featureType\": \"administrative\",\n            \"stylers\": [\n              { \"visibility\": \"on\" }\n            ]\n          },\n          {\n            \"featureType\": \"road\",\n            \"stylers\": [\n              { \"visibility\": \"on\" },\n              { \"hue\": \"\" }\n            ]\n          },\n          {\n            \"stylers\": [\n\t\t\t  { \"visibility\": \"on\" },\n\t\t\t  { \"hue\": \"\" },\n\t\t\t  { \"saturation\": -100 }\n            ]\n          }\n        ]};\n\n        var myLatlng = new google.maps.LatLng(50.8493614, 5.70476);\n        var myOptions = {\n            zoom: 14,\n            center: myLatlng,\n            mapTypeId: google.maps.MapTypeId.ROADMAP,\n            disableDefaultUI: true,\n            mapTypeId: 'flatsome',\n            draggable: true,\n            zoomControl: false,\n            zoomControlOptions: {\n              position: google.maps.ControlPosition.TOP_LEFT\n            },\n      \t\t\tmapTypeControl: false,\n            mapTypeControlOptions: {\n              position: google.maps.ControlPosition.TOP_LEFT\n            },\n      \t\t\tstreetViewControl: false,\n            streetViewControlOptions: {\n              position: google.maps.ControlPosition.TOP_LEFT\n            },\n            scrollwheel: false,\n            disableDoubleClickZoom: true\n        }\n        var map = new google.maps.Map(document.getElementById(\"map-2076350334-inner\"), myOptions);\n        var styledMapType = new google.maps.StyledMapType(styles['flatsome'], {name: 'flatsome'});\n        map.mapTypes.set('flatsome', styledMapType);\n\n        var marker = new google.maps.Marker({\n            position: myLatlng,\n            map: map,\n            title:\"\"\n        });\n    }\n\n    \/\/ Required to proceed\n    if (!(typeof google === 'object' && typeof google.maps === 'object')) {\n      return\n    }\n\n    initialize()\n    google.maps.event.addDomListener(window, 'resize', initialize);\n    });\n    <\/script>\n\n    <div class=\"google-map relative mb hide-for-small\" id=\"map-2076350334\">\n        <div class=\"map-height\" id=\"map-2076350334-inner\"><\/div>\n        <div id=\"map_overlay_top\"><\/div>\n        <div id=\"map_overlay_bottom\"><\/div>\n         \n       \n<style>\n#map-2076350334 .map-inner {\n  background-color: #fff;\n  max-width: 100%;\n}\n#map-2076350334 .map-height {\n  height: 620px;\n}\n@media (min-width:850px) {\n  #map-2076350334 .map-inner {\n    max-width: 100%;\n  }\n}\n<\/style>\n    <\/div>\n\n\t\n\t<div class=\"img has-hover show-for-small x md-x lg-x y md-y lg-y\" id=\"image_1388518497\">\n\t\t\t\t\t\t\t\t<div class=\"img-inner image-cover dark\" style=\"padding-top:100%;\">\n\t\t\t<img decoding=\"async\" width=\"357\" height=\"618\" src=\"https:\/\/kaboomhotel.nl\/wp-content\/uploads\/2022\/12\/Kaboomhotel-mobile-map.jpg\" class=\"attachment-original size-original\" alt=\"\" srcset=\"https:\/\/kaboomhotel.nl\/wp-content\/uploads\/2022\/12\/Kaboomhotel-mobile-map.jpg 357w, https:\/\/kaboomhotel.nl\/wp-content\/uploads\/2022\/12\/Kaboomhotel-mobile-map-173x300.jpg 173w\" sizes=\"(max-width: 357px) 100vw, 357px\" \/>\t\t\t\t\t\t\n\t\t\t\t\t<\/div>\n\t\t\t\t\t\t\t\t\n<style>\n#image_1388518497 {\n  width: 100%;\n}\n@media (min-width:550px) {\n  #image_1388518497 {\n    width: 100%;\n  }\n}\n<\/style>\n\t<\/div>\n\t\n\n\n\t\t<\/div>\n\t\t\t\t\t<\/div>\n\n\t\n\n\t<div id=\"col-1709145887\" class=\"col medium-6 small-12 large-6\"  >\n\t\t\t\t<div class=\"col-inner\"  >\n\t\t\t\n\t\t\t\n\n<h2><span style=\"font-size: 130%;\"><strong>Hotel Maastricht Zentrum<\/strong><\/span><\/h2>\n<p>Im Kaboom Hotel, direkt gegen\u00fcber dem <a href=\"https:\/\/kaboomhotel.nl\/de\/standort\/bahnhof\/\">Maastrichter Hauptbahnhof<\/a>, dreht sich alles um eine erschwingliche \u00dcbernachtung, ohne dass Sie auf Komfort verzichten m\u00fcssen. Mit nicht weniger als 79 <a href=\"https:\/\/kaboomhotel.nl\/de\/schlafen\/\">Zimmern<\/a> finden Sie immer den perfekten Platz f\u00fcr Ihren Aufenthalt. Ganz gleich, ob Sie eine schnelle \u00dcbernachtung, ein preisg\u00fcnstiges Wochenende oder eine ausgedehnte <g id=\"gid_2\">St\u00e4dtereise nach Maastricht<\/g> suchen, Kaboom hat alles zu bieten. Und auch wenn Sie mit den Kindern unterwegs sind, ist unser Hotel der richtige Ort f\u00fcr Sie!   <\/p>\n<p>Suchen Sie etwas Besonderes? Entdecken Sie unsere <a href=\"https:\/\/kaboomhotel.nl\/de\/arrangements\/\">Hotelpakete<\/a>, wie z.B. unser einzigartiges Fahrradpaket oder ein kulinarisches Erlebnis. Oder wie w\u00e4re es mit einem <g id=\"gid_1\">romantischen Wochenendtrip<\/g>? Und wenn Sie schon morgen da sein wollen, sollten Sie sich unsere <a href=\"https:\/\/kaboomhotel.nl\/de\/angebote\/last-minute\/\">Last-Minute-Angebote<\/a> ansehen.   <\/p>\n<p>Wenn Sie einen besonderen und erschwinglichen Aufenthalt im pulsierenden <a href=\"https:\/\/kaboomhotel.nl\/de\/ubernachten\/gunstig\/\">Zentrum von Maastricht<\/a> suchen, sind Sie bei Kaboom an der richtigen Adresse. Kein Wunder, dass viele uns als das beste Hotel der Stadt bezeichnen! Warten Sie nicht l\u00e4nger, buchen Sie jetzt Ihr Zimmer und lassen Sie sich im Kaboom Hotel verw\u00f6hnen.  <\/p>\n<p><strong>Kaboom Hotel<\/strong><br>Stationsplein 1<br>6221 BT, Maastricht, Niederlande<\/p>\n\t<div id=\"gap-242922682\" class=\"gap-element clearfix\" style=\"display:block; height:auto;\">\n\t\t\n<style>\n#gap-242922682 {\n  padding-top: 30px;\n}\n<\/style>\n\t<\/div>\n\t\n\n<a href=\"https:\/\/g.page\/kaboomhotel?share\" class=\"button primary\"  >\n\t\t<span>Wegbeschreibung<\/span>\n\t<i class=\"icon-angle-right\" aria-hidden=\"true\" ><\/i><\/a>\n\n\n<a href=\"\/locatie\/hotel-parking\" class=\"button primary\"  >\n\t\t<span>Parken<\/span>\n\t<i class=\"icon-angle-right\" aria-hidden=\"true\" ><\/i><\/a>\n\n\n<a href=\"https:\/\/kaboomhotel.nl\/de\/reviews-kaboom-hotel-maastricht-de\/\" class=\"button primary\"  >\n\t\t<span>reviews<\/span>\n\t<i class=\"icon-star\" aria-hidden=\"true\" ><\/i><\/a>\n\n\n\t<div id=\"gap-783856014\" class=\"gap-element clearfix\" style=\"display:block; height:auto;\">\n\t\t\n<style>\n#gap-783856014 {\n  padding-top: 20px;\n}\n<\/style>\n\t<\/div>\n\t\n\n\n\t\t<\/div>\n\t\t\t\t\n<style>\n#col-1709145887 > .col-inner {\n  margin: -20px 0px 0px 0px;\n}\n<\/style>\n\t<\/div>\n\n\t\n\n<\/div>\n\n\t\t<\/div>\n\n\t\t\n<style>\n#section_1647225021 {\n  padding-top: 30px;\n  padding-bottom: 30px;\n}\n<\/style>\n\t<\/section>\n\t\n","protected":false},"excerpt":{"rendered":"","protected":false},"author":3,"featured_media":0,"parent":0,"menu_order":6,"comment_status":"closed","ping_status":"closed","template":"page-blank.php","meta":{"footnotes":""},"class_list":["post-1255","page","type-page","status-publish","hentry"],"_links":{"self":[{"href":"https:\/\/kaboomhotel.nl\/de\/wp-json\/wp\/v2\/pages\/1255","targetHints":{"allow":["GET"]}}],"collection":[{"href":"https:\/\/kaboomhotel.nl\/de\/wp-json\/wp\/v2\/pages"}],"about":[{"href":"https:\/\/kaboomhotel.nl\/de\/wp-json\/wp\/v2\/types\/page"}],"author":[{"embeddable":true,"href":"https:\/\/kaboomhotel.nl\/de\/wp-json\/wp\/v2\/users\/3"}],"replies":[{"embeddable":true,"href":"https:\/\/kaboomhotel.nl\/de\/wp-json\/wp\/v2\/comments?post=1255"}],"version-history":[{"count":0,"href":"https:\/\/kaboomhotel.nl\/de\/wp-json\/wp\/v2\/pages\/1255\/revisions"}],"wp:attachment":[{"href":"https:\/\/kaboomhotel.nl\/de\/wp-json\/wp\/v2\/media?parent=1255"}],"curies":[{"name":"wp","href":"https:\/\/api.w.org\/{rel}","templated":true}]}}