{"id":1263,"date":"2022-09-29T13:23:24","date_gmt":"2022-09-29T11:23:24","guid":{"rendered":"https:\/\/kaboomhotel.nl\/legal\/"},"modified":"2025-03-10T10:29:01","modified_gmt":"2025-03-10T09:29:01","slug":"legal","status":"publish","type":"page","link":"https:\/\/kaboomhotel.nl\/de\/legal\/","title":{"rendered":"Legal"},"content":{"rendered":"<div class=\"row\"  id=\"row-1295537078\">\n\n\t<div id=\"col-1377567554\" class=\"col small-12 large-12\"  >\n\t\t\t\t<div class=\"col-inner\"  >\n\t\t\t\n\t\t\t\n<div class=\"container section-title-container\" style=\"margin-top:40px;\"><h1 class=\"section-title section-title-center\"><b><\/b><span class=\"section-title-main\" >LEGAL<\/span><b><\/b><\/h1><\/div>\n\n\t\t<div class=\"tabbed-content\">\n\t\t\t\n\t\t\t<ul class=\"nav nav-line nav-uppercase nav-size-large nav-center\" role=\"tablist\"><li id=\"tab-bedingungen-|\" class=\"tab active has-icon\" role=\"presentation\"><a href=\"#tab_bedingungen-|\" role=\"tab\" aria-selected=\"true\" aria-controls=\"tab_bedingungen-|\"><span>Bedingungen |<\/span><\/a><\/li>\n<li id=\"tab-datenschutzerkl\u00e4rung-|\" class=\"tab has-icon\" role=\"presentation\"><a href=\"#tab_datenschutzerkl\u00e4rung-|\" tabindex=\"-1\" role=\"tab\" aria-selected=\"false\" aria-controls=\"tab_datenschutzerkl\u00e4rung-|\"><span>datenschutzerkl\u00e4rung |<\/span><\/a><\/li>\n<li id=\"tab-bestpreisgarantie-|\" class=\"tab has-icon\" role=\"presentation\"><a href=\"#tab_bestpreisgarantie-|\" tabindex=\"-1\" role=\"tab\" aria-selected=\"false\" aria-controls=\"tab_bestpreisgarantie-|\"><span>BESTPREISGARANTIE |<\/span><\/a><\/li>\n<li id=\"tab-unternehmensinformationen-|\" class=\"tab has-icon\" role=\"presentation\"><a href=\"#tab_unternehmensinformationen-|\" tabindex=\"-1\" role=\"tab\" aria-selected=\"false\" aria-controls=\"tab_unternehmensinformationen-|\"><span>Unternehmensinformationen |<\/span><\/a><\/li>\n<li id=\"tab-faq-zahlung-link-|\" class=\"tab has-icon\" role=\"presentation\"><a href=\"#tab_faq-zahlung-link-|\" tabindex=\"-1\" role=\"tab\" aria-selected=\"false\" aria-controls=\"tab_faq-zahlung-link-|\"><span>faq zahlung link |<\/span><\/a><\/li><\/ul><div class=\"tab-panels\"><div id=\"tab_bedingungen-|\" class=\"panel active entry-content\" role=\"tabpanel\" aria-labelledby=\"tab-bedingungen-|\">\n<div class=\"accordion\">\n\t<div id=\"accordion-2299386080\" class=\"accordion-item\">\n\t\t<a id=\"accordion-2299386080-label\" class=\"accordion-title plain\" href=\"#accordion-item-allgemeine-buchungsbedingungen\" aria-expanded=\"false\" aria-controls=\"accordion-2299386080-content\" >\n\t\t\t<button class=\"toggle\" aria-label=\"Umschalten\"><i class=\"icon-angle-down\"><\/i><\/button>\n\t\t\t<span>Allgemeine Buchungsbedingungen<\/span>\n\t\t<\/a>\n\t\t<div id=\"accordion-2299386080-content\" class=\"accordion-inner\" aria-labelledby=\"accordion-2299386080-label\" >\n\t\t\t\n<ul>\n<li><a href=\"https:\/\/app.mews.com\/Navigator\/documents\/2aa06147-cd98-4b4a-aa24-b29400c7fefc?language=de-DE\" target=\"_blank\" rel=\"nofollow noopener\">Bitte folgen Sie diesem Link, um alle Informationen zu finden<\/a><\/li>\n<\/ul>\n\t\t<\/div>\n\t<\/div>\n\t\n\t<div id=\"accordion-534289938\" class=\"accordion-item\">\n\t\t<a id=\"accordion-534289938-label\" class=\"accordion-title plain\" href=\"#accordion-item-gruppenbedingungen\" aria-expanded=\"false\" aria-controls=\"accordion-534289938-content\" >\n\t\t\t<button class=\"toggle\" aria-label=\"Umschalten\"><i class=\"icon-angle-down\"><\/i><\/button>\n\t\t\t<span>Gruppenbedingungen<\/span>\n\t\t<\/a>\n\t\t<div id=\"accordion-534289938-content\" class=\"accordion-inner\" aria-labelledby=\"accordion-534289938-label\" >\n\t\t\t\n<p><u>Gruppenbedingungen (Reservierungen ab 5 Zimmern pro Nacht)<\/u><\/p>\n<ul>\n<li><a href=\"https:\/\/app.mews.com\/Navigator\/documents\/2aa06147-cd98-4b4a-aa24-b29400c7fefc?language=de-DE\" target=\"_blank\" rel=\"nofollow noopener\">Bitte folgen Sie diesem Link, um alle Informationen zu finden<\/a>\u00a0<\/li>\n<\/ul>\n\t\t<\/div>\n\t<\/div>\n\t\n<\/div>\n<\/div>\n<div id=\"tab_datenschutzerkl\u00e4rung-|\" class=\"panel entry-content\" role=\"tabpanel\" aria-labelledby=\"tab-datenschutzerkl\u00e4rung-|\">\n<div class=\"accordion\">\n\t<div id=\"accordion-2555105045\" class=\"accordion-item\">\n\t\t<a id=\"accordion-2555105045-label\" class=\"accordion-title plain\" href=\"#accordion-item-erkl\u00e4rung-zum-datenschutz\" aria-expanded=\"false\" aria-controls=\"accordion-2555105045-content\" >\n\t\t\t<button class=\"toggle\" aria-label=\"Umschalten\"><i class=\"icon-angle-down\"><\/i><\/button>\n\t\t\t<span>Erkl\u00e4rung zum Datenschutz<\/span>\n\t\t<\/a>\n\t\t<div id=\"accordion-2555105045-content\" class=\"accordion-inner\" aria-labelledby=\"accordion-2555105045-label\" >\n\t\t\t\n<ul>\n<li><a href=\"https:\/\/app.mews.com\/Navigator\/documents\/2aa06147-cd98-4b4a-aa24-b29400c7fefc?language=de-DE\" target=\"_blank\" rel=\"nofollow noopener\">Bitte folgen Sie diesem Link, um alle Informationen zu finden<\/a>\u00a0<\/li>\n<\/ul>\n\t\t<\/div>\n\t<\/div>\n\t\n\t<div id=\"accordion-3818283957\" class=\"accordion-item\">\n\t\t<a id=\"accordion-3818283957-label\" class=\"accordion-title plain\" href=\"#accordion-item-weitergabe-an-dritte\" aria-expanded=\"false\" aria-controls=\"accordion-3818283957-content\" >\n\t\t\t<button class=\"toggle\" aria-label=\"Umschalten\"><i class=\"icon-angle-down\"><\/i><\/button>\n\t\t\t<span>Weitergabe an Dritte<\/span>\n\t\t<\/a>\n\t\t<div id=\"accordion-3818283957-content\" class=\"accordion-inner\" aria-labelledby=\"accordion-3818283957-label\" >\n\t\t\t\n<p>LBG HOTELS ver\u00e4u\u00dfert Ihre Daten nicht an Dritte und wird diese nur dann offenlegen, wenn dies im Rahmen der Durchf\u00fchrung unserer Vereinbarung mit Ihnen oder zur Erf\u00fcllung einer gesetzlichen Verpflichtung notwendig sein sollte. Wir schlie\u00dfen mit Unternehmen, die Ihre Daten in unserem Auftrag verarbeiten, einen Verarbeitervertrag ab, um das gleiche Sicherheits- und Vertraulichkeitsniveau Ihrer Daten zu gew\u00e4hrleisten. LBG HOTELS bleibt f\u00fcr diese Verarbeitungen verantwortlich.<\/p>\n\t\t<\/div>\n\t<\/div>\n\t\n\t<div id=\"accordion-2860533358\" class=\"accordion-item\">\n\t\t<a id=\"accordion-2860533358-label\" class=\"accordion-title plain\" href=\"#accordion-item-cookies\" aria-expanded=\"false\" aria-controls=\"accordion-2860533358-content\" >\n\t\t\t<button class=\"toggle\" aria-label=\"Umschalten\"><i class=\"icon-angle-down\"><\/i><\/button>\n\t\t\t<span>Cookies<\/span>\n\t\t<\/a>\n\t\t<div id=\"accordion-2860533358-content\" class=\"accordion-inner\" aria-labelledby=\"accordion-2860533358-label\" >\n\t\t\t\n<p>LBG HOTELS nutzt funktionelle, analytische und Tracking-Cookies. Ein Cookie ist eine kleine Textdatei, die bei einem ersten Besuch dieser Website im Browser Ihres Computers, Tablets oder Smartphones gespeichert wird. LBG HOTELS nutzt ausschlie\u00dflich Cookies mit einer rein technischen Funktion. Diese sorgen daf\u00fcr, dass die Website ordnungsgem\u00e4\u00df funktioniert und beispielsweise Ihre Vorzugseinstellungen gespeichert werden. Diese Cookies dienen auch einer reibungslosen Funktion und Optimierung der Website. Dar\u00fcber hinaus werden auf Ihrem Computer Cookies eingestellt, die Ihr Navigationsverhalten protokollieren, damit wir Ihnen ma\u00dfgeschneiderte Inhalte und Werbeanzeigen anbieten k\u00f6nnen. Bei Ihrem ersten Besuch unserer Website wurden Sie bereits \u00fcber diese Cookies informiert und um Ihre Zustimmung zu deren Speicherung gebeten. Sie k\u00f6nnen sich f\u00fcr die Nutzung von Cookies abmelden, indem Sie Ihren Internetbrowser so einstellen, dass keine Cookies mehr gespeichert werden. Dar\u00fcber hinaus k\u00f6nnen Sie \u00fcber die Einstellungen Ihres Browsers alle zu einem fr\u00fcheren Zeitpunkt gespeicherten Informationen l\u00f6schen. Weitere Erl\u00e4uterungen finden Sie unter:\u00a0<a href=\"http:\/\/www.allaboutcookies.org\/\" target=\"_blank\" rel=\"noopener\">http:\/\/www.allaboutcookies.org<\/a>. Die IP-Adressen werden entsprechend der DSGVO anonymisiert.<\/p>\n\t\t<\/div>\n\t<\/div>\n\t\n\t<div id=\"accordion-3135500670\" class=\"accordion-item\">\n\t\t<a id=\"accordion-3135500670-label\" class=\"accordion-title plain\" href=\"#accordion-item-daten-einsehen,-anpassen-oder-entfernen\" aria-expanded=\"false\" aria-controls=\"accordion-3135500670-content\" >\n\t\t\t<button class=\"toggle\" aria-label=\"Umschalten\"><i class=\"icon-angle-down\"><\/i><\/button>\n\t\t\t<span>Daten einsehen, anpassen oder entfernen<\/span>\n\t\t<\/a>\n\t\t<div id=\"accordion-3135500670-content\" class=\"accordion-inner\" aria-labelledby=\"accordion-3135500670-label\" >\n\t\t\t\n<p>Sie haben das Recht, Ihre personenbezogenen Daten einzusehen, zu korrigieren oder zu l\u00f6schen. Senden Sie einen entsprechenden Antrag auf Einsichtnahme, Korrektur oder L\u00f6schung an\u00a0<a href=\"mailto:info@LBGHotels.com\">info@LBGHotels.com<\/a>. Damit wir sicherstellen k\u00f6nnen, dass dieser Antrag auf Einsichtnahme von Ihnen stammt, bitten wir Sie, dem Antrag eine Kopie Ihres Ausweises beizuf\u00fcgen. Wir ersuchen Sie au\u00dferdem, in dieser Kopie Ihr Passfoto und Ihre B\u00fcrgerservicenummer (BSN) zu schw\u00e4rzen, damit der Schutz Ihrer Privatsph\u00e4re gew\u00e4hrleistet ist. LBG HOTELS wird schnellstm\u00f6glich, jedoch sp\u00e4testens innerhalb von vier Wochen auf Ihren Antrag reagieren.<\/p>\n\t\t<\/div>\n\t<\/div>\n\t\n\t<div id=\"accordion-1700912218\" class=\"accordion-item\">\n\t\t<a id=\"accordion-1700912218-label\" class=\"accordion-title plain\" href=\"#accordion-item-sicherungsma\u00dfnahmen\" aria-expanded=\"false\" aria-controls=\"accordion-1700912218-content\" >\n\t\t\t<button class=\"toggle\" aria-label=\"Umschalten\"><i class=\"icon-angle-down\"><\/i><\/button>\n\t\t\t<span>Sicherungsma\u00dfnahmen<\/span>\n\t\t<\/a>\n\t\t<div id=\"accordion-1700912218-content\" class=\"accordion-inner\" aria-labelledby=\"accordion-1700912218-label\" >\n\t\t\t\n<div class=\"tm-content-container\">\n<div class=\"tm-middle uk-grid\" data-uk-grid-match=\"\" data-uk-grid-margin=\"\">\n<div class=\"tm-main uk-width-medium-1-1 uk-row-first\">\n<p><span style=\"font-size: 14.4px;\">LBG HOTELS nimmt den Schutz Ihrer personenbezogenen Daten ernst und ergreift geeignete Ma\u00dfnahmen zum Schutz vor Missbrauch, Verlust, unbefugtem Zugriff, unerw\u00fcnschter Ver\u00f6ffentlichung und unzul\u00e4ssiger \u00c4nderung. Wenn Sie der Ansicht sind, dass Ihre personenbezogenen Daten nicht ordnungsgem\u00e4\u00df gesichert sind oder Hinweise auf einen Missbrauch vorliegen, wenden Sie sich bitte an unsere Rezeption oder per E-Mail an <\/span><a style=\"font-size: 14.4px;\" href=\"mailto:info@LBGHotels.com\">info@LBGHotels.com<\/a><span style=\"font-size: 14.4px;\">.<\/span><\/p>\n<p>&nbsp;<\/p>\n<\/div>\n<\/div>\n<\/div>\n\t\t<\/div>\n\t<\/div>\n\t\n<\/div>\n<\/div>\n<div id=\"tab_bestpreisgarantie-|\" class=\"panel entry-content\" role=\"tabpanel\" aria-labelledby=\"tab-bestpreisgarantie-|\">\n\n\t<section class=\"section\" id=\"section_1732598244\">\n\t\t<div class=\"section-bg fill\" >\n\t\t\t\t\t\t\t\t\t\n\t\t\t\n\n\t\t<\/div>\n\n\t\t\n\n\t\t<div class=\"section-content relative\">\n\t\t\t\n<div class=\"row\"  id=\"row-1605858247\">\n\n\t<div id=\"col-148663417\" class=\"col small-12 large-12\"  >\n\t\t\t\t<div class=\"col-inner\"  >\n\t\t\t\n\t\t\t\n<div class=\"et_pb_module et_pb_text et_pb_text_0 et_pb_text_align_left et_pb_bg_layout_light\">\n<div class=\"et_pb_text_inner\">\n<p>Die Bestpreisgarantie ist unser Versprechen f\u00fcr G\u00e4ste, die direkt auf unserer eigenen Website buchen: <a href=\"https:\/\/www.kaboomhotel.nl\/\">https:\/\/www.kaboomhotel.nl\/<\/a><\/p>\n<p>Kaboom Maastricht garantiert, dass unsere eigene Website zum Zeitpunkt der Reservierung sowie in den darauffolgenden 24 Stunden im Vergleich mit \u00fcbereinstimmenden Zimmertypen, Daten, Bedingungen und Preistypen (Zimmerkonditionen) die g\u00fcnstigsten Zimmerpreise bietet (Bestpreisgarantie).<\/p>\n<p>Falls Sie Kaboom Maastricht einen ver\u00f6ffentlichten Preis zeigen k\u00f6nnen, der bei gleichen Zimmerkonditionen in dem Augenblick g\u00fcnstiger ist (Konkurrenzpreis), wird Kaboom Maastricht das betreffende Zimmer innerhalb von 24 Stunden nachdem Sie Ihre Reservierung auf unserer Website aufgegeben haben zu diesem Preis anbieten.<\/p>\n<p>Es kann nur dann ein Anspruch auf diese Bestpreisgarantie gemacht werden, wenn alle Bedingungen erf\u00fcllt sind.<\/p>\n<p>\u00a0<\/p>\n<h2>BEDINGUNGEN:<\/h2>\n<ul>\n<li><a href=\"https:\/\/app.mews.com\/Navigator\/documents\/2aa06147-cd98-4b4a-aa24-b29400c7fefc?language=de-DE\" target=\"_blank\" rel=\"nofollow noopener\">Bitte folgen Sie diesem Link, um alle Informationen zu finden<\/a>\u00a0<\/li>\n<\/ul>\n<\/div>\n<\/div>\n\t\t<\/div>\n\t\t\t\t\t<\/div>\n\n\t\n<\/div>\n\t\t<\/div>\n\n\t\t\n<style>\n#section_1732598244 {\n  padding-top: 30px;\n  padding-bottom: 30px;\n}\n<\/style>\n\t<\/section>\n\t\n<\/div>\n<div id=\"tab_unternehmensinformationen-|\" class=\"panel entry-content\" role=\"tabpanel\" aria-labelledby=\"tab-unternehmensinformationen-|\">\n\n\t<section class=\"section\" id=\"section_803439726\">\n\t\t<div class=\"section-bg fill\" >\n\t\t\t\t\t\t\t\t\t\n\t\t\t\n\n\t\t<\/div>\n\n\t\t\n\n\t\t<div class=\"section-content relative\">\n\t\t\t\n<div class=\"row\"  id=\"row-1415702097\">\n\n\t<div id=\"col-1363436916\" class=\"col small-12 large-12\"  >\n\t\t\t\t<div class=\"col-inner\"  >\n\t\t\t\n\t\t\t\n<h2 class=\"uk-article-title\">Bedrijfsinformatie Kaboom Hotel Maastricht<\/h2>\n<h1 class=\"uk-article-title\"><strong style=\"color: #555555; font-size: 14.4px;\">Adres<\/strong><\/h1>\n<div>\n<p><strong>Bezoekadres<\/strong><br \/>\nKaboom Hotel<br \/>\nStationsplein 1<br \/>\n6221 BT Maastricht<\/p>\n<p><strong>Postadres<\/strong><br \/>\nKaboom Hotel<br \/>\nSint Maartenslaan 1<br \/>\n6221 AV Maastricht<\/p>\n<p>T +31 (0)43 325 33 40<br \/>\n<a href=\"mailto:info@kaboomhotel.nl\">info@kaboomhotel.nl<\/a><br \/>\nwww.kaboomhotel.nl<\/p>\n<p>Kamer van Koophandel Maastricht: 61328227<br \/>\nBTW-nummer: NL8542.98.824B01<\/p>\n<p><strong>Bankgegevens<\/strong><\/p>\n<p>BIC INGBNL2A<br \/>\nIBAN NL85INGB0686496396<\/p>\n<p>GDS codes<\/p>\n<p>Amadeus PW MST030<br \/>\nGalileo\/Apollo PW B5315<br \/>\nSabre PW 283300<br \/>\nWorldSpan PW 14200<\/p>\n<\/div>\n\t\t<\/div>\n\t\t\t\t\t<\/div>\n\n\t\n<\/div>\n\t\t<\/div>\n\n\t\t\n<style>\n#section_803439726 {\n  padding-top: 30px;\n  padding-bottom: 30px;\n}\n<\/style>\n\t<\/section>\n\t\n<\/div>\n<div id=\"tab_faq-zahlung-link-|\" class=\"panel entry-content\" role=\"tabpanel\" aria-labelledby=\"tab-faq-zahlung-link-|\">\n\n\t<section class=\"section\" id=\"section_656528515\">\n\t\t<div class=\"section-bg fill\" >\n\t\t\t\t\t\t\t\t\t\n\t\t\t\n\n\t\t<\/div>\n\n\t\t\n\n\t\t<div class=\"section-content relative\">\n\t\t\t\n<div class=\"row\"  id=\"row-318014524\">\n\n\t<div id=\"col-617608025\" class=\"col small-12 large-12\"  >\n\t\t\t\t<div class=\"col-inner\"  >\n\t\t\t\n\t\t\t\n<div class=\"fusion-title title fusion-title-1 fusion-sep-none fusion-title-text fusion-title-size-three\">\n<h1 class=\"entry-title\">H\u00e4ufig gestellte Fragen zum Zahlungslink<\/h1>\n<h3 class=\"title-heading-left\">Warum habe ich eine E-Mail erhalten, in der ich aufgefordert wurde, die Zahlung \u00fcber einen Zahlungslink abzuschlie\u00dfen, anstatt die von mir angegebene Kreditkarte zu belasten?<\/h3>\n<\/div>\n<div class=\"fusion-text fusion-text-1\">\n<p>Seit der Einf\u00fchrung der neuen europ\u00e4ischen Richtlinie PSD2 ist es f\u00fcr Hotels nicht mehr m\u00f6glich, Kreditkarten zu belasten. Wenn Sie eine Reservierung vornehmen, die eine Vorauszahlung oder Garantie erfordert, senden wir Ihnen eine E-Mail mit einem Zahlungslink, \u00fcber den Sie die Zahlung direkt an uns vornehmen k\u00f6nnen. Erst wenn die Zahlung abgeschlossen ist, ist die Reservierung endg\u00fcltig.<\/p>\n<\/div>\n<div class=\"fusion-title title fusion-title-2 fusion-sep-none fusion-title-text fusion-title-size-three\">\n<h3 class=\"title-heading-left\">Wie funktioniert der Zahlungslink?<\/h3>\n<\/div>\n<div class=\"fusion-text fusion-text-2\">\n<p>Wenn Sie eine Reservierung vornehmen, die eine Zahlung vor der Ankunft erfordert, erhalten Sie eine E-Mail mit einem Link, \u00fcber den Sie die Zahlung an uns vornehmen k\u00f6nnen. Erst wenn die Zahlung \u00fcber den Zahlungslink erfolgt ist, ist die Reservierung endg\u00fcltig. Wenn keine Zahlung erfolgt, schicken wir eine Mahnung. Nach Ablauf des letzten Zahlungstermins stornieren wir die Reservierung automatisch.<\/p>\n<\/div>\n<div class=\"fusion-title title fusion-title-3 fusion-sep-none fusion-title-text fusion-title-size-three\">\n<h3 class=\"title-heading-left\">Was passiert, wenn ich meine Buchung storniere?<\/h3>\n<\/div>\n<div class=\"fusion-text fusion-text-3\">\n<p>Unsere Stornierungsbedingungen bleiben unver\u00e4ndert: Bei einer flexiblen Reservierung k\u00f6nnen Sie bis zu 24 Stunden vor der Ankunft kostenlos stornieren und erhalten das Geld zur\u00fcck. Bei einer nicht erstattungsf\u00e4higen Reservierung ist es nicht m\u00f6glich, im Falle einer Stornierung das Geld aus der Reservierung zur\u00fcckzubekommen.<\/p>\n<\/div>\n<div class=\"fusion-title title fusion-title-4 fusion-sep-none fusion-title-text fusion-title-size-three\">\n<h3 class=\"title-heading-left\">Wie speichern Sie meine Zahlungsdaten?<\/h3>\n<\/div>\n<div class=\"fusion-text fusion-text-4\">\n<p>Alle Zahlungsdaten werden gem\u00e4\u00df den gesetzlichen Bestimmungen bei Ingenico, dem Transaktionsverarbeiter, den LBG Hotels einsetzt, sicher gespeichert.<\/p>\n<\/div>\n<div class=\"fusion-title title fusion-title-5 fusion-sep-none fusion-title-text fusion-title-size-three\">\n<h3 class=\"title-heading-left\">Was geschieht mit den Kreditkartendaten, die ich bei der Buchung angegeben habe, wenn ich \u00fcber den Zahlungslink bezahle?<\/h3>\n<\/div>\n<div class=\"fusion-text fusion-text-5\">\n<p>Die w\u00e4hrend des Buchungsvorgangs eingegebenen Kreditkartendaten werden nicht verwendet.<\/p>\n<\/div>\n<div class=\"fusion-title title fusion-title-6 fusion-sep-none fusion-title-text fusion-title-size-three\">\n<h3 class=\"title-heading-left\">Warum muss ich innerhalb der angegebenen Frist bezahlen?<\/h3>\n<\/div>\n<div class=\"fusion-text fusion-text-6\">\n<p>Eine Buchung ist erst dann endg\u00fcltig, wenn der Betrag bezahlt wurde. Im Falle einer nicht erstattungsf\u00e4higen Reservierung bedeutet dies, dass die Zahlung sofort erfolgen muss. Flexible Reservierungen k\u00f6nnen bis zu 24 Stunden vor der Ankunft bezahlt werden. Dies ersetzt die direkte Abbuchung von der Kreditkarte.<\/p>\n<\/div>\n<div class=\"fusion-title title fusion-title-7 fusion-sep-none fusion-title-text fusion-title-size-three\">\n<h3 class=\"title-heading-left\">Mit welchen Zahlungsmitteln kann ich die Zahlung abschlie\u00dfen?<\/h3>\n<\/div>\n<div class=\"fusion-text fusion-text-7\">\n<p>Es ist m\u00f6glich, mit iDeal, ECMC, Visa oder American Express zu bezahlen.<\/p>\n<\/div>\n<div class=\"fusion-title title fusion-title-8 fusion-sep-none fusion-title-text fusion-title-size-three\">\n<h3 class=\"title-heading-left\">Warum stimmt der Betrag, der \u00fcber den Zahlungslink angezeigt wird, nicht mit dem Betrag \u00fcberein, den ich gebucht habe?<\/h3>\n<\/div>\n<div class=\"fusion-text fusion-text-8\">\n<p>Wenn der Betrag abweicht, wurden die Kurtaxe und die Greenfee bei der Reservierung nicht ber\u00fccksichtigt. Diese werden dann zu dem Betrag im Zahlungslink addiert.<\/p>\n<\/div>\n<div class=\"fusion-title title fusion-title-9 fusion-sep-none fusion-title-text fusion-title-size-three\">\n<h3 class=\"title-heading-left\">Was ist PayByLink?<\/h3>\n<\/div>\n<div class=\"fusion-text fusion-text-9\">\n<p>Wir versenden den Zahlungslink mit Hilfe von PayByLink, dem Dienst, mit dem wir zusammenarbeiten, um Zahlungen durchzuf\u00fchren. PayByLink bietet eine sichere Zahlungsl\u00f6sung als Ersatz f\u00fcr die Belastung der Kreditkarte.<\/p>\n<\/div>\n\t\t<\/div>\n\t\t\t\t\t<\/div>\n\n\t\n<\/div>\n\t\t<\/div>\n\n\t\t\n<style>\n#section_656528515 {\n  padding-top: 30px;\n  padding-bottom: 30px;\n}\n<\/style>\n\t<\/section>\n\t\n\n\t<section class=\"section\" id=\"section_892223815\">\n\t\t<div class=\"section-bg fill\" >\n\t\t\t\t\t\t\t\t\t\n\t\t\t\n\n\t\t<\/div>\n\n\t\t\n\n\t\t<div class=\"section-content relative\">\n\t\t\t\n<div class=\"row\"  id=\"row-97548966\">\n\n\t<div id=\"col-2145744611\" class=\"col small-12 large-12\"  >\n\t\t\t\t<div class=\"col-inner\"  >\n\t\t\t\n\t\t\t\n<h1 class=\"uk-article-title\">Bedrijfsinformatie Kaboom Hotel Maastricht<\/h1>\n<h1 class=\"uk-article-title\"><strong style=\"color: #555555; font-size: 14.4px;\">Adres<\/strong><\/h1>\n<div>\n<p><strong>Bezoekadres<\/strong><br \/>\nKaboom Hotel<br \/>\nStationsplein 1<br \/>\n6221 BT Maastricht<\/p>\n<p><strong>Postadres<\/strong><br \/>\nKaboom Hotel<br \/>\nSint Maartenslaan 1<br \/>\n6221 AV Maastricht<\/p>\n<p>T +31 (0)43 325 33 40<br \/>\n<a href=\"mailto:info@kaboomhotel.nl\">info@kaboomhotel.nl<\/a><br \/>\nwww.kaboomhotel.nl<\/p>\n<p>Kamer van Koophandel Maastricht: 61328227<br \/>\nBTW-nummer: NL8542.98.824B01<\/p>\n<p><strong>Bankgegevens<\/strong><\/p>\n<p>BIC INGBNL2A<br \/>\nIBAN NL85INGB0686496396<\/p>\n<p>GDS codes<\/p>\n<p>Amadeus PW MST030<br \/>\nGalileo\/Apollo PW B5315<br \/>\nSabre PW 283300<br \/>\nWorldSpan PW 14200<\/p>\n<\/div>\n\t\t<\/div>\n\t\t\t\t\t<\/div>\n\n\t\n<\/div>\n\t\t<\/div>\n\n\t\t\n<style>\n#section_892223815 {\n  padding-top: 30px;\n  padding-bottom: 30px;\n}\n<\/style>\n\t<\/section>\n\t\n<\/div><\/div><\/div>\n\t\t<\/div>\n\t\t\t\t\t<\/div>\n\n\t\n<\/div>\n","protected":false},"excerpt":{"rendered":"","protected":false},"author":4,"featured_media":0,"parent":0,"menu_order":20,"comment_status":"closed","ping_status":"closed","template":"page-blank.php","meta":{"footnotes":""},"class_list":["post-1263","page","type-page","status-publish","hentry"],"_links":{"self":[{"href":"https:\/\/kaboomhotel.nl\/de\/wp-json\/wp\/v2\/pages\/1263","targetHints":{"allow":["GET"]}}],"collection":[{"href":"https:\/\/kaboomhotel.nl\/de\/wp-json\/wp\/v2\/pages"}],"about":[{"href":"https:\/\/kaboomhotel.nl\/de\/wp-json\/wp\/v2\/types\/page"}],"author":[{"embeddable":true,"href":"https:\/\/kaboomhotel.nl\/de\/wp-json\/wp\/v2\/users\/4"}],"replies":[{"embeddable":true,"href":"https:\/\/kaboomhotel.nl\/de\/wp-json\/wp\/v2\/comments?post=1263"}],"version-history":[{"count":0,"href":"https:\/\/kaboomhotel.nl\/de\/wp-json\/wp\/v2\/pages\/1263\/revisions"}],"wp:attachment":[{"href":"https:\/\/kaboomhotel.nl\/de\/wp-json\/wp\/v2\/media?parent=1263"}],"curies":[{"name":"wp","href":"https:\/\/api.w.org\/{rel}","templated":true}]}}