{"id":1302,"date":"2022-08-29T16:19:01","date_gmt":"2022-08-29T14:19:01","guid":{"rendered":"https:\/\/kaboomhotel.nl\/standort\/"},"modified":"2025-03-24T10:01:16","modified_gmt":"2025-03-24T09:01:16","slug":"standort","status":"publish","type":"page","link":"https:\/\/kaboomhotel.nl\/de\/standort\/","title":{"rendered":"Standort"},"content":{"rendered":"\n\t<section class=\"section\" id=\"section_921334621\">\n\t\t<div class=\"section-bg fill\" >\n\t\t\t\t\t\t\t\t\t\n\t\t\t\n\n\t\t<\/div>\n\n\t\t\n\n\t\t<div class=\"section-content relative\">\n\t\t\t\r\n\r\n\n  <div class=\"banner has-hover hide-for-small\" id=\"banner-251408203\">\n          <div class=\"banner-inner fill\">\n        <div class=\"banner-bg fill\" >\n            <img decoding=\"async\" width=\"1448\" height=\"600\" src=\"https:\/\/kaboomhotel.nl\/wp-content\/uploads\/2022\/09\/Kaboom-wallpaper.jpg\" class=\"bg attachment-original size-original\" alt=\"Designmotiv verwendet in Hotelzimmer in blau | Kaboom-Hotel\" \/>                        <div class=\"overlay\"><\/div>            \n                    <\/div>\n\t\t\n        <div class=\"banner-layers container\">\n            <div class=\"fill banner-link\"><\/div>            \r\n\r\n        <\/div>\n      <\/div>\n\n            \n<style>\n#banner-251408203 {\n  padding-top: 100px;\n}\n#banner-251408203 .overlay {\n  background-color: rgba(255, 255, 255, 0.703);\n}\n#banner-251408203 .banner-bg img {\n  object-position: 48% 47%;\n}\n@media (min-width:550px) {\n  #banner-251408203 {\n    padding-top: 100px;\n  }\n}\n<\/style>\n  <\/div>\n\n\r\n\n  <div class=\"banner has-hover show-for-small\" id=\"banner-2069225963\">\n          <div class=\"banner-inner fill\">\n        <div class=\"banner-bg fill\" >\n            <img decoding=\"async\" width=\"678\" height=\"221\" src=\"https:\/\/kaboomhotel.nl\/wp-content\/uploads\/2022\/10\/Kaboom-wallpaper-mobile.jpg\" class=\"bg attachment-original size-original\" alt=\"Designmotiv an Hotelw\u00e4nden in Blau | Kaboom-Hotel\" \/>                        <div class=\"overlay\"><\/div>            \n                    <\/div>\n\t\t\n        <div class=\"banner-layers container\">\n            <div class=\"fill banner-link\"><\/div>            \r\n\r\n        <\/div>\n      <\/div>\n\n            \n<style>\n#banner-2069225963 {\n  padding-top: 100px;\n}\n#banner-2069225963 .overlay {\n  background-color: rgba(255, 255, 255, 0.703);\n}\n#banner-2069225963 .banner-bg img {\n  object-position: 48% 47%;\n}\n@media (min-width:550px) {\n  #banner-2069225963 {\n    padding-top: 100px;\n  }\n}\n<\/style>\n  <\/div>\n\n\r\n\r\n\t\t<\/div>\n\n\t\t\n<style>\n#section_921334621 {\n  padding-top: 0px;\n  padding-bottom: 0px;\n}\n<\/style>\n\t<\/section>\n\t\n\n\t<section class=\"section\" id=\"section_486248963\">\n\t\t<div class=\"section-bg fill\" >\n\t\t\t\t\t\t\t\t\t\n\t\t\t\n\t<div class=\"is-border\"\n\t\tstyle=\"border-width:0px 0px 0px 0px;\">\n\t<\/div>\n\n\t\t<\/div>\n\n\t\t\n\n\t\t<div class=\"section-content relative\">\n\t\t\t\n<div class=\"row\"  id=\"row-313820174\">\n\n\t<div id=\"col-994965468\" class=\"col small-12 large-12\"  >\n\t\t\t\t<div class=\"col-inner\"  >\n\t\t\t\n\t\t\t\n<div class=\"container section-title-container\" ><h1 class=\"section-title section-title-center\"><b><\/b><span class=\"section-title-main\" >UNSER STANDORT: HOTEL MAASTRICHT BAHNHOF<\/span><b><\/b><\/h1><\/div>\n<div class=\"row\"  id=\"row-337831813\">\n\n\t<div id=\"col-1690268677\" class=\"col small-12 large-12\"  >\n\t\t\t\t<div class=\"col-inner\"  >\n\t\t\t\n\t\t\t\n\t<div id=\"text-2927739062\" class=\"text\">\n\t\t\n<h2><i class=\"fa-light fa-location-dot\"><\/i> STANDORT &amp; KARTE<\/h2>\n\t\t\n<style>\n#text-2927739062 {\n  text-align: center;\n}\n<\/style>\n\t<\/div>\n\t\n\t\t<\/div>\n\t\t\t\t\t<\/div>\n\n\t\n<\/div>\n<div class=\"row\"  id=\"row-1499981662\">\n\n\t<div id=\"col-2094855821\" class=\"col medium-6 small-12 large-6\"  >\n\t\t\t\t<div class=\"col-inner\"  >\n\t\t\t\n\t\t\t\n\n\t<script type=\"text\/javascript\">\n  jQuery( document ).ready(function() {\n    function initialize() {\n        var styles = {\n            'flatsome':  [{\n            \"featureType\": \"administrative\",\n            \"stylers\": [\n              { \"visibility\": \"on\" }\n            ]\n          },\n          {\n            \"featureType\": \"road\",\n            \"stylers\": [\n              { \"visibility\": \"on\" },\n              { \"hue\": \"\" }\n            ]\n          },\n          {\n            \"stylers\": [\n\t\t\t  { \"visibility\": \"on\" },\n\t\t\t  { \"hue\": \"\" },\n\t\t\t  { \"saturation\": -100 }\n            ]\n          }\n        ]};\n\n        var myLatlng = new google.maps.LatLng(50.84933, 5.70472);\n        var myOptions = {\n            zoom: 15,\n            center: myLatlng,\n            mapTypeId: google.maps.MapTypeId.ROADMAP,\n            disableDefaultUI: true,\n            mapTypeId: 'flatsome',\n            draggable: true,\n            zoomControl: false,\n            zoomControlOptions: {\n              position: google.maps.ControlPosition.TOP_LEFT\n            },\n      \t\t\tmapTypeControl: false,\n            mapTypeControlOptions: {\n              position: google.maps.ControlPosition.TOP_LEFT\n            },\n      \t\t\tstreetViewControl: false,\n            streetViewControlOptions: {\n              position: google.maps.ControlPosition.TOP_LEFT\n            },\n            scrollwheel: false,\n            disableDoubleClickZoom: true\n        }\n        var map = new google.maps.Map(document.getElementById(\"map-856991416-inner\"), myOptions);\n        var styledMapType = new google.maps.StyledMapType(styles['flatsome'], {name: 'flatsome'});\n        map.mapTypes.set('flatsome', styledMapType);\n\n        var marker = new google.maps.Marker({\n            position: myLatlng,\n            map: map,\n            title:\"\"\n        });\n    }\n\n    \/\/ Required to proceed\n    if (!(typeof google === 'object' && typeof google.maps === 'object')) {\n      return\n    }\n\n    initialize()\n    google.maps.event.addDomListener(window, 'resize', initialize);\n    });\n    <\/script>\n\n    <div class=\"google-map relative mb\" id=\"map-856991416\">\n        <div class=\"map-height\" id=\"map-856991416-inner\"><\/div>\n        <div id=\"map_overlay_top\"><\/div>\n        <div id=\"map_overlay_bottom\"><\/div>\n         \n       \n<style>\n#map-856991416 .map-inner {\n  background-color: #fff;\n  max-width: 100%;\n}\n#map-856991416 .map-height {\n  height: 500px;\n}\n@media (min-width:550px) {\n  #map-856991416 .map-inner {\n    max-width: 40%;\n  }\n}\n@media (min-width:850px) {\n  #map-856991416 .map-inner {\n    max-width: 30%;\n  }\n}\n<\/style>\n    <\/div>\n\n\t\n\t\t<\/div>\n\t\t\t\t\t<\/div>\n\n\t\n\n\t<div id=\"col-905510319\" class=\"col medium-6 small-12 large-6\"  >\n\t\t\t\t<div class=\"col-inner text-left\"  >\n\t\t\t\n\t\t\t\n<p>Das Kaboom Hotel Maastricht befindet sich direkt gegen\u00fcber vom Hauptbahnhof Maastrichts im Stadtteil Wyck an der Ecke der Stationsstraat und ist nur wenige Gehminuten von der Innenstadt entfernt. Sie reisen gem\u00fctlich mit dem Zug an?<\/p>\n<p>M\u00f6chten Sie doch mit dem Auto kommen? Parken Sie f\u00fcr \u20ac15 pro Tag im Q-Park De Colonel Maastricht<\/p>\n<p><strong>Standort &amp; Transport<\/strong><\/p>\n<ul>\n<li>In Gehweite des Stadtzentrums<\/li>\n<li>Gleich um die Ecke vom Maastrichter Hauptbahnhof<\/li>\n<li>In der N\u00e4he des MECC<\/li>\n<\/ul>\n\t<div id=\"text-1574007652\" class=\"text\">\n\t\t\n<p style=\"margin-bottom: 0px; margin-top: 15px;\"><a class=\"button primary is-small\" style=\"border-radius: 20px;\" href=\"https:\/\/kaboomhotel.nl\/de\/hotel-parking\/\" target=\"_self\" rel=\"noopener\">INFOS ZUM PARKEN<\/a><a class=\"button primary is-small\" style=\"border-radius: 20px;\" href=\"https:\/\/g.page\/kaboomhotel?share\" target=\"_blank\" rel=\"noopener noreferrer nofollow\">BESCHREIBUNG DER ROUTE<\/a><\/p>\n\t\t\n<style>\n#text-1574007652 {\n  text-align: center;\n}\n<\/style>\n\t<\/div>\n\t\n<p><strong>Kaboom Hotel<\/strong><br \/>\nStationsplein 1<br \/>\n6221 BT Maastricht<br \/>\n<a href=\"tel:+31433253340\" target=\"_blank\" rel=\"noopener\">+31 (0)43 325 33 40<\/a> | <a href=\"mailto:info@kaboomhotel.nl\" target=\"_blank\" rel=\"noopener\">info@kaboomhotel.nl<\/a><\/p>\n<p><i class=\"fa-thin fa-clock\"><\/i> 24 Stunden ge\u00f6ffnet<\/p>\n\t\t<\/div>\n\t\t\t\t\t<\/div>\n\n\t\n<\/div>\n\t\t<\/div>\n\t\t\t\t\n<style>\n#col-994965468 > .col-inner {\n  padding: 20px 0px 0px 0px;\n}\n<\/style>\n\t<\/div>\n\n\t\n<\/div>\n\t\t<\/div>\n\n\t\t\n<style>\n#section_486248963 {\n  padding-top: 0px;\n  padding-bottom: 0px;\n}\n<\/style>\n\t<\/section>\n\t\n\n\t<section class=\"section\" id=\"section_1991502927\">\n\t\t<div class=\"section-bg fill\" >\n\t\t\t\t\t\t\t\t\t\n\t\t\t\n\n\t\t<\/div>\n\n\t\t\n\n\t\t<div class=\"section-content relative\">\n\t\t\t\r\n\r\n<div class=\"row\"  id=\"row-923058470\">\r\n\r\n\n\t<div id=\"col-470587908\" class=\"col small-12 large-12\"  >\n\t\t\t\t<div class=\"col-inner\"  >\n\t\t\t\n\t\t\t\r\n\r\n\n\t\t<div class=\"tabbed-content distanceTabs\">\n\t\t\t\n\t\t\t<ul class=\"nav nav-tabs nav-uppercase nav-size-xlarge nav-left\" role=\"tablist\"><li id=\"tab-auto\" class=\"tab active has-icon\" role=\"presentation\"><a href=\"#tab_auto\" role=\"tab\" aria-selected=\"true\" aria-controls=\"tab_auto\"><span>Auto<\/span><\/a><\/li>\n<li id=\"tab-zug\" class=\"tab has-icon\" role=\"presentation\"><a href=\"#tab_zug\" tabindex=\"-1\" role=\"tab\" aria-selected=\"false\" aria-controls=\"tab_zug\"><span>Zug<\/span><\/a><\/li>\n<li id=\"tab-bus\" class=\"tab has-icon\" role=\"presentation\"><a href=\"#tab_bus\" tabindex=\"-1\" role=\"tab\" aria-selected=\"false\" aria-controls=\"tab_bus\"><span>Bus<\/span><\/a><\/li>\n<li id=\"tab-flugzeug\" class=\"tab has-icon\" role=\"presentation\"><a href=\"#tab_flugzeug\" tabindex=\"-1\" role=\"tab\" aria-selected=\"false\" aria-controls=\"tab_flugzeug\"><span>Flugzeug<\/span><\/a><\/li><\/ul><div class=\"tab-panels\"><div id=\"tab_auto\" class=\"panel active entry-content\" role=\"tabpanel\" aria-labelledby=\"tab-auto\">\r\n\r\n<strong>Adresse:<\/strong> Stationsplein 1, 6221 BT Maastricht<br \/>\r\n<strong>Parken: <\/strong>G\u00fcnstiges Parken im Q-Park P+R De Colonel Maastricht, Stationsplein 17, 6221 BT Maastricht f\u00fcr G\u00e4ste des Kaboom Hotel Maastricht\r\n\r\nAls Gast des Kaboom Hotel Maastricht k\u00f6nnen Sie f\u00fcr nur 14 \u20ac pro 24 Stunden im Q-Park P+R De Colonel Maastricht parken, der weniger als 5 Gehminuten von unserem Hotel entfernt ist. BAM! Was f\u00fcr ein gutes Angebot, ein Hotel im Zentrum von Maastricht mit Parkplatz!\r\n<h4>Wie funktioniert das?<\/h4>\r\n<ul>\r\n \t<li>Parken Sie im Q-Park P+R De Colonel Maastricht, Stationsplein 17, 6221 BT Maastricht (Einfahrtsh\u00f6he 1,90 m).<\/li>\r\n \t<li>Bei der Einfahrt in das Parkhaus \u00f6ffnet sich die Schranke automatisch. Ihr Nummernschild wird gescannt. Bitte beachten Sie: Sie erhalten kein Ausfahrtsticket!<\/li>\r\n \t<li>\u00d6ffnen Sie die Parkhaust\u00fcr mit Ihrem Nummernschild.<\/li>\r\n \t<li>Bezahlen Sie am Ausgang mit Debit- oder Kreditkarte.<\/li>\r\n \t<li>Die Schranke \u00f6ffnet sich, gute Fahrt!<\/li>\r\n \t<li>Wenn Sie l\u00e4nger als (ein Vielfaches von) 24 Stunden geparkt haben, m\u00fcssen Sie einen Zuschlag zahlen. Sie zahlen dann den regul\u00e4ren Tarif.<\/li>\r\n<\/ul>\r\n\r\n<\/div>\n<div id=\"tab_zug\" class=\"panel entry-content\" role=\"tabpanel\" aria-labelledby=\"tab-zug\">\r\n\r\n<p><strong>Zughaltestelle:<\/strong>Maastricht Centraal Train Station (150m)<\/p>\r\n<p>Das KABOOM-Hotel befindet sich direkt gegen\u00fcber dem Hauptbahnhof von Maastricht.\u00a0<\/p>\r\n<p>Verlassen Sie den Bahnhof durch den Hauptausgang und stehen Sie bereits vor dem KABOOM Hotel. \u00dcberqueren Sie die Stra\u00dfe und genie\u00dfen Sie alles, was das KABOOM Hotel zu bieten hat.\u00a0<\/p>\r\n\r\n<\/div>\n<div id=\"tab_bus\" class=\"panel entry-content\" role=\"tabpanel\" aria-labelledby=\"tab-bus\">\r\n\r\n<p><strong>Busbahnhof:<\/strong> Hauptbahnhof Maastricht (Bahnsteig A oder B)<\/p>\r\n<p>Wenn Sie mit dem Bus zum KABOOM Hotel fahren m\u00f6chten, steigen Sie am besten am Hauptbahnhof Maastricht aus. Der Bahnhof ist 150 m vom Hotel entfernt.<\/p>\r\n<p><a rel=\"nofollow noopener\" href=\"https:\/\/9292.nl\/maastricht\/bushalte-station\" target=\"_blank\"><b>Hier klicken <\/b><\/a>f\u00fcr alle aktuellen Businformationen in Maastricht.<\/p>\r\n\r\n<\/div>\n<div id=\"tab_flugzeug\" class=\"panel entry-content\" role=\"tabpanel\" aria-labelledby=\"tab-flugzeug\">\r\n\r\n<p><strong>Maastricht Flughafen<\/strong> \u2013 Entfernung: 13.3 km<\/p>\r\n<p>Um vom Flughafen Maastricht zum Kaboom Hotel zu gelangen, gibt es mehrere M\u00f6glichkeiten. Die beliebteste Option ist das Taxi, denn es ist bei weitem die schnellste Variante (13 Minuten). Andere M\u00f6glichkeiten w\u00e4ren \u00f6ffentliche Verkehrsmittel, das Fahrrad oder zu Fu\u00df.\u00a0<\/p>\r\n<p><strong>Amsterdam Flughafen Schiphol<\/strong> \u2013 Entfernung: 218 km\u00a0<\/p>\r\n<p>Um vom Flughafen Amsterdam Schiphol zum KABOOM Hotel Maastricht zu gelangen, gibt es zwei M\u00f6glichkeiten: mit \u00f6ffentlichen Verkehrsmitteln oder mit dem Taxi. Diese Fahrt dauert zwischen zwei und drei Stunden.\u00a0<\/p>\r\n<p>\u00a0<\/p>\r\n\r\n<\/div><\/div><\/div>\r\n\r\n\t\t<\/div>\n\t\t\t\t\t<\/div>\n\n\t\r\n\r\n<\/div>\r\n\r\n\t\t<\/div>\n\n\t\t\n<style>\n#section_1991502927 {\n  padding-top: 30px;\n  padding-bottom: 30px;\n}\n<\/style>\n\t<\/section>\n\t\r\n\n\t<section class=\"section\" id=\"section_1827991060\">\n\t\t<div class=\"section-bg fill\" >\n\t\t\t\t\t\t\t\t\t\n\t\t\t\n\n\t\t<\/div>\n\n\t\t\n\n\t\t<div class=\"section-content relative\">\n\t\t\t\r\n\r\n<div class=\"row\"  id=\"row-1727946212\">\r\n\r\n\n\t<div id=\"col-574765272\" class=\"col small-12 large-12\"  >\n\t\t\t\t<div class=\"col-inner\"  >\n\t\t\t\n\t\t\t<div class=\"locationtable\">\r\n<table style=\"height: 320px; width: 100%;\" width=\"100%\">\r\n<tbody>\r\n<tr style=\"height: 40px;\">\r\n<th style=\"height: 20px;\">Typ<\/th>\r\n<th style=\"height: 20px;\">Sehensw\u00fcrdigkeiten<\/th>\r\n<th style=\"height: 20px;\">Entfernung<\/th>\r\n<th style=\"height: 20px;\">Zu Fu\u00df<\/th>\r\n<th style=\"height: 20px;\">Taxi<\/th>\r\n<th style=\"height: 20px;\">\u00d6ffent. Verkehremittel<\/th>\r\n<th style=\"height: 20px;\">Fahrrad<\/th>\r\n<\/tr>\r\n<tr style=\"height: 20px;\">\r\n<td style=\"height: 20px;\"><i class=\"fontawesome-icon fa-subway fas\"><\/i>Bahnhof<\/td>\r\n<td style=\"height: 20px;\"Wyck Bahnhof<\/td>\r\n<td style=\"text-align: center; height: 20px;\">57 m<\/td>\r\n<td style=\"text-align: center; height: 20px;\">1 min<\/td>\r\n<td style=\"text-align: center; height: 20px;\">1 min<\/td>\r\n<td style=\"text-align: center; height: 20px;\">\u2013<\/td>\r\n<td style=\"text-align: center; height: 20px;\">1 min<\/td>\r\n<\/tr>\r\n<tr style=\"height: 20px;\">\r\n<td style=\"height: 20px;\"><i class=\"fontawesome-icon fa-plane fas\"><\/i> Flughafen<\/td>\r\n<td style=\"height: 20px;\">Maastricht Flughafen<\/td>\r\n<td style=\"height: 20px; text-align: center;\">13.3 Km<\/td>\r\n<td style=\"text-align: center; height: 20px;\">\u2013<\/td>\r\n<td style=\"text-align: center; height: 20px;\">13 min<\/td>\r\n<td style=\"text-align: center; height: 20px;\">31 min<\/td>\r\n<td style=\"text-align: center; height: 20px;\">41 min<\/td>\r\n<\/tr>\r\n<tr style=\"height: 20px;\">\r\n<td style=\"height: 20px;\"><i class=\"fontawesome-icon fa-plane fas\"><\/i> Flughafen<\/td>\r\n<td style=\"height: 20px;\">Amsterdam Schiphol Flughafen<\/td>\r\n<td style=\"text-align: center; height: 20px;\">218 Km<\/td>\r\n<td style=\"text-align: center; height: 20px;\">\u2013<\/td>\r\n<td style=\"text-align: center; height: 20px;\">2.20h<\/td>\r\n<td style=\"text-align: center; height: 20px;\">2.50h<\/td>\r\n<td style=\"text-align: center; height: 20px;\">\u2013<\/td>\r\n<\/tr>\r\n<tr style=\"height: 20px;\">\r\n<td style=\"height: 20px;\"><i class=\"fontawesome-icon fa-map-marker-alt fas\"><\/i>Stadt Zentrum<\/td>\r\n<td style=\"height: 20px;\">Maastricht Stadt Zentrum<\/td>\r\n<td style=\"text-align: center; height: 20px;\">1.1 Km<\/td>\r\n<td style=\"text-align: center; height: 20px;\">14 min<\/td>\r\n<td style=\"text-align: center; height: 20px;\">8 min<\/td>\r\n<td style=\"text-align: center; height: 20px;\">13 min<\/td>\r\n<td style=\"text-align: center; height: 20px;\">8 min<\/td>\r\n<\/tr>\r\n<tr style=\"height: 20px;\">\r\n<td style=\"height: 20px;\"><i class=\"fontawesome-icon fa-ethernet fas\"><\/i>Konferenz & Austellungs Zentrum<\/td>\r\n<td style=\"height: 20px;\">MECC<\/td>\r\n<td style=\"text-align: center; height: 20px;\">1.6 Km<\/td>\r\n<td style=\"text-align: center; height: 20px;\">20 min<\/td>\r\n<td style=\"text-align: center; height: 20px;\">6 min<\/td>\r\n<td style=\"text-align: center; height: 20px;\">10 min<\/td>\r\n<td style=\"text-align: center; height: 20px;\">5 min<\/td>\r\n<\/tr>\r\n<tr style=\"height: 20px;\">\r\n<td style=\"height: 20px;\"><i class=\"fontawesome-icon fa-landmark fas\"><\/i>Wahrzeichen \u2013 Br\u00fccke<\/td>\r\n<td style=\"height: 20px;\">Sint Servaasbrug<\/td>\r\n<td style=\"text-align: center; height: 20px;\">900 m<\/td>\r\n<td style=\"text-align: center; height: 20px;\">12 min<\/td>\r\n<td style=\"text-align: center; height: 20px;\">6 min<\/td>\r\n<td style=\"text-align: center; height: 20px;\">10 min<\/td>\r\n<td style=\"text-align: center; height: 20px;\">6 min<\/td>\r\n<\/tr>\r\n<tr style=\"height: 20px;\">\r\n<td style=\"height: 20px;\"><i class=\"fontawesome-icon fa-balance-scale fas\"><\/i> Markt<\/td>\r\n<td style=\"height: 20px;\">Markt<\/td>\r\n<td style=\"text-align: center; height: 20px;\">1.3 Km<\/td>\r\n<td style=\"text-align: center; height: 20px;\">15 min<\/td>\r\n<td style=\"text-align: center; height: 20px;\">8 min<\/td>\r\n<td style=\"text-align: center; height: 20px;\">10 min<\/td>\r\n<td style=\"text-align: center; height: 20px;\">5 min<\/td>\r\n<\/tr>\r\n<tr style=\"height: 20px;\">\r\n<td style=\"height: 20px;\"><i class=\"fontawesome-icon fa-landmark fas\"><\/i>Wahrzeichen \u2013 Platz<\/td>\r\n<td style=\"height: 20px;\">Onze Lieve Vrouweplein<\/td>\r\n<td style=\"text-align: center; height: 20px;\">1.1 Km<\/td>\r\n<td style=\"text-align: center; height: 20px;\">14 min<\/td>\r\n<td style=\"text-align: center; height: 20px;\">7 min<\/td>\r\n<td style=\"text-align: center; height: 20px;\">--<\/td>\r\n<td style=\"text-align: center; height: 20px;\">5 min<\/td>\r\n<\/tr>\r\n<tr style=\"height: 20px;\">\r\n<td style=\"height: 20px;\"><i class=\"fontawesome-icon fa-landmark fas\"><\/i>Wahrzeichen \u2013 See Hafen<\/td>\r\n<td style=\"height: 20px;\">\u00b4t Bassin<\/td>\r\n<td style=\"text-align: center; height: 20px;\">3.8 Km<\/td>\r\n<td style=\"text-align: center; height: 20px;\">18 min<\/td>\r\n<td style=\"text-align: center; height: 20px;\">9 min<\/td>\r\n<td style=\"text-align: center; height: 20px;\">11 min<\/td>\r\n<td style=\"text-align: center; height: 20px;\">8 min<\/td>\r\n<\/tr>\r\n<tr style=\"height: 20px;\">\r\n<td style=\"height: 20px;\"><i class=\"fontawesome-icon fa-monument fas\"><\/i>Monument \u2013 Burg<\/td>\r\n<td style=\"height: 20px;\">Helpoort<\/td>\r\n<td style=\"text-align: center; height: 20px;\">1.1 Km<\/td>\r\n<td style=\"text-align: center; height: 20px;\">15 min<\/td>\r\n<td style=\"text-align: center; height: 20px;\">6 min<\/td>\r\n<td style=\"text-align: center; height: 20px;\">--<\/td>\r\n<td style=\"text-align: center; height: 20px;\">5 min<\/td>\r\n<\/tr>\r\n<tr style=\"height: 20px;\">\r\n<td style=\"height: 20px;\"><i class=\"fontawesome-icon fa-landmark fas\"><\/i>Museum<\/td>\r\n<td style=\"height: 20px;\">Bonnefantenmuseum<\/td>\r\n<td style=\"text-align: center; height: 20px;\">1 Km<\/td>\r\n<td style=\"text-align: center; height: 20px;\">12 min<\/td>\r\n<td style=\"text-align: center; height: 20px;\">3 min<\/td>\r\n<td style=\"text-align: center; height: 20px;\">8 min<\/td>\r\n<td style=\"text-align: center; height: 20px;\">3 min<\/td>\r\n<\/tr>\r\n<tr style=\"height: 20px;\">\r\n<td style=\"height: 20px;\"><i class=\"fontawesome-icon fa-landmark fas\"><\/i>Wahrzeichen \u2013 Square<\/td>\r\n<td style=\"height: 20px;\">Vrijthof<\/td>\r\n<td style=\"text-align: center; height: 20px;\">1.4 Km<\/td>\r\n<td style=\"text-align: center; height: 20px;\">17 min<\/td>\r\n<td style=\"text-align: center; height: 20px;\">10 min<\/td>\r\n<td style=\"text-align: center; height: 20px;\">16 min<\/td>\r\n<td style=\"text-align: center; height: 20px;\">6 min<\/td>\r\n<\/tr>\r\n<tr style=\"height: 20px;\">\r\n<td style=\"height: 20px;\"><i class=\"fontawesome-icon fa-monument fas\"><\/i>Monument \u2013 Kirche<\/td>\r\n<td style=\"height: 20px;\">Sint-Servaasbasiliek<\/td>\r\n<td style=\"text-align: center; height: 20px;\">1.4 Km<\/td>\r\n<td style=\"text-align: center; height: 20px;\">18 min<\/td>\r\n<td style=\"text-align: center; height: 20px;\">10 min<\/td>\r\n<td style=\"text-align: center; height: 20px;\">18 min<\/td>\r\n<td style=\"text-align: center; height: 20px;\">7 min<\/td>\r\n<\/tr>\r\n<tr style=\"height: 20px;\">\r\n<td style=\"height: 20px;\"><i class=\"fontawesome-icon fa-monument fas\"><\/i>Monument \u2013 Burg<\/td>\r\n<td style=\"height: 20px;\">Chateau Neercanne<\/td>\r\n<td style=\"text-align: center; height: 20px;\">5.6 Km<\/td>\r\n<td style=\"text-align: center; height: 20px;\">1.05 h<\/td>\r\n<td style=\"text-align: center; height: 20px;\">13 min<\/td>\r\n<td style=\"text-align: center; height: 20px;\">32 min<\/td>\r\n<td style=\"text-align: center; height: 20px;\">19 min<\/td>\r\n<\/tr>\r\n<tr style=\"height: 20px;\">\r\n<td style=\"height: 20px;\"><i class=\"fontawesome-icon fa-monument fas\"><\/i>Monument \u2013 Kirche<\/td>\r\n<td style=\"height: 20px;\">Sint Pietersberg<\/td>\r\n<td style=\"text-align: center; height: 20px;\">5.3 Km<\/td>\r\n<td style=\"text-align: center; height: 20px;\">1.06 h<\/td>\r\n<td style=\"text-align: center; height: 20px;\">14 min<\/td>\r\n<td style=\"text-align: center; height: 20px;\">34 min<\/td>\r\n<td style=\"text-align: center; height: 20px;\">19 min<\/td>\r\n<\/tr>\r\n<\/tbody>\r\n<\/table>\r\n<\/div>\r\n\r\n\t\t<\/div>\n\t\t\t\t\t<\/div>\n\n\t\r\n\r\n<\/div>\r\n\r\n\t\t<\/div>\n\n\t\t\n<style>\n#section_1827991060 {\n  padding-top: 30px;\n  padding-bottom: 30px;\n}\n<\/style>\n\t<\/section>\n\t\n","protected":false},"excerpt":{"rendered":"","protected":false},"author":3,"featured_media":0,"parent":0,"menu_order":7,"comment_status":"closed","ping_status":"closed","template":"page-blank.php","meta":{"footnotes":""},"class_list":["post-1302","page","type-page","status-publish","hentry"],"_links":{"self":[{"href":"https:\/\/kaboomhotel.nl\/de\/wp-json\/wp\/v2\/pages\/1302","targetHints":{"allow":["GET"]}}],"collection":[{"href":"https:\/\/kaboomhotel.nl\/de\/wp-json\/wp\/v2\/pages"}],"about":[{"href":"https:\/\/kaboomhotel.nl\/de\/wp-json\/wp\/v2\/types\/page"}],"author":[{"embeddable":true,"href":"https:\/\/kaboomhotel.nl\/de\/wp-json\/wp\/v2\/users\/3"}],"replies":[{"embeddable":true,"href":"https:\/\/kaboomhotel.nl\/de\/wp-json\/wp\/v2\/comments?post=1302"}],"version-history":[{"count":0,"href":"https:\/\/kaboomhotel.nl\/de\/wp-json\/wp\/v2\/pages\/1302\/revisions"}],"wp:attachment":[{"href":"https:\/\/kaboomhotel.nl\/de\/wp-json\/wp\/v2\/media?parent=1302"}],"curies":[{"name":"wp","href":"https:\/\/api.w.org\/{rel}","templated":true}]}}