{"id":1305,"date":"2022-08-29T16:19:11","date_gmt":"2022-08-29T14:19:11","guid":{"rendered":"https:\/\/kaboomhotel.nl\/standort\/hotel-parking\/"},"modified":"2025-04-04T15:57:14","modified_gmt":"2025-04-04T13:57:14","slug":"hotel-parking","status":"publish","type":"page","link":"https:\/\/kaboomhotel.nl\/de\/hotel-parking\/","title":{"rendered":"Parken"},"content":{"rendered":"\n\t<section class=\"section\" id=\"section_1801975131\">\n\t\t<div class=\"section-bg fill\" >\n\t\t\t\t\t\t\t\t\t\n\t\t\t\n\n\t\t<\/div>\n\n\t\t\n\n\t\t<div class=\"section-content relative\">\n\t\t\t\r\n\r\n\n  <div class=\"banner has-hover hide-for-small\" id=\"banner-982162582\">\n          <div class=\"banner-inner fill\">\n        <div class=\"banner-bg fill\" >\n            <img decoding=\"async\" width=\"1448\" height=\"600\" src=\"https:\/\/kaboomhotel.nl\/wp-content\/uploads\/2022\/09\/Kaboom-wallpaper.jpg\" class=\"bg attachment-original size-original\" alt=\"Designmotiv verwendet in Hotelzimmer in blau | Kaboom-Hotel\" \/>                        <div class=\"overlay\"><\/div>            \n                    <\/div>\n\t\t\n        <div class=\"banner-layers container\">\n            <div class=\"fill banner-link\"><\/div>            \r\n\r\n        <\/div>\n      <\/div>\n\n            \n<style>\n#banner-982162582 {\n  padding-top: 100px;\n}\n#banner-982162582 .overlay {\n  background-color: rgba(255, 255, 255, 0.703);\n}\n#banner-982162582 .banner-bg img {\n  object-position: 48% 47%;\n}\n@media (min-width:550px) {\n  #banner-982162582 {\n    padding-top: 100px;\n  }\n}\n<\/style>\n  <\/div>\n\n\r\n\n  <div class=\"banner has-hover show-for-small\" id=\"banner-1884812215\">\n          <div class=\"banner-inner fill\">\n        <div class=\"banner-bg fill\" >\n            <img decoding=\"async\" width=\"678\" height=\"221\" src=\"https:\/\/kaboomhotel.nl\/wp-content\/uploads\/2022\/10\/Kaboom-wallpaper-mobile.jpg\" class=\"bg attachment-original size-original\" alt=\"Designmotiv an Hotelw\u00e4nden in Blau | Kaboom-Hotel\" \/>                        <div class=\"overlay\"><\/div>            \n                    <\/div>\n\t\t\n        <div class=\"banner-layers container\">\n            <div class=\"fill banner-link\"><\/div>            \r\n\r\n        <\/div>\n      <\/div>\n\n            \n<style>\n#banner-1884812215 {\n  padding-top: 100px;\n}\n#banner-1884812215 .overlay {\n  background-color: rgba(255, 255, 255, 0.703);\n}\n#banner-1884812215 .banner-bg img {\n  object-position: 48% 47%;\n}\n@media (min-width:550px) {\n  #banner-1884812215 {\n    padding-top: 100px;\n  }\n}\n<\/style>\n  <\/div>\n\n\r\n\r\n\t\t<\/div>\n\n\t\t\n<style>\n#section_1801975131 {\n  padding-top: 0px;\n  padding-bottom: 0px;\n}\n<\/style>\n\t<\/section>\n\t\n\n\t<section class=\"section\" id=\"section_2018712395\">\n\t\t<div class=\"section-bg fill\" >\n\t\t\t\t\t\t\t\t\t\n\t\t\t\n\n\t\t<\/div>\n\n\t\t\n\n\t\t<div class=\"section-content relative\">\n\t\t\t\n<div class=\"row\"  id=\"row-1682489226\">\n\n\t<div id=\"col-1239095870\" class=\"col small-12 large-12\"  >\n\t\t\t\t<div class=\"col-inner\"  >\n\t\t\t\n\t\t\t\n<div class=\"container section-title-container\" ><h1 class=\"section-title section-title-center\"><b><\/b><span class=\"section-title-main\" >Parken bei Kaboom Hotel Maastricht<\/span><b><\/b><\/h1><\/div>\n\t\t<\/div>\n\t\t\t\t\n<style>\n#col-1239095870 > .col-inner {\n  padding: 20px 0px 0px 0px;\n}\n<\/style>\n\t<\/div>\n\n\t\n<\/div>\n<div class=\"row row-small\"  id=\"row-1084209894\">\n\n\t<div id=\"col-1690482372\" class=\"col medium-6 small-12 large-6\"  >\n\t\t\t\t<div class=\"col-inner\"  >\n\t\t\t\n\t\t\t\n<h2><strong>Q-Park De Colonel Maastricht<\/strong><\/h2>\n<p><i class=\"fa-light fa-lightbulb-on\"><\/i> <strong>G\u00fcnstiges Parken am Q-Park De Colonel Maastricht<\/strong><\/p>\n<p>Am Q-Park De Colonel Maastricht, weniger als 5 Gehminuten von unserem Hotel entfernt, k\u00f6nnen Sie Ihr Auto sicher und kosteng\u00fcnstig von nur <strong>15 \u20ac pro 24 Stunden<\/strong> parken. <em><strong>Sag was?!<\/strong><\/em> Ein Hotel im Herzen von Maastricht und ein Parkplatz gleich um die Ecke? Das klingt nach der perfekten Kombination f\u00fcr Ihr Stadtabenteuer!<\/p>\n\t\t<\/div>\n\t\t\t\t\t<\/div>\n\n\t\n\n\t<div id=\"col-1552298654\" class=\"col medium-6 small-12 large-6 small-col-first\"  >\n\t\t\t\t<div class=\"col-inner\"  >\n\t\t\t\n\t\t\t\n\t<div class=\"img has-hover x md-x lg-x y md-y lg-y\" id=\"image_1589461827\">\n\t\t\t\t\t\t\t\t<div class=\"img-inner dark\" >\n\t\t\t<img decoding=\"async\" width=\"1203\" height=\"800\" src=\"https:\/\/kaboomhotel.nl\/wp-content\/uploads\/2024\/05\/De-colonel.jpg\" class=\"attachment-original size-original\" alt=\"De colonel Qpark\" srcset=\"https:\/\/kaboomhotel.nl\/wp-content\/uploads\/2024\/05\/De-colonel.jpg 1203w, https:\/\/kaboomhotel.nl\/wp-content\/uploads\/2024\/05\/De-colonel-300x200.jpg 300w, https:\/\/kaboomhotel.nl\/wp-content\/uploads\/2024\/05\/De-colonel-1024x681.jpg 1024w, https:\/\/kaboomhotel.nl\/wp-content\/uploads\/2024\/05\/De-colonel-768x511.jpg 768w\" sizes=\"(max-width: 1203px) 100vw, 1203px\" \/>\t\t\t\t\t\t\n\t\t\t\t\t<\/div>\n\t\t\t\t\t\t\t\t\n<style>\n#image_1589461827 {\n  width: 100%;\n}\n<\/style>\n\t<\/div>\n\t\n\t\t<\/div>\n\t\t\t\t\t<\/div>\n\n\t\n\n<style>\n#row-1084209894 > .col > .col-inner {\n  padding: 0px 0px 0px 0px;\n}\n@media (min-width:550px) {\n  #row-1084209894 > .col > .col-inner {\n    padding: 0px 50px 0px 50px;\n  }\n}\n<\/style>\n<\/div>\n<div class=\"row row-small align-center\"  id=\"row-431876048\">\n\n\t<div id=\"col-1811235337\" class=\"col medium-8 small-12 large-8 small-col-first\"  >\n\t\t\t\t<div class=\"col-inner\"  >\n\t\t\t\n\t\t\t\n<h2>Wie funktioniert es?<\/h2>\n<ul>\n<li>Reservieren Sie einen Parkplatz \u00fcber die Website von <a href=\"https:\/\/www.q-park.nl\/en-gb\/parking\/maastricht\/mst-kaboom-hotel\/?utm_source=hiddendeal&amp;utm_medium=organic&amp;utm_campaign=kaboom&amp;utm_term=hotel\" target=\"_blank\" rel=\"noopener\">Q-Park<\/a> und geben Sie Ihr<br \/>\nKennzeichen ein.<\/li>\n<li>Sie erhalten innerhalb weniger Minuten eine Best\u00e4tigungs-E-Mail.<\/li>\n<li>Parken Sie Ihr Auto bei Q-Park De Colonel Maastricht, gelegen am Stationsplein 17, 6221 BD<br \/>\nMaastricht (mit einer Einfahrtsh\u00f6he von 2 m).<\/li>\n<li>Beim Einfahren auf den Parkplatz \u00f6ffnet sich die Schranke automatisch und Ihr Kennzeichen<br \/>\nwird gescannt. Bitte beachten Sie: Sie erhalten keine Ausfahrkarte!<\/li>\n<li>Beim Verlassen \u00f6ffnet sich die Schranke automatisch und Sie k\u00f6nnen Ihre Reise fortsetzen. Gute Fahrt!<\/li>\n<li>Wenn Sie l\u00e4nger als (ein Vielfaches von) 24 Stunden geparkt haben, m\u00fcssen Sie den<br \/>\nregul\u00e4ren Tarif f\u00fcr die zus\u00e4tzliche Zeit nachzahlen.<\/li>\n<\/ul>\n<p><em>F\u00fcr weitere ausf\u00fchrliche Informationen zu den Parkm\u00f6glichkeiten, Tarifen und eventuellen Aktionen verweisen wir Sie gerne auf die Website von <a href=\"https:\/\/www.q-park.nl\/en-gb\/parking\/maastricht\/mst-kaboom-hotel\/?utm_source=hiddendeal&amp;utm_medium=organic&amp;utm_campaign=kaboom&amp;utm_term=hotel\" target=\"_blank\" rel=\"noopener\">Q-Park.<\/a><\/em><\/p>\n\t<div id=\"gap-79006603\" class=\"gap-element clearfix\" style=\"display:block; height:auto;\">\n\t\t\n<style>\n#gap-79006603 {\n  padding-top: 50px;\n}\n<\/style>\n\t<\/div>\n\t\n<a href=\"https:\/\/www.q-park.nl\/en-gb\/parking\/maastricht\/mst-kaboom-hotel\/?utm_source=hiddendeal&#038;utm_medium=organic&#038;utm_campaign=kaboom&#038;utm_term=hotel\" target=\"_blank\" class=\"button primary is-small expand\" rel=\"nofollow noopener\" style=\"border-radius:30px;\">\n\t\t<span>Q-PARK<\/span>\n\t<\/a>\n\n\t\t<\/div>\n\t\t\t\t\t<\/div>\n\n\t\n\n<style>\n#row-431876048 > .col > .col-inner {\n  padding: 0px 0px 0px 0px;\n}\n@media (min-width:550px) {\n  #row-431876048 > .col > .col-inner {\n    padding: 0px 50px 0px 50px;\n  }\n}\n<\/style>\n<\/div>\n\t\t<\/div>\n\n\t\t\n<style>\n#section_2018712395 {\n  padding-top: 0px;\n  padding-bottom: 0px;\n}\n@media (min-width:550px) {\n  #section_2018712395 {\n    padding-top: 0px;\n    padding-bottom: 0px;\n  }\n}\n<\/style>\n\t<\/section>\n\t\n\n\t<section class=\"section\" id=\"section_1628862938\">\n\t\t<div class=\"section-bg fill\" >\n\t\t\t\t\t\t\t\t\t\n\t\t\t\n\n\t\t<\/div>\n\n\t\t\n\n\t\t<div class=\"section-content relative\">\n\t\t\t\n<div class=\"container section-title-container\" ><h2 class=\"section-title section-title-center\"><b><\/b><span class=\"section-title-main\" >PARKM\u00d6GLICHKEIT<\/span><b><\/b><\/h2><\/div>\n<div class=\"row\"  id=\"row-640415837\">\n\n\t<div id=\"col-1308637887\" class=\"col small-12 large-12\"  >\n\t\t\t\t<div class=\"col-inner text-center\"  >\n\t\t\t\n\t\t\t\n<a href=\"https:\/\/maps.app.goo.gl\/efvrzD84EvjedgQRA\" target=\"_blank\" class=\"button primary is-small lowercase\" rel=\"nofollow noopener\" style=\"border-radius:30px;\">\n\t\t<span>ANWEISUNGEN<\/span>\n\t<\/a>\n\n\t\t<\/div>\n\t\t\t\t\n<style>\n#col-1308637887 > .col-inner {\n  margin: 0px 0px -24px 0px;\n}\n<\/style>\n\t<\/div>\n\n\t\n<\/div>\n\n\t<script type=\"text\/javascript\">\n  jQuery( document ).ready(function() {\n    function initialize() {\n        var styles = {\n            'flatsome':  [{\n            \"featureType\": \"administrative\",\n            \"stylers\": [\n              { \"visibility\": \"on\" }\n            ]\n          },\n          {\n            \"featureType\": \"road\",\n            \"stylers\": [\n              { \"visibility\": \"on\" },\n              { \"hue\": \"\" }\n            ]\n          },\n          {\n            \"stylers\": [\n\t\t\t  { \"visibility\": \"on\" },\n\t\t\t  { \"hue\": \"\" },\n\t\t\t  { \"saturation\": -100 }\n            ]\n          }\n        ]};\n\n        var myLatlng = new google.maps.LatLng(50.84735, 5.70685433843);\n        var myOptions = {\n            zoom: 14,\n            center: myLatlng,\n            mapTypeId: google.maps.MapTypeId.ROADMAP,\n            disableDefaultUI: true,\n            mapTypeId: 'flatsome',\n            draggable: true,\n            zoomControl: false,\n            zoomControlOptions: {\n              position: google.maps.ControlPosition.TOP_LEFT\n            },\n      \t\t\tmapTypeControl: false,\n            mapTypeControlOptions: {\n              position: google.maps.ControlPosition.TOP_LEFT\n            },\n      \t\t\tstreetViewControl: false,\n            streetViewControlOptions: {\n              position: google.maps.ControlPosition.TOP_LEFT\n            },\n            scrollwheel: false,\n            disableDoubleClickZoom: true\n        }\n        var map = new google.maps.Map(document.getElementById(\"map-1462737386-inner\"), myOptions);\n        var styledMapType = new google.maps.StyledMapType(styles['flatsome'], {name: 'flatsome'});\n        map.mapTypes.set('flatsome', styledMapType);\n\n        var marker = new google.maps.Marker({\n            position: myLatlng,\n            map: map,\n            title:\"\"\n        });\n    }\n\n    \/\/ Required to proceed\n    if (!(typeof google === 'object' && typeof google.maps === 'object')) {\n      return\n    }\n\n    initialize()\n    google.maps.event.addDomListener(window, 'resize', initialize);\n    });\n    <\/script>\n\n    <div class=\"google-map relative mb\" id=\"map-1462737386\">\n        <div class=\"map-height\" id=\"map-1462737386-inner\"><\/div>\n        <div id=\"map_overlay_top\"><\/div>\n        <div id=\"map_overlay_bottom\"><\/div>\n         \n       \n<style>\n#map-1462737386 .map-inner {\n  background-color: #fff;\n  max-width: 100%;\n}\n#map-1462737386 .map-height {\n  height: 400px;\n}\n@media (min-width:550px) {\n  #map-1462737386 .map-inner {\n    max-width: 40%;\n  }\n}\n@media (min-width:850px) {\n  #map-1462737386 .map-inner {\n    max-width: 30%;\n  }\n}\n<\/style>\n    <\/div>\n\n\t\n\t\t<\/div>\n\n\t\t\n<style>\n#section_1628862938 {\n  padding-top: 0px;\n  padding-bottom: 0px;\n}\n<\/style>\n\t<\/section>\n\t\n","protected":false},"excerpt":{"rendered":"","protected":false},"author":3,"featured_media":0,"parent":0,"menu_order":8,"comment_status":"closed","ping_status":"closed","template":"page-blank.php","meta":{"footnotes":""},"class_list":["post-1305","page","type-page","status-publish","hentry"],"_links":{"self":[{"href":"https:\/\/kaboomhotel.nl\/de\/wp-json\/wp\/v2\/pages\/1305","targetHints":{"allow":["GET"]}}],"collection":[{"href":"https:\/\/kaboomhotel.nl\/de\/wp-json\/wp\/v2\/pages"}],"about":[{"href":"https:\/\/kaboomhotel.nl\/de\/wp-json\/wp\/v2\/types\/page"}],"author":[{"embeddable":true,"href":"https:\/\/kaboomhotel.nl\/de\/wp-json\/wp\/v2\/users\/3"}],"replies":[{"embeddable":true,"href":"https:\/\/kaboomhotel.nl\/de\/wp-json\/wp\/v2\/comments?post=1305"}],"version-history":[{"count":0,"href":"https:\/\/kaboomhotel.nl\/de\/wp-json\/wp\/v2\/pages\/1305\/revisions"}],"wp:attachment":[{"href":"https:\/\/kaboomhotel.nl\/de\/wp-json\/wp\/v2\/media?parent=1305"}],"curies":[{"name":"wp","href":"https:\/\/api.w.org\/{rel}","templated":true}]}}