{"id":1356,"date":"2022-11-03T12:02:56","date_gmt":"2022-11-03T11:02:56","guid":{"rendered":"https:\/\/kaboomhotel.nl\/?page_id=1356"},"modified":"2025-08-01T12:11:29","modified_gmt":"2025-08-01T10:11:29","slug":"reviews","status":"publish","type":"page","link":"https:\/\/kaboomhotel.nl\/de\/reviews\/","title":{"rendered":"Bestes Hotel in Maastricht"},"content":{"rendered":"\n\t<section class=\"section\" id=\"section_378022258\">\n\t\t<div class=\"section-bg fill\" >\n\t\t\t\t\t\t\t\t\t\n\t\t\t\n\n\t\t<\/div>\n\n\t\t\n\n\t\t<div class=\"section-content relative\">\n\t\t\t\r\n\r\n\n  <div class=\"banner has-hover hide-for-small\" id=\"banner-2049148987\">\n          <div class=\"banner-inner fill\">\n        <div class=\"banner-bg fill\" >\n            <img decoding=\"async\" width=\"1448\" height=\"600\" src=\"https:\/\/kaboomhotel.nl\/wp-content\/uploads\/2022\/09\/Kaboom-wallpaper.jpg\" class=\"bg attachment-original size-original\" alt=\"Designmotiv verwendet in Hotelzimmer in blau | Kaboom-Hotel\" \/>                        <div class=\"overlay\"><\/div>            \n                    <\/div>\n\t\t\n        <div class=\"banner-layers container\">\n            <div class=\"fill banner-link\"><\/div>            \r\n\r\n        <\/div>\n      <\/div>\n\n            \n<style>\n#banner-2049148987 {\n  padding-top: 100px;\n}\n#banner-2049148987 .overlay {\n  background-color: rgba(255, 255, 255, 0.703);\n}\n#banner-2049148987 .banner-bg img {\n  object-position: 48% 47%;\n}\n@media (min-width:550px) {\n  #banner-2049148987 {\n    padding-top: 100px;\n  }\n}\n<\/style>\n  <\/div>\n\n\r\n\n  <div class=\"banner has-hover show-for-small\" id=\"banner-530660409\">\n          <div class=\"banner-inner fill\">\n        <div class=\"banner-bg fill\" >\n            <img decoding=\"async\" width=\"678\" height=\"221\" src=\"https:\/\/kaboomhotel.nl\/wp-content\/uploads\/2022\/10\/Kaboom-wallpaper-mobile.jpg\" class=\"bg attachment-original size-original\" alt=\"Designmotiv an Hotelw\u00e4nden in Blau | Kaboom-Hotel\" \/>                        <div class=\"overlay\"><\/div>            \n                    <\/div>\n\t\t\n        <div class=\"banner-layers container\">\n            <div class=\"fill banner-link\"><\/div>            \r\n\r\n        <\/div>\n      <\/div>\n\n            \n<style>\n#banner-530660409 {\n  padding-top: 100px;\n}\n#banner-530660409 .overlay {\n  background-color: rgba(255, 255, 255, 0.703);\n}\n#banner-530660409 .banner-bg img {\n  object-position: 48% 47%;\n}\n@media (min-width:550px) {\n  #banner-530660409 {\n    padding-top: 100px;\n  }\n}\n<\/style>\n  <\/div>\n\n\r\n\r\n\t\t<\/div>\n\n\t\t\n<style>\n#section_378022258 {\n  padding-top: 0px;\n  padding-bottom: 0px;\n}\n<\/style>\n\t<\/section>\n\t\n<div class=\"container section-title-container\" ><h3 class=\"section-title section-title-center\"><b><\/b><span class=\"section-title-main\" >Kaboom Hotel: das lustigste und beste Hotel in Maastricht<\/span><b><\/b><\/h3><\/div>\n\n\t<section class=\"section\" id=\"section_41143786\">\n\t\t<div class=\"section-bg fill\" >\n\t\t\t\t\t\t\t\t\t\n\t\t\t\n\n\t\t<\/div>\n\n\t\t\n\n\t\t<div class=\"section-content relative\">\n\t\t\t\n<div class=\"row align-center\"  id=\"row-1411029613\">\n\n\t<div id=\"col-548508470\" class=\"col medium-8 small-12 large-8\"  >\n\t\t\t\t<div class=\"col-inner\"  >\n\t\t\t\n\t\t\t\n<p>Neugierig, was unsere G\u00e4ste \u00fcber unser Hotel zu sagen haben? Wir sind immer sehr gespannt auf ihre Erfahrungen, denn sie bestimmen letztendlich, was das sch\u00f6nste und beste Hotel in Maastricht ist! Jeden Tag bem\u00fchen wir uns, all unseren G\u00e4sten das bestm\u00f6gliche Hotelerlebnis zu bieten. Deshalb lesen wir regelm\u00e4\u00dfig die Bewertungen, die sie auf verschiedenen Websites hinterlassen.   <\/p>\n\t\t<\/div>\n\t\t\t\t\t<\/div>\n\n\t\n<\/div>\n\t\t<\/div>\n\n\t\t\n<style>\n#section_41143786 {\n  padding-top: 0px;\n  padding-bottom: 0px;\n}\n<\/style>\n\t<\/section>\n\t\n\n\t<section class=\"section\" id=\"section_217547302\">\n\t\t<div class=\"section-bg fill\" >\n\t\t\t\t\t\t\t\t\t\n\t\t\t\n\n\t\t<\/div>\n\n\t\t\n\n\t\t<div class=\"section-content relative\">\n\t\t\t\n\n\t<section class=\"section\" id=\"section_2033861876\">\n\t\t<div class=\"section-bg fill\" >\n\t\t\t\t\t\t\t\t\t\n\t\t\t\n\n\t\t<\/div>\n\n\t\t\n\n\t\t<div class=\"section-content relative\">\n\t\t\t\n\n<div class=\"row align-equal\"  id=\"row-1462019119\">\n\n\n\t<div id=\"col-263065824\" class=\"col small-12 large-12\"  >\n\t\t\t\t<div class=\"col-inner\"  >\n\t\t\t\n\t\t\t\n\n<div class=\"container section-title-container\" ><h2 class=\"section-title section-title-center\"><b><\/b><span class=\"section-title-main\" >WAS DIE LEUTE \u00dcBER UNS SAGEN<\/span><b><\/b><\/h2><\/div>\n\n\n\t\t<\/div>\n\t\t\t\t\t<\/div>\n\n\t\n\n\t<div id=\"col-1574315342\" class=\"col small-12 large-12\"  >\n\t\t\t\t<div class=\"col-inner\"  >\n\t\t\t\n\t\t\t\n\n\t<div id=\"text-133660561\" class=\"text\">\n\t\t\n\n<p><div id=\"google-business-reviews-rating\" class=\"google-business-reviews-rating gmbrr badge tiny no-outline link\" data-href=\"https:\/\/search.google.com\/local\/writereview?placeid=ChIJaUWSrJXpwEcReZO6jCPHNYM\">\r\n\t<p class=\"rating\"><span class=\"attribution google-icon\" title=\"Powered by Google\"><\/span> <span class=\"number\">4,3<\/span> <span class=\"all-stars animate\"><span class=\"star\"><\/span><span class=\"star\"><\/span><span class=\"star\"><\/span><span class=\"star\"><\/span><span class=\"star split-30-70\"><\/span><\/span> <a href=\"https:\/\/search.google.com\/local\/reviews?placeid=ChIJaUWSrJXpwEcReZO6jCPHNYM\" target=\"_blank\" rel=\"nofollow noopener\" class=\"count\">1.633 Rezensionen<\/a><\/p>\r\n<\/div>\r\n<\/p>\n\t\t\n<style>\n#text-133660561 {\n  text-align: center;\n}\n<\/style>\n\t<\/div>\n\t\n\n\t\t<\/div>\n\t\t\t\t\n<style>\n#col-1574315342 > .col-inner {\n  margin: -35px 0px 0px 0px;\n}\n<\/style>\n\t<\/div>\n\n\t\n\n\t<div id=\"col-110504343\" class=\"col medium-4 small-12 large-4\"  >\n\t\t\t\t<div class=\"col-inner box-shadow-3\"  >\n\t\t\t\n\t<div class=\"is-border\"\n\t\tstyle=\"border-color:rgb(1, 38, 69);border-radius:20px;border-width:5px 5px 5px 5;\">\n\t<\/div>\n\t\t\t\n\n<h4><span style=\"font-size: 110%;\"><i class=\"fa-light fa-people-pants\"><\/i> Als Paar \u00fcbernachtet, Merlin<\/span> <i class=\"fa-light fa-octagon-check\"><\/i><\/h4>\r\n<p><em><span style=\"font-weight: 400;\">F\u00fcr mich und meine Freundin war das eine tolle Erfahrung. Wir sind in einem sehr sauberen Hotelzimmer gelandet und ich fand das ganze Konzept und Design sehr originell. Das Personal war sehr freundlich und bot uns viele n\u00fctzliche Optionen an. Die Lage des Hotels war f\u00fcr uns wirklich perfekt. In der N\u00e4he des Bahnhofs, Supermarkt, Terrasse...<\/span><\/em><\/p>\r\n<p><i class=\"fa-thin fa-circle-star\"><\/i> <strong>5\/<span style=\"font-size: 75%;\">5<\/span>-sterne, Perfekt<\/strong><\/p>\n\n\t\t<\/div>\n\t\t\t\t\n<style>\n#col-110504343 > .col-inner {\n  padding: 20px 20px 20px 20px;\n  border-radius: 20px;\n}\n<\/style>\n\t<\/div>\n\n\t\n\n\t<div id=\"col-296890393\" class=\"col medium-4 small-12 large-4\"  >\n\t\t\t\t<div class=\"col-inner box-shadow-3\"  >\n\t\t\t\n\t<div class=\"is-border\"\n\t\tstyle=\"border-color:rgb(1, 38, 69);border-radius:20px;border-width:5px 5px 5px 5;\">\n\t<\/div>\n\t\t\t\n\n<h4><span style=\"font-size: 110%;\"><i class=\"fa-thin fa-family-pants\"><\/i> \u00dcbernachtet mit Familie, Nancy<\/span> <i class=\"fa-light fa-octagon-check\"><\/i><\/h4>\r\n<p><em>Tolles Hotel, sehr originelles Konzept.<\/em><\/p>\r\n<p><em>Wir schliefen mit unserer Familie in einer 4-Bett-Koje...<\/em><\/p>\r\n<p><i class=\"fa-thin fa-circle-star\"><\/i><strong>\u00a05\/<span style=\"font-size: 75%;\">5<\/span>-sterne, gro\u00dfartig<\/strong><\/p>\n\n\t\t<\/div>\n\t\t\t\t\n<style>\n#col-296890393 > .col-inner {\n  padding: 20px 20px 20px 20px;\n  border-radius: 20px;\n}\n<\/style>\n\t<\/div>\n\n\t\n\n\t<div id=\"col-528182275\" class=\"col medium-4 small-12 large-4\"  >\n\t\t\t\t<div class=\"col-inner box-shadow-3\"  >\n\t\t\t\n\t<div class=\"is-border\"\n\t\tstyle=\"border-color:rgb(1, 38, 69);border-radius:20px;border-width:5 5px 5px 5px;\">\n\t<\/div>\n\t\t\t\n\n<h4><span style=\"font-size: 110%;\"><i class=\"fa-light fa-briefcase\"><\/i> \u00dcber das Gesch\u00e4ft, Taichi<\/span> <i class=\"fa-light fa-octagon-check\"><\/i><\/h4>\r\n<p><em>Wunderbare Lage und freundliches Personal.<\/em><\/p>\r\n<p><em>Das Fr\u00fchst\u00fcck war ausgezeichnet.<\/em><\/p>\r\n<p><em>Ich werde auf jeden Fall wiederkommen, wenn ich wieder in Maastricht bin.<\/em><\/p>\r\n<p><i class=\"fa-thin fa-circle-star\"><\/i><strong>\u00a05\/<span style=\"font-size: 75%;\">5<\/span>-sterne , Ideal<\/strong><\/p>\n\n\t\t<\/div>\n\t\t\t\t\n<style>\n#col-528182275 > .col-inner {\n  padding: 20px 20px 20px 20px;\n  border-radius: 20px;\n}\n<\/style>\n\t<\/div>\n\n\t\n\n<\/div>\n\n\t\t<\/div>\n\n\t\t\n<style>\n#section_2033861876 {\n  padding-top: 30px;\n  padding-bottom: 30px;\n}\n<\/style>\n\t<\/section>\n\t\n\t\t<\/div>\n\n\t\t\n<style>\n#section_217547302 {\n  padding-top: 30px;\n  padding-bottom: 30px;\n}\n<\/style>\n\t<\/section>\n\t\n\n\t<section class=\"section\" id=\"section_395908839\">\n\t\t<div class=\"section-bg fill\" >\n\t\t\t\t\t\t\t\t\t\n\t\t\t\n\n\t\t<\/div>\n\n\t\t\n\n\t\t<div class=\"section-content relative\">\n\t\t\t\n\n\t<section class=\"section\" id=\"section_1673125250\">\n\t\t<div class=\"section-bg fill\" >\n\t\t\t\t\t\t\t\t\t\n\t\t\t\n\n\t\t<\/div>\n\n\t\t\n\n\t\t<div class=\"section-content relative\">\n\t\t\t\n\n<div class=\"row\"  id=\"row-321910027\">\n\n\n\t<div id=\"col-1806915715\" class=\"col small-12 large-12\"  >\n\t\t\t\t<div class=\"col-inner\"  >\n\t\t\t\n\t\t\t\n\n<div class=\"container section-title-container\" ><h2 class=\"section-title section-title-center\"><b><\/b><span class=\"section-title-main\" >WARUM BEI KABOOM \u00dcBERNACHTEN<\/span><b><\/b><\/h2><\/div>\n\n\n\t\t<\/div>\n\t\t\t\t\t<\/div>\n\n\t\n\n\t<div id=\"col-2122558313\" class=\"col medium-3 small-3 large-3\"  >\n\t\t\t\t<div class=\"col-inner\"  >\n\t\t\t\n\t\t\t\n\n\n\t\t<div class=\"icon-box featured-box hide-for-small icon-box-center text-center\"  >\n\t\t\t\t\t<div class=\"icon-box-img\" style=\"width: 60px\">\n\t\t\t\t<div class=\"icon\">\n\t\t\t\t\t<div class=\"icon-inner\" >\n\t\t\t\t\t\t<img decoding=\"async\" width=\"384\" height=\"512\" src=\"https:\/\/kaboomhotel.nl\/wp-content\/uploads\/2022\/08\/location-check-light.svg\" class=\"attachment-medium size-medium\" alt=\"Standortsymbol | Kaboom Hotel\" \/>\t\t\t\t\t<\/div>\n\t\t\t\t<\/div>\n\t\t\t<\/div>\n\t\t\t\t<div class=\"icon-box-text last-reset\">\n\t\t\t\t\t\t\t\t\t\n\n<h3><span style=\"font-weight: 400;\">IM ZENTRUM<\/span><\/h3>\n\n\n\t\t<\/div>\n\t<\/div>\n\t\n\t\n\n\t\t<div class=\"icon-box featured-box show-for-small icon-box-center text-center\"  >\n\t\t\t\t\t<div class=\"icon-box-img\" style=\"width: 30px\">\n\t\t\t\t<div class=\"icon\">\n\t\t\t\t\t<div class=\"icon-inner\" >\n\t\t\t\t\t\t<img decoding=\"async\" width=\"384\" height=\"512\" src=\"https:\/\/kaboomhotel.nl\/wp-content\/uploads\/2022\/08\/location-check-light.svg\" class=\"attachment-medium size-medium\" alt=\"Standortsymbol | Kaboom Hotel\" \/>\t\t\t\t\t<\/div>\n\t\t\t\t<\/div>\n\t\t\t<\/div>\n\t\t\t\t<div class=\"icon-box-text last-reset\">\n\t\t\t\t\t\t\t\t\t\n\n<h3 style=\"text-align: center;\"><span style=\"font-weight: 400; font-size: 50%;\">IM ZENTRUM<\/span><\/h3>\n\n\n\t\t<\/div>\n\t<\/div>\n\t\n\t\n\n\t\t<\/div>\n\t\t\t\t\t<\/div>\n\n\t\n\n\t<div id=\"col-1733221952\" class=\"col medium-3 small-3 large-3\"  >\n\t\t\t\t<div class=\"col-inner\"  >\n\t\t\t\n\t\t\t\n\n\n\t\t<div class=\"icon-box featured-box show-for-small icon-box-center text-center\"  >\n\t\t\t\t\t<div class=\"icon-box-img\" style=\"width: 50px\">\n\t\t\t\t<div class=\"icon\">\n\t\t\t\t\t<div class=\"icon-inner\" >\n\t\t\t\t\t\t<img decoding=\"async\" width=\"640\" height=\"512\" src=\"https:\/\/kaboomhotel.nl\/wp-content\/uploads\/2022\/08\/wifi-light.svg\" class=\"attachment-medium size-medium\" alt=\"Icono-WLAN | Kaboom Hotel\" \/>\t\t\t\t\t<\/div>\n\t\t\t\t<\/div>\n\t\t\t<\/div>\n\t\t\t\t<div class=\"icon-box-text last-reset\">\n\t\t\t\t\t\t\t\t\t\n\n<h3 style=\"text-align: center;\"><span style=\"font-weight: 400; font-size: 50%;\">KOSTENLOSES &amp; SCHNELLES WLAN<\/span><\/h3>\n\n\n\t\t<\/div>\n\t<\/div>\n\t\n\t\n\n\t\t<div class=\"icon-box featured-box hide-for-small icon-box-center text-center\"  >\n\t\t\t\t\t<div class=\"icon-box-img\" style=\"width: 110px\">\n\t\t\t\t<div class=\"icon\">\n\t\t\t\t\t<div class=\"icon-inner\" >\n\t\t\t\t\t\t<img decoding=\"async\" width=\"640\" height=\"512\" src=\"https:\/\/kaboomhotel.nl\/wp-content\/uploads\/2022\/08\/wifi-light.svg\" class=\"attachment-medium size-medium\" alt=\"Icono-WLAN | Kaboom Hotel\" \/>\t\t\t\t\t<\/div>\n\t\t\t\t<\/div>\n\t\t\t<\/div>\n\t\t\t\t<div class=\"icon-box-text last-reset\">\n\t\t\t\t\t\t\t\t\t\n\n<h3><span style=\"font-weight: 400;\">KOSTENLOSES &amp; SCHNELLES WLAN<\/span><\/h3>\n\n\t\t<\/div>\n\t<\/div>\n\t\n\t\n\n\t\t<\/div>\n\t\t\t\t\t<\/div>\n\n\t\n\n\t<div id=\"col-2031485954\" class=\"col medium-3 small-3 large-3\"  >\n\t\t\t\t<div class=\"col-inner\"  >\n\t\t\t\n\t\t\t\n\n\n\t\t<div class=\"icon-box featured-box show-for-small icon-box-center text-center\"  >\n\t\t\t\t\t<div class=\"icon-box-img\" style=\"width: 50px\">\n\t\t\t\t<div class=\"icon\">\n\t\t\t\t\t<div class=\"icon-inner\" >\n\t\t\t\t\t\t<img decoding=\"async\" width=\"640\" height=\"512\" src=\"https:\/\/kaboomhotel.nl\/wp-content\/uploads\/2022\/08\/bed-light.svg\" class=\"attachment-medium size-medium\" alt=\"Ikone einer Person, die auf einem Bett liegt | Kaboom-Hotel\" \/>\t\t\t\t\t<\/div>\n\t\t\t\t<\/div>\n\t\t\t<\/div>\n\t\t\t\t<div class=\"icon-box-text last-reset\">\n\t\t\t\t\t\t\t\t\t\n\n<h3 style=\"text-align: center;\"><span style=\"font-weight: 400; font-size: 50%;\">SUPER BEQUEMES BETT<\/span><\/h3>\n\n\n\t\t<\/div>\n\t<\/div>\n\t\n\t\n\n\t\t<div class=\"icon-box featured-box hide-for-small icon-box-center text-center\"  >\n\t\t\t\t\t<div class=\"icon-box-img\" style=\"width: 109px\">\n\t\t\t\t<div class=\"icon\">\n\t\t\t\t\t<div class=\"icon-inner\" >\n\t\t\t\t\t\t<img decoding=\"async\" width=\"640\" height=\"512\" src=\"https:\/\/kaboomhotel.nl\/wp-content\/uploads\/2022\/08\/bed-light.svg\" class=\"attachment-medium size-medium\" alt=\"Ikone einer Person, die auf einem Bett liegt | Kaboom-Hotel\" \/>\t\t\t\t\t<\/div>\n\t\t\t\t<\/div>\n\t\t\t<\/div>\n\t\t\t\t<div class=\"icon-box-text last-reset\">\n\t\t\t\t\t\t\t\t\t\n\n<h3><span style=\"font-weight: 400;\">SUPER BEQUEMES BETT<\/span><\/h3>\n\n\t\t<\/div>\n\t<\/div>\n\t\n\t\n\n\t\t<\/div>\n\t\t\t\t\t<\/div>\n\n\t\n\n\t<div id=\"col-1114675287\" class=\"col medium-3 small-3 large-3\"  >\n\t\t\t\t<div class=\"col-inner\"  >\n\t\t\t\n\t\t\t\n\n\n\t\t<div class=\"icon-box featured-box hide-for-small icon-box-center text-center\"  >\n\t\t\t\t\t<div class=\"icon-box-img\" style=\"width: 64px\">\n\t\t\t\t<div class=\"icon\">\n\t\t\t\t\t<div class=\"icon-inner\" >\n\t\t\t\t\t\t<img decoding=\"async\" width=\"384\" height=\"512\" src=\"https:\/\/kaboomhotel.nl\/wp-content\/uploads\/2022\/08\/shower-down-light.svg\" class=\"attachment-medium size-medium\" alt=\"Regendusche-Symbol | Kaboom Hotel\" \/>\t\t\t\t\t<\/div>\n\t\t\t\t<\/div>\n\t\t\t<\/div>\n\t\t\t\t<div class=\"icon-box-text last-reset\">\n\t\t\t\t\t\t\t\t\t\n\n<h3><span style=\"font-weight: 400;\">REGENDUSCHE<\/span><\/h3>\n\n\t\t<\/div>\n\t<\/div>\n\t\n\t\n\n\t\t<div class=\"icon-box featured-box show-for-small icon-box-center text-center\"  >\n\t\t\t\t\t<div class=\"icon-box-img\" style=\"width: 30px\">\n\t\t\t\t<div class=\"icon\">\n\t\t\t\t\t<div class=\"icon-inner\" >\n\t\t\t\t\t\t<img decoding=\"async\" width=\"384\" height=\"512\" src=\"https:\/\/kaboomhotel.nl\/wp-content\/uploads\/2022\/08\/shower-down-light.svg\" class=\"attachment-medium size-medium\" alt=\"Regendusche-Symbol | Kaboom Hotel\" \/>\t\t\t\t\t<\/div>\n\t\t\t\t<\/div>\n\t\t\t<\/div>\n\t\t\t\t<div class=\"icon-box-text last-reset\">\n\t\t\t\t\t\t\t\t\t\n\n<h3><span style=\"font-weight: 400; font-size: 50%;\">REGENDUSCHE<\/span><\/h3>\n\n\n\t\t<\/div>\n\t<\/div>\n\t\n\t\n\n\t\t<\/div>\n\t\t\t\t\t<\/div>\n\n\t\n\n<\/div>\n\n\t\t<\/div>\n\n\t\t\n<style>\n#section_1673125250 {\n  padding-top: 30px;\n  padding-bottom: 30px;\n}\n<\/style>\n\t<\/section>\n\t\n\t\t<\/div>\n\n\t\t\n<style>\n#section_395908839 {\n  padding-top: 30px;\n  padding-bottom: 30px;\n}\n<\/style>\n\t<\/section>\n\t\n\n\t<section class=\"section\" id=\"section_824148195\">\n\t\t<div class=\"section-bg fill\" >\n\t\t\t\t\t\t\t\t\t\n\t\t\t\n\n\t\t<\/div>\n\n\t\t\n\n\t\t<div class=\"section-content relative\">\n\t\t\t\n\n\t<section class=\"section\" id=\"section_789784908\">\n\t\t<div class=\"section-bg fill\" >\n\t\t\t\t\t\t\t\t\t\n\t\t\t\n\n\t\t<\/div>\n\n\t\t\n\n\t\t<div class=\"section-content relative\">\n\t\t\t\n\n<div class=\"row align-middle\"  id=\"row-1222626819\">\n\n\n\t<div id=\"col-1954999977\" class=\"col small-12 large-12 small-col-first\"  >\n\t\t\t\t<div class=\"col-inner\"  >\n\t\t\t\n\t\t\t\n\n<div class=\"container section-title-container\" ><h2 class=\"section-title section-title-center\"><b><\/b><span class=\"section-title-main\" >STANDORT<\/span><b><\/b><\/h2><\/div>\n\n\n\t\t<\/div>\n\t\t\t\t\t<\/div>\n\n\t\n\n\t<div id=\"col-1161066050\" class=\"col medium-6 small-12 large-6\"  >\n\t\t\t\t<div class=\"col-inner\"  >\n\t\t\t\n\t\t\t\n\n\n\t<script type=\"text\/javascript\">\n  jQuery( document ).ready(function() {\n    function initialize() {\n        var styles = {\n            'flatsome':  [{\n            \"featureType\": \"administrative\",\n            \"stylers\": [\n              { \"visibility\": \"on\" }\n            ]\n          },\n          {\n            \"featureType\": \"road\",\n            \"stylers\": [\n              { \"visibility\": \"on\" },\n              { \"hue\": \"\" }\n            ]\n          },\n          {\n            \"stylers\": [\n\t\t\t  { \"visibility\": \"on\" },\n\t\t\t  { \"hue\": \"\" },\n\t\t\t  { \"saturation\": -100 }\n            ]\n          }\n        ]};\n\n        var myLatlng = new google.maps.LatLng(50.8493614, 5.70476);\n        var myOptions = {\n            zoom: 14,\n            center: myLatlng,\n            mapTypeId: google.maps.MapTypeId.ROADMAP,\n            disableDefaultUI: true,\n            mapTypeId: 'flatsome',\n            draggable: true,\n            zoomControl: false,\n            zoomControlOptions: {\n              position: google.maps.ControlPosition.TOP_LEFT\n            },\n      \t\t\tmapTypeControl: false,\n            mapTypeControlOptions: {\n              position: google.maps.ControlPosition.TOP_LEFT\n            },\n      \t\t\tstreetViewControl: false,\n            streetViewControlOptions: {\n              position: google.maps.ControlPosition.TOP_LEFT\n            },\n            scrollwheel: false,\n            disableDoubleClickZoom: true\n        }\n        var map = new google.maps.Map(document.getElementById(\"map-4171892967-inner\"), myOptions);\n        var styledMapType = new google.maps.StyledMapType(styles['flatsome'], {name: 'flatsome'});\n        map.mapTypes.set('flatsome', styledMapType);\n\n        var marker = new google.maps.Marker({\n            position: myLatlng,\n            map: map,\n            title:\"\"\n        });\n    }\n\n    \/\/ Required to proceed\n    if (!(typeof google === 'object' && typeof google.maps === 'object')) {\n      return\n    }\n\n    initialize()\n    google.maps.event.addDomListener(window, 'resize', initialize);\n    });\n    <\/script>\n\n    <div class=\"google-map relative mb hide-for-small\" id=\"map-4171892967\">\n        <div class=\"map-height\" id=\"map-4171892967-inner\"><\/div>\n        <div id=\"map_overlay_top\"><\/div>\n        <div id=\"map_overlay_bottom\"><\/div>\n         \n       \n<style>\n#map-4171892967 .map-inner {\n  background-color: #fff;\n  max-width: 100%;\n}\n#map-4171892967 .map-height {\n  height: 620px;\n}\n@media (min-width:850px) {\n  #map-4171892967 .map-inner {\n    max-width: 100%;\n  }\n}\n<\/style>\n    <\/div>\n\n\t\n\t<div class=\"img has-hover show-for-small x md-x lg-x y md-y lg-y\" id=\"image_1545436387\">\n\t\t\t\t\t\t\t\t<div class=\"img-inner image-cover dark\" style=\"padding-top:100%;\">\n\t\t\t<img decoding=\"async\" width=\"357\" height=\"618\" src=\"https:\/\/kaboomhotel.nl\/wp-content\/uploads\/2022\/12\/Kaboomhotel-mobile-map.jpg\" class=\"attachment-original size-original\" alt=\"\" srcset=\"https:\/\/kaboomhotel.nl\/wp-content\/uploads\/2022\/12\/Kaboomhotel-mobile-map.jpg 357w, https:\/\/kaboomhotel.nl\/wp-content\/uploads\/2022\/12\/Kaboomhotel-mobile-map-173x300.jpg 173w\" sizes=\"(max-width: 357px) 100vw, 357px\" \/>\t\t\t\t\t\t\n\t\t\t\t\t<\/div>\n\t\t\t\t\t\t\t\t\n<style>\n#image_1545436387 {\n  width: 100%;\n}\n@media (min-width:550px) {\n  #image_1545436387 {\n    width: 100%;\n  }\n}\n<\/style>\n\t<\/div>\n\t\n\n\n\t\t<\/div>\n\t\t\t\t\t<\/div>\n\n\t\n\n\t<div id=\"col-1185538913\" class=\"col medium-6 small-12 large-6\"  >\n\t\t\t\t<div class=\"col-inner\"  >\n\t\t\t\n\t\t\t\n\n<h2><span style=\"font-size: 130%;\"><strong>Hotel Maastricht Zentrum<\/strong><\/span><\/h2>\n<p>Im Kaboom Hotel, direkt gegen\u00fcber dem <a href=\"https:\/\/kaboomhotel.nl\/de\/standort\/bahnhof\/\">Maastrichter Hauptbahnhof<\/a>, dreht sich alles um eine erschwingliche \u00dcbernachtung, ohne dass Sie auf Komfort verzichten m\u00fcssen. Mit nicht weniger als 79 <a href=\"https:\/\/kaboomhotel.nl\/de\/schlafen\/\">Zimmern<\/a> finden Sie immer den perfekten Platz f\u00fcr Ihren Aufenthalt. Ganz gleich, ob Sie eine schnelle \u00dcbernachtung, ein preisg\u00fcnstiges Wochenende oder eine ausgedehnte <g id=\"gid_2\">St\u00e4dtereise nach Maastricht<\/g> suchen, Kaboom hat alles zu bieten. Und auch wenn Sie mit den Kindern unterwegs sind, ist unser Hotel der richtige Ort f\u00fcr Sie!   <\/p>\n<p>Suchen Sie etwas Besonderes? Entdecken Sie unsere <a href=\"https:\/\/kaboomhotel.nl\/de\/arrangements\/\">Hotelpakete<\/a>, wie z.B. unser einzigartiges Fahrradpaket oder ein kulinarisches Erlebnis. Oder wie w\u00e4re es mit einem <g id=\"gid_1\">romantischen Wochenendtrip<\/g>? Und wenn Sie schon morgen da sein wollen, sollten Sie sich unsere <a href=\"https:\/\/kaboomhotel.nl\/de\/angebote\/last-minute\/\">Last-Minute-Angebote<\/a> ansehen.   <\/p>\n<p>Wenn Sie einen besonderen und erschwinglichen Aufenthalt im pulsierenden <a href=\"https:\/\/kaboomhotel.nl\/de\/ubernachten\/gunstig\/\">Zentrum von Maastricht<\/a> suchen, sind Sie bei Kaboom an der richtigen Adresse. Kein Wunder, dass viele uns als das beste Hotel der Stadt bezeichnen! Warten Sie nicht l\u00e4nger, buchen Sie jetzt Ihr Zimmer und lassen Sie sich im Kaboom Hotel verw\u00f6hnen.  <\/p>\n<p><strong>Kaboom Hotel<\/strong><br>Stationsplein 1<br>6221 BT, Maastricht, Niederlande<\/p>\n\t<div id=\"gap-1521378925\" class=\"gap-element clearfix\" style=\"display:block; height:auto;\">\n\t\t\n<style>\n#gap-1521378925 {\n  padding-top: 30px;\n}\n<\/style>\n\t<\/div>\n\t\n\n<a href=\"https:\/\/g.page\/kaboomhotel?share\" class=\"button primary\">\n\t\t<span>Wegbeschreibung<\/span>\n\t<i class=\"icon-angle-right\" aria-hidden=\"true\" ><\/i><\/a>\n\n\n<a href=\"\/locatie\/hotel-parking\" class=\"button primary\"  >\n\t\t<span>Parken<\/span>\n\t<i class=\"icon-angle-right\" aria-hidden=\"true\" ><\/i><\/a>\n\n\n<a href=\"https:\/\/kaboomhotel.nl\/de\/reviews-kaboom-hotel-maastricht-de\/\" class=\"button primary\">\n\t\t<span>reviews<\/span>\n\t<i class=\"icon-star\" aria-hidden=\"true\" ><\/i><\/a>\n\n\n\t<div id=\"gap-809751928\" class=\"gap-element clearfix\" style=\"display:block; height:auto;\">\n\t\t\n<style>\n#gap-809751928 {\n  padding-top: 20px;\n}\n<\/style>\n\t<\/div>\n\t\n\n\n\t\t<\/div>\n\t\t\t\t\n<style>\n#col-1185538913 > .col-inner {\n  margin: -20px 0px 0px 0px;\n}\n<\/style>\n\t<\/div>\n\n\t\n\n<\/div>\n\n\t\t<\/div>\n\n\t\t\n<style>\n#section_789784908 {\n  padding-top: 30px;\n  padding-bottom: 30px;\n}\n<\/style>\n\t<\/section>\n\t\n\t\t<\/div>\n\n\t\t\n<style>\n#section_824148195 {\n  padding-top: 30px;\n  padding-bottom: 30px;\n}\n<\/style>\n\t<\/section>\n\t\n","protected":false},"excerpt":{"rendered":"","protected":false},"author":10,"featured_media":0,"parent":0,"menu_order":0,"comment_status":"closed","ping_status":"closed","template":"page-blank.php","meta":{"footnotes":""},"class_list":["post-1356","page","type-page","status-publish","hentry"],"_links":{"self":[{"href":"https:\/\/kaboomhotel.nl\/de\/wp-json\/wp\/v2\/pages\/1356","targetHints":{"allow":["GET"]}}],"collection":[{"href":"https:\/\/kaboomhotel.nl\/de\/wp-json\/wp\/v2\/pages"}],"about":[{"href":"https:\/\/kaboomhotel.nl\/de\/wp-json\/wp\/v2\/types\/page"}],"author":[{"embeddable":true,"href":"https:\/\/kaboomhotel.nl\/de\/wp-json\/wp\/v2\/users\/10"}],"replies":[{"embeddable":true,"href":"https:\/\/kaboomhotel.nl\/de\/wp-json\/wp\/v2\/comments?post=1356"}],"version-history":[{"count":0,"href":"https:\/\/kaboomhotel.nl\/de\/wp-json\/wp\/v2\/pages\/1356\/revisions"}],"wp:attachment":[{"href":"https:\/\/kaboomhotel.nl\/de\/wp-json\/wp\/v2\/media?parent=1356"}],"curies":[{"name":"wp","href":"https:\/\/api.w.org\/{rel}","templated":true}]}}