{"id":2490,"date":"2026-02-24T11:32:33","date_gmt":"2026-02-24T10:32:33","guid":{"rendered":"https:\/\/kaboomhotel.nl\/wellness\/"},"modified":"2026-02-24T11:43:56","modified_gmt":"2026-02-24T10:43:56","slug":"wellness","status":"publish","type":"page","link":"https:\/\/kaboomhotel.nl\/de\/wellness\/","title":{"rendered":"Wellness"},"content":{"rendered":"\n\t<section class=\"section\" id=\"section_1015104777\">\n\t\t<div class=\"section-bg fill\" >\n\t\t\t<img decoding=\"async\" width=\"1500\" height=\"1001\" src=\"https:\/\/kaboomhotel.nl\/wp-content\/uploads\/2026\/02\/Vivacious-Spa-Maastricht-TOWNHOUSE-Hotel.jpg\" class=\"bg attachment- size-\" alt=\"Vivacious Spa Maastricht TOWNHOUSE Hotel\" \/>\t\t\t\t\t\t<div class=\"section-bg-overlay absolute fill\"><\/div>\n\t\t\t\n\n\t\t<\/div>\n\n\t\t\n\n\t\t<div class=\"section-content relative\">\n\t\t\t\n<div class=\"row align-center\"  id=\"row-127518420\">\n\n\t<div id=\"col-1510224803\" class=\"col medium-6 small-12 large-6\"  >\n\t\t\t\t<div class=\"col-inner\"  >\n\t\t\t\n\t\t\t\n\t<div id=\"text-2385181288\" class=\"text\">\n\t\t\n<h1>Wellness in Maastricht<\/h1>\n\t\t\n<style>\n#text-2385181288 {\n  font-size: 1.1rem;\n  text-align: center;\n  color: rgb(255,255,255);\n}\n#text-2385181288 > * {\n  color: rgb(255,255,255);\n}\n@media (min-width:550px) {\n  #text-2385181288 {\n    font-size: 1.55rem;\n  }\n}\n<\/style>\n\t<\/div>\n\t\n\t<div id=\"text-2852154393\" class=\"text\">\n\t\t\n<h4>Als Gast von Kaboom hast du Zugang zum Vivacious Eco City Spa im The Green Elephant.<\/h4>\n\t\t\n<style>\n#text-2852154393 {\n  font-size: 1rem;\n  text-align: center;\n  color: rgb(255,255,255);\n}\n#text-2852154393 > * {\n  color: rgb(255,255,255);\n}\n@media (min-width:550px) {\n  #text-2852154393 {\n    font-size: 1.5rem;\n  }\n}\n<\/style>\n\t<\/div>\n\t\n\t\t<\/div>\n\t\t\t\t\n<style>\n#col-1510224803 > .col-inner {\n  margin: 20px 0px 0px 0px;\n}\n<\/style>\n\t<\/div>\n\n\t\n<\/div>\n\t\t<\/div>\n\n\t\t\n<style>\n#section_1015104777 {\n  padding-top: 30px;\n  padding-bottom: 30px;\n  min-height: 300px;\n}\n#section_1015104777 .section-bg-overlay {\n  background-color: rgba(0, 0, 0, 0.651);\n}\n#section_1015104777 .section-bg img {\n  object-position: 56% 35%;\n}\n@media (min-width:550px) {\n  #section_1015104777 {\n    min-height: 400px;\n  }\n}\n<\/style>\n\t<\/section>\n\t\n\n\t<section class=\"section\" id=\"section_424116031\">\n\t\t<div class=\"section-bg fill\" >\n\t\t\t\t\t\t\t\t\t\n\t\t\t\n\n\t\t<\/div>\n\n\t\t\n\n\t\t<div class=\"section-content relative\">\n\t\t\t\n<div class=\"row align-middle\"  id=\"row-1817463310\">\n\n\t<div id=\"col-137386245\" class=\"col medium-5 small-12 large-5\"  >\n\t\t\t\t<div class=\"col-inner text-left\"  >\n\t\t\t\n\t\t\t\n\t<div id=\"text-1968694824\" class=\"text\">\n\t\t\n<h2>OUR WELLNESS: COOL DOWN. HEAT UP. REPEAT.  <\/h2>\n\t\t\n<style>\n#text-1968694824 {\n  font-size: 1.25rem;\n  line-height: 1.45;\n  text-align: left;\n}\n@media (min-width:550px) {\n  #text-1968694824 {\n    font-size: 1.2rem;\n  }\n}\n<\/style>\n\t<\/div>\n\t\n\t<div id=\"text-4050094533\" class=\"text\">\n\t\t\n<p>Langer Tag in der Stadt? Meetings, Museen oder einfach quer durch Maastricht unterwegs? Zeit, kurz auf Pause zu dr\u00fccken. <\/p>\n<p>Als Gast von Kaboom hast du Zugang zum <strong>Vivacious Eco City Spa im The Green Elephant<\/strong>. Schwitze in der Sauna, genie\u00dfe den Dampf im Hammam, k\u00fchle dich unter den Duschen oder an der Eiswand ab und tanke neue Energie mit dem Infrarotpanel. Einfach. Effektiv. Tut gut.  <\/p>\n<p><strong>T\u00e4glich ge\u00f6ffnet von 10:00 bis 22:00 Uhr,<\/strong> je nach Verf\u00fcgbarkeit und ausschlie\u00dflich mit Reservierung.<\/p>\n<p><strong>Preise ab \u20ac17,50 pro Person und Stunde<\/strong>, inklusive Bademantel, Handtuch und Slipper (verpflichtend). <\/p>\n\t\t\n<style>\n#text-4050094533 {\n  text-align: left;\n}\n<\/style>\n\t<\/div>\n\t\n<a href=\"https:\/\/app.mews.com\/distributor\/4440fcf5-57b4-4580-9ce6-b3b600e5c7ea\" target=\"_blank\" class=\"button primary\" rel=\"noopener\" style=\"border-radius:99px;\">\n\t\t<span>Buche deinen Wellnessmoment<\/span>\n\t<\/a>\n\n\t\t<\/div>\n\t\t\t\t\t<\/div>\n\n\t\n\n\t<div id=\"col-238232286\" class=\"col medium-7 small-12 large-7 small-col-first\"  >\n\t\t\t\t<div class=\"col-inner\"  >\n\t\t\t\n\t\t\t\n<div class=\"slider-wrapper relative\" id=\"slider-1015980893\" >\n    <div class=\"slider slider-nav-circle slider-nav-large slider-nav-light slider-style-normal\"\n        data-flickity-options='{\n            \"cellAlign\": \"center\",\n            \"imagesLoaded\": true,\n            \"lazyLoad\": 1,\n            \"freeScroll\": false,\n            \"wrapAround\": true,\n            \"autoPlay\": 6000,\n            \"pauseAutoPlayOnHover\" : true,\n            \"prevNextButtons\": true,\n            \"contain\" : true,\n            \"adaptiveHeight\" : true,\n            \"dragThreshold\" : 10,\n            \"percentPosition\": true,\n            \"pageDots\": true,\n            \"rightToLeft\": false,\n            \"draggable\": true,\n            \"selectedAttraction\": 0.1,\n            \"parallax\" : 0,\n            \"friction\": 0.6        }'\n        >\n        \n\t<div class=\"img has-hover x md-x lg-x y md-y lg-y\" id=\"image_74937256\">\n\t\t\t\t\t\t\t\t<div class=\"img-inner image-cover dark\" style=\"padding-top:75%;\">\n\t\t\t<img decoding=\"async\" width=\"1020\" height=\"612\" src=\"https:\/\/kaboomhotel.nl\/wp-content\/uploads\/2026\/02\/the-green-elephant-hostel-en-spa-23080811521717-1024x614.jpg\" class=\"attachment-large size-large\" alt=\"the green elephant hostel en spa 23080811521717\" srcset=\"https:\/\/kaboomhotel.nl\/wp-content\/uploads\/2026\/02\/the-green-elephant-hostel-en-spa-23080811521717-1024x614.jpg 1024w, https:\/\/kaboomhotel.nl\/wp-content\/uploads\/2026\/02\/the-green-elephant-hostel-en-spa-23080811521717-300x180.jpg 300w, https:\/\/kaboomhotel.nl\/wp-content\/uploads\/2026\/02\/the-green-elephant-hostel-en-spa-23080811521717-768x461.jpg 768w, https:\/\/kaboomhotel.nl\/wp-content\/uploads\/2026\/02\/the-green-elephant-hostel-en-spa-23080811521717.jpg 1260w\" sizes=\"(max-width: 1020px) 100vw, 1020px\" \/>\t\t\t\t\t\t\n\t\t\t\t\t<\/div>\n\t\t\t\t\t\t\t\t\n<style>\n#image_74937256 {\n  width: 100%;\n}\n<\/style>\n\t<\/div>\n\t\n\t<div class=\"img has-hover x md-x lg-x y md-y lg-y\" id=\"image_1081158384\">\n\t\t\t\t\t\t\t\t<div class=\"img-inner image-cover dark\" style=\"padding-top:75%;\">\n\t\t\t<img decoding=\"async\" width=\"800\" height=\"534\" src=\"https:\/\/kaboomhotel.nl\/wp-content\/uploads\/2026\/02\/Vivacious-Eco-city-spa-maastricht-entrance.jpg\" class=\"attachment-large size-large\" alt=\"Vivacious Eco city spa maastricht entrance\" srcset=\"https:\/\/kaboomhotel.nl\/wp-content\/uploads\/2026\/02\/Vivacious-Eco-city-spa-maastricht-entrance.jpg 800w, https:\/\/kaboomhotel.nl\/wp-content\/uploads\/2026\/02\/Vivacious-Eco-city-spa-maastricht-entrance-300x200.jpg 300w, https:\/\/kaboomhotel.nl\/wp-content\/uploads\/2026\/02\/Vivacious-Eco-city-spa-maastricht-entrance-768x513.jpg 768w\" sizes=\"(max-width: 800px) 100vw, 800px\" \/>\t\t\t\t\t\t\n\t\t\t\t\t<\/div>\n\t\t\t\t\t\t\t\t\n<style>\n#image_1081158384 {\n  width: 100%;\n}\n<\/style>\n\t<\/div>\n\t\n\t<div class=\"img has-hover x md-x lg-x y md-y lg-y\" id=\"image_873255907\">\n\t\t\t\t\t\t\t\t<div class=\"img-inner image-cover dark\" style=\"padding-top:75%;\">\n\t\t\t<img decoding=\"async\" width=\"1020\" height=\"680\" src=\"https:\/\/kaboomhotel.nl\/wp-content\/uploads\/2026\/02\/Vivacious-Spa-Maastricht-TOWNHOUSE-Hotel-1024x683.jpg\" class=\"attachment-large size-large\" alt=\"Vivacious Spa Maastricht TOWNHOUSE Hotel\" srcset=\"https:\/\/kaboomhotel.nl\/wp-content\/uploads\/2026\/02\/Vivacious-Spa-Maastricht-TOWNHOUSE-Hotel-1024x683.jpg 1024w, https:\/\/kaboomhotel.nl\/wp-content\/uploads\/2026\/02\/Vivacious-Spa-Maastricht-TOWNHOUSE-Hotel-300x200.jpg 300w, https:\/\/kaboomhotel.nl\/wp-content\/uploads\/2026\/02\/Vivacious-Spa-Maastricht-TOWNHOUSE-Hotel-768x513.jpg 768w, https:\/\/kaboomhotel.nl\/wp-content\/uploads\/2026\/02\/Vivacious-Spa-Maastricht-TOWNHOUSE-Hotel.jpg 1500w\" sizes=\"(max-width: 1020px) 100vw, 1020px\" \/>\t\t\t\t\t\t\n\t\t\t\t\t<\/div>\n\t\t\t\t\t\t\t\t\n<style>\n#image_873255907 {\n  width: 100%;\n}\n<\/style>\n\t<\/div>\n\t\n     <\/div>\n\n     <div class=\"loading-spin dark large centered\"><\/div>\n\n\t<\/div>\n\n\n\t\t<\/div>\n\t\t\t\t\t<\/div>\n\n\t\n<\/div>\n\t\t<\/div>\n\n\t\t\n<style>\n#section_424116031 {\n  padding-top: 20px;\n  padding-bottom: 20px;\n}\n@media (min-width:550px) {\n  #section_424116031 {\n    padding-top: 50px;\n    padding-bottom: 50px;\n  }\n}\n<\/style>\n\t<\/section>\n\t\n\n\t<section class=\"section\" id=\"section_146570331\">\n\t\t<div class=\"section-bg fill\" >\n\t\t\t\t\t\t\t\t\t\n\t\t\t\n\n\t\t<\/div>\n\n\t\t\n\n\t\t<div class=\"section-content relative\">\n\t\t\t\n\n<div class=\"row align-middle\"  id=\"row-366751400\">\n\n\n\t<div id=\"col-1075810201\" class=\"col small-12 large-12 small-col-first\"  >\n\t\t\t\t<div class=\"col-inner\"  >\n\t\t\t\n\t\t\t\n\n<div class=\"container section-title-container\" ><h2 class=\"section-title section-title-center\"><b><\/b><span class=\"section-title-main\" >STANDORT<\/span><b><\/b><\/h2><\/div>\n\n\n\t\t<\/div>\n\t\t\t\t\t<\/div>\n\n\t\n\n\t<div id=\"col-131750056\" class=\"col medium-6 small-12 large-6\"  >\n\t\t\t\t<div class=\"col-inner\"  >\n\t\t\t\n\t\t\t\n\n\n\t<script type=\"text\/javascript\">\n  jQuery( document ).ready(function() {\n    function initialize() {\n        var styles = {\n            'flatsome':  [{\n            \"featureType\": \"administrative\",\n            \"stylers\": [\n              { \"visibility\": \"on\" }\n            ]\n          },\n          {\n            \"featureType\": \"road\",\n            \"stylers\": [\n              { \"visibility\": \"on\" },\n              { \"hue\": \"\" }\n            ]\n          },\n          {\n            \"stylers\": [\n\t\t\t  { \"visibility\": \"on\" },\n\t\t\t  { \"hue\": \"\" },\n\t\t\t  { \"saturation\": -100 }\n            ]\n          }\n        ]};\n\n        var myLatlng = new google.maps.LatLng(50.8493614, 5.70476);\n        var myOptions = {\n            zoom: 14,\n            center: myLatlng,\n            mapTypeId: google.maps.MapTypeId.ROADMAP,\n            disableDefaultUI: true,\n            mapTypeId: 'flatsome',\n            draggable: true,\n            zoomControl: false,\n            zoomControlOptions: {\n              position: google.maps.ControlPosition.TOP_LEFT\n            },\n      \t\t\tmapTypeControl: false,\n            mapTypeControlOptions: {\n              position: google.maps.ControlPosition.TOP_LEFT\n            },\n      \t\t\tstreetViewControl: false,\n            streetViewControlOptions: {\n              position: google.maps.ControlPosition.TOP_LEFT\n            },\n            scrollwheel: false,\n            disableDoubleClickZoom: true\n        }\n        var map = new google.maps.Map(document.getElementById(\"map-458730608-inner\"), myOptions);\n        var styledMapType = new google.maps.StyledMapType(styles['flatsome'], {name: 'flatsome'});\n        map.mapTypes.set('flatsome', styledMapType);\n\n        var marker = new google.maps.Marker({\n            position: myLatlng,\n            map: map,\n            title:\"\"\n        });\n    }\n\n    \/\/ Required to proceed\n    if (!(typeof google === 'object' && typeof google.maps === 'object')) {\n      return\n    }\n\n    initialize()\n    google.maps.event.addDomListener(window, 'resize', initialize);\n    });\n    <\/script>\n\n    <div class=\"google-map relative mb hide-for-small\" id=\"map-458730608\">\n        <div class=\"map-height\" id=\"map-458730608-inner\"><\/div>\n        <div id=\"map_overlay_top\"><\/div>\n        <div id=\"map_overlay_bottom\"><\/div>\n         \n       \n<style>\n#map-458730608 .map-inner {\n  background-color: #fff;\n  max-width: 100%;\n}\n#map-458730608 .map-height {\n  height: 620px;\n}\n@media (min-width:850px) {\n  #map-458730608 .map-inner {\n    max-width: 100%;\n  }\n}\n<\/style>\n    <\/div>\n\n\t\n\t<div class=\"img has-hover show-for-small x md-x lg-x y md-y lg-y\" id=\"image_2054334857\">\n\t\t\t\t\t\t\t\t<div class=\"img-inner image-cover dark\" style=\"padding-top:100%;\">\n\t\t\t<img decoding=\"async\" width=\"357\" height=\"618\" src=\"https:\/\/kaboomhotel.nl\/wp-content\/uploads\/2022\/12\/Kaboomhotel-mobile-map.jpg\" class=\"attachment-original size-original\" alt=\"\" srcset=\"https:\/\/kaboomhotel.nl\/wp-content\/uploads\/2022\/12\/Kaboomhotel-mobile-map.jpg 357w, https:\/\/kaboomhotel.nl\/wp-content\/uploads\/2022\/12\/Kaboomhotel-mobile-map-173x300.jpg 173w\" sizes=\"(max-width: 357px) 100vw, 357px\" \/>\t\t\t\t\t\t\n\t\t\t\t\t<\/div>\n\t\t\t\t\t\t\t\t\n<style>\n#image_2054334857 {\n  width: 100%;\n}\n@media (min-width:550px) {\n  #image_2054334857 {\n    width: 100%;\n  }\n}\n<\/style>\n\t<\/div>\n\t\n\n\n\t\t<\/div>\n\t\t\t\t\t<\/div>\n\n\t\n\n\t<div id=\"col-1189805068\" class=\"col medium-6 small-12 large-6\"  >\n\t\t\t\t<div class=\"col-inner\"  >\n\t\t\t\n\t\t\t\n\n<h2><span style=\"font-size: 130%;\"><strong>Hotel Maastricht Zentrum<\/strong><\/span><\/h2>\n<p>Im Kaboom Hotel, direkt gegen\u00fcber dem <a href=\"https:\/\/kaboomhotel.nl\/de\/standort\/bahnhof\/\">Maastrichter Hauptbahnhof<\/a>, dreht sich alles um eine erschwingliche \u00dcbernachtung, ohne dass Sie auf Komfort verzichten m\u00fcssen. Mit nicht weniger als 79 <a href=\"https:\/\/kaboomhotel.nl\/de\/schlafen\/\">Zimmern<\/a> finden Sie immer den perfekten Platz f\u00fcr Ihren Aufenthalt. Ganz gleich, ob Sie eine schnelle \u00dcbernachtung, ein preisg\u00fcnstiges Wochenende oder eine ausgedehnte <g id=\"gid_2\">St\u00e4dtereise nach Maastricht<\/g> suchen, Kaboom hat alles zu bieten. Und auch wenn Sie mit den Kindern unterwegs sind, ist unser Hotel der richtige Ort f\u00fcr Sie!   <\/p>\n<p>Suchen Sie etwas Besonderes? Entdecken Sie unsere <a href=\"https:\/\/kaboomhotel.nl\/de\/arrangements\/\">Hotelpakete<\/a>, wie z.B. unser einzigartiges Fahrradpaket oder ein kulinarisches Erlebnis. Oder wie w\u00e4re es mit einem <g id=\"gid_1\">romantischen Wochenendtrip<\/g>? Und wenn Sie schon morgen da sein wollen, sollten Sie sich unsere <a href=\"https:\/\/kaboomhotel.nl\/de\/angebote\/last-minute\/\">Last-Minute-Angebote<\/a> ansehen.   <\/p>\n<p>Wenn Sie einen besonderen und erschwinglichen Aufenthalt im pulsierenden <a href=\"https:\/\/kaboomhotel.nl\/de\/ubernachten\/gunstig\/\">Zentrum von Maastricht<\/a> suchen, sind Sie bei Kaboom an der richtigen Adresse. Kein Wunder, dass viele uns als das beste Hotel der Stadt bezeichnen! Warten Sie nicht l\u00e4nger, buchen Sie jetzt Ihr Zimmer und lassen Sie sich im Kaboom Hotel verw\u00f6hnen.  <\/p>\n<p><strong>Kaboom Hotel<\/strong><br>Stationsplein 1<br>6221 BT, Maastricht, Niederlande<\/p>\n\t<div id=\"gap-2145564449\" class=\"gap-element clearfix\" style=\"display:block; height:auto;\">\n\t\t\n<style>\n#gap-2145564449 {\n  padding-top: 30px;\n}\n<\/style>\n\t<\/div>\n\t\n\n<a href=\"https:\/\/g.page\/kaboomhotel?share\" class=\"button primary\">\n\t\t<span>Wegbeschreibung<\/span>\n\t<i class=\"icon-angle-right\" aria-hidden=\"true\" ><\/i><\/a>\n\n\n<a href=\"\/locatie\/hotel-parking\" class=\"button primary\"  >\n\t\t<span>Parken<\/span>\n\t<i class=\"icon-angle-right\" aria-hidden=\"true\" ><\/i><\/a>\n\n\n<a href=\"https:\/\/kaboomhotel.nl\/de\/reviews-kaboom-hotel-maastricht-de\/\" class=\"button primary\">\n\t\t<span>reviews<\/span>\n\t<i class=\"icon-star\" aria-hidden=\"true\" ><\/i><\/a>\n\n\n\t<div id=\"gap-911643382\" class=\"gap-element clearfix\" style=\"display:block; height:auto;\">\n\t\t\n<style>\n#gap-911643382 {\n  padding-top: 20px;\n}\n<\/style>\n\t<\/div>\n\t\n\n\n\t\t<\/div>\n\t\t\t\t\n<style>\n#col-1189805068 > .col-inner {\n  margin: -20px 0px 0px 0px;\n}\n<\/style>\n\t<\/div>\n\n\t\n\n<\/div>\n\n\t\t<\/div>\n\n\t\t\n<style>\n#section_146570331 {\n  padding-top: 30px;\n  padding-bottom: 30px;\n}\n<\/style>\n\t<\/section>\n\t\n","protected":false},"excerpt":{"rendered":"","protected":false},"author":13,"featured_media":2488,"parent":0,"menu_order":0,"comment_status":"closed","ping_status":"closed","template":"page-blank.php","meta":{"footnotes":""},"class_list":["post-2490","page","type-page","status-publish","has-post-thumbnail","hentry"],"_links":{"self":[{"href":"https:\/\/kaboomhotel.nl\/de\/wp-json\/wp\/v2\/pages\/2490","targetHints":{"allow":["GET"]}}],"collection":[{"href":"https:\/\/kaboomhotel.nl\/de\/wp-json\/wp\/v2\/pages"}],"about":[{"href":"https:\/\/kaboomhotel.nl\/de\/wp-json\/wp\/v2\/types\/page"}],"author":[{"embeddable":true,"href":"https:\/\/kaboomhotel.nl\/de\/wp-json\/wp\/v2\/users\/13"}],"replies":[{"embeddable":true,"href":"https:\/\/kaboomhotel.nl\/de\/wp-json\/wp\/v2\/comments?post=2490"}],"version-history":[{"count":0,"href":"https:\/\/kaboomhotel.nl\/de\/wp-json\/wp\/v2\/pages\/2490\/revisions"}],"wp:featuredmedia":[{"embeddable":true,"href":"https:\/\/kaboomhotel.nl\/de\/wp-json\/wp\/v2\/media\/2488"}],"wp:attachment":[{"href":"https:\/\/kaboomhotel.nl\/de\/wp-json\/wp\/v2\/media?parent=2490"}],"curies":[{"name":"wp","href":"https:\/\/api.w.org\/{rel}","templated":true}]}}